{"id":4394,"date":"2026-04-23T22:28:38","date_gmt":"2026-04-23T20:28:38","guid":{"rendered":"http:\/\/localhost\/borrador\/?post_type=product&#038;p=4394"},"modified":"2026-05-06T15:20:37","modified_gmt":"2026-05-06T20:20:37","slug":"cazadora-lite-delta-plus","status":"publish","type":"product","link":"https:\/\/valesafety.com.pe\/?product=cazadora-lite-delta-plus","title":{"rendered":"Cazadora Lite Delta Plus"},"content":{"rendered":"<h2>Cazadora Lite Delta Plus<\/h2>\n<ul>\n<li>Tipo de prenda: Cazadora impermeable<\/li>\n<li>Chaqueta de lluvia impermeable universal, ideal para condiciones meteorol\u00f3gicas adversas.<\/li>\n<li>Protecci\u00f3n contra la intemperie.<\/li>\n<li>100 % poli\u00e9ster tafet\u00e1n, Red 100 % poli\u00e9ster<\/li>\n<li>N\u00famero de bolsillos interiores (\u00fanicamente) :\u00a02<\/li>\n<li>N\u00famero de bolsillos exteriores (\u00fanicamente) : 3<\/li>\n<li>Capucha fija retr\u00e1ctil con cuello alto<\/li>\n<li>3 dise\u00f1os de colores: Gris &#8211; verde, negro y azul marino<\/li>\n<\/ul>\n<h3>Aplicaci\u00f3n:<\/h3>\n<ul>\n<li data-index=\"0\">Agricultura.<\/li>\n<li data-index=\"1\">Reformas \/ Profesional aut\u00f3nomo.<\/li>\n<li data-index=\"2\">Industria minera.<\/li>\n<li data-index=\"3\">Trabajo temporal.<\/li>\n<li data-index=\"4\">Industria forestal.<\/li>\n<\/ul>\n<p>Necesitas m\u00e1s productos encu\u00e9ntralos en nuestra <a href=\"https:\/\/valesafety.com.pe\/tienda\">tienda\u00a0<\/a><\/p>\n<p>Para m\u00e1s informaci\u00f3n sobre este y otros productos, no dudes en contactarnos por\u00a0<a href=\"http:\/\/wa.me\/51923151009\" target=\"_blank\" rel=\"noopener\">WhatsApp<\/a>.<\/p>\n","protected":false},"excerpt":{"rendered":"<p>La Cazadora Lite Delta Plus, cazadora ligera (Combinado con gamas MACH y PANOSTYLE). Con costuras selladas y cierre por cremallera antifr\u00edo. Tiene pu\u00f1os y bajo de la prenda el\u00e1sticos con 5 bolsillos. 3 bolsillos exteriores (1 bolsillo con cremallera y 2 bolsillos con solapa) 2 bolsillos interiores ( 1 bolsillo de parche &#8211; 1 bolsillo para tel\u00e9fono)<\/p>\n<div id=\"gtx-trans\" style=\"position: absolute; left: 212px; top: -10px;\">\n<div class=\"gtx-trans-icon\"><\/div>\n<\/div>\n","protected":false},"featured_media":4469,"comment_status":"closed","ping_status":"closed","template":"","meta":{"_acf_changed":false},"product_brand":[27],"product_cat":[106,67],"product_tag":[316],"class_list":{"0":"post-4394","1":"product","2":"type-product","3":"status-publish","4":"has-post-thumbnail","6":"product_brand-deltaplus","7":"product_cat-casacas","8":"product_cat-ropa-de-trabajo","9":"product_tag-lite","11":"first","12":"instock","13":"shipping-taxable","14":"purchasable","15":"product-type-simple"},"acf":[],"_links":{"self":[{"href":"https:\/\/valesafety.com.pe\/index.php?rest_route=\/wp\/v2\/product\/4394","targetHints":{"allow":["GET"]}}],"collection":[{"href":"https:\/\/valesafety.com.pe\/index.php?rest_route=\/wp\/v2\/product"}],"about":[{"href":"https:\/\/valesafety.com.pe\/index.php?rest_route=\/wp\/v2\/types\/product"}],"replies":[{"embeddable":true,"href":"https:\/\/valesafety.com.pe\/index.php?rest_route=%2Fwp%2Fv2%2Fcomments&post=4394"}],"wp:featuredmedia":[{"embeddable":true,"href":"https:\/\/valesafety.com.pe\/index.php?rest_route=\/wp\/v2\/media\/4469"}],"wp:attachment":[{"href":"https:\/\/valesafety.com.pe\/index.php?rest_route=%2Fwp%2Fv2%2Fmedia&parent=4394"}],"wp:term":[{"taxonomy":"product_brand","embeddable":true,"href":"https:\/\/valesafety.com.pe\/index.php?rest_route=%2Fwp%2Fv2%2Fproduct_brand&post=4394"},{"taxonomy":"product_cat","embeddable":true,"href":"https:\/\/valesafety.com.pe\/index.php?rest_route=%2Fwp%2Fv2%2Fproduct_cat&post=4394"},{"taxonomy":"product_tag","embeddable":true,"href":"https:\/\/valesafety.com.pe\/index.php?rest_route=%2Fwp%2Fv2%2Fproduct_tag&post=4394"}],"curies":[{"name":"wp","href":"https:\/\/api.w.org\/{rel}","templated":true}]}}