{"id":4382,"date":"2026-04-23T22:28:11","date_gmt":"2026-04-23T20:28:11","guid":{"rendered":"http:\/\/localhost\/borrador\/?post_type=product&#038;p=4382"},"modified":"2026-05-07T09:50:58","modified_gmt":"2026-05-07T14:50:58","slug":"overol-dt215-deltaplus","status":"publish","type":"product","link":"https:\/\/valesafety.com.pe\/?product=overol-dt215-deltaplus","title":{"rendered":"Overol DT215 Deltaplus"},"content":{"rendered":"<h2>Overol DT215 Deltaplus<\/h2>\n<ul>\n<li>Buzo con el\u00e1stico en la capucha.<\/li>\n<li>Categor\u00eda 5\/6. 100% SMS sin tejido.<\/li>\n<li>El cierre se realiza por cremallera bajo la solapa.<\/li>\n<li>El\u00e1stico que se ajusta en la cabeza, cintura, mu\u00f1ecas y tobillos.<\/li>\n<li>Acondicionamiento individual.<\/li>\n<li>Con capucha de tres paneles, acompa\u00f1a los movimientos de la cabeza para mayor comodidad<\/li>\n<li>Traje descartable para usarlo una vez.<\/li>\n<\/ul>\n<h3>Certificaciones<\/h3>\n<ul>\n<li>EN ISO 13688:2013 Exigencias generales para la ropa.<\/li>\n<li>EN ISO 13982-1:2004+A1:2010 Ropa de protecci\u00f3n para uso contra part\u00edculas s\u00f3lidas \u2013 Ropa de tipo 5.<\/li>\n<li>EN13034:2005+A1:2009 Requisitos para las prendas de protecci\u00f3n contra productos qu\u00edmicos que ofrecen un comportamiento limitado de protecci\u00f3n contra l\u00edquidos qu\u00edmicos (equipos del tipo 6).<\/li>\n<\/ul>\n<p>Necesitas m\u00e1s productos encu\u00e9ntralos en nuestra <a href=\"https:\/\/valesafety.com.pe\/tienda\">tienda\u00a0<\/a><\/p>\n<p>Para m\u00e1s informaci\u00f3n sobre este y otros productos, no dudes en contactarnos por\u00a0<a href=\"http:\/\/wa.me\/51923151009\" target=\"_blank\" rel=\"noopener\">WhatsApp<\/a>.<\/p>\n","protected":false},"excerpt":{"rendered":"<p class=\"\" data-start=\"449\" data-end=\"740\">El overol DT215 de Delta Plus de protecci\u00f3n polipropileno SMS es una prenda de seguridad dise\u00f1ada para brindar protecci\u00f3n contra agentes qu\u00edmicos l\u00edquidos y polvos t\u00f3xicos . Su tejido no tejido 100 % polipropileno SMS garantiza resistencia, transpirabilidad y comodidad durante su uso prolongado.<\/p>\n<p class=\"\" data-start=\"742\" data-end=\"1000\">Este buzo de seguridad cuenta con capucha el\u00e1stica y un cierre con cremallera bajo solapa , asegurando un ajuste seguro. Adem\u00e1s, incorpora el\u00e1sticos en la cintura, pu\u00f1os y tobillos , proporcionando mayor hermeticidad y libertad de movimiento .<\/p>\n","protected":false},"featured_media":4455,"comment_status":"closed","ping_status":"closed","template":"","meta":{"_acf_changed":false},"product_brand":[27],"product_cat":[110,66,67],"product_tag":[309,310],"class_list":{"0":"post-4382","1":"product","2":"type-product","3":"status-publish","4":"has-post-thumbnail","6":"product_brand-deltaplus","7":"product_cat-overol","8":"product_cat-ropa-de-seguridad","9":"product_cat-ropa-de-trabajo","10":"product_tag-dt215","11":"product_tag-overol-d215","13":"first","14":"instock","15":"shipping-taxable","16":"purchasable","17":"product-type-simple"},"acf":[],"_links":{"self":[{"href":"https:\/\/valesafety.com.pe\/index.php?rest_route=\/wp\/v2\/product\/4382","targetHints":{"allow":["GET"]}}],"collection":[{"href":"https:\/\/valesafety.com.pe\/index.php?rest_route=\/wp\/v2\/product"}],"about":[{"href":"https:\/\/valesafety.com.pe\/index.php?rest_route=\/wp\/v2\/types\/product"}],"replies":[{"embeddable":true,"href":"https:\/\/valesafety.com.pe\/index.php?rest_route=%2Fwp%2Fv2%2Fcomments&post=4382"}],"wp:featuredmedia":[{"embeddable":true,"href":"https:\/\/valesafety.com.pe\/index.php?rest_route=\/wp\/v2\/media\/4455"}],"wp:attachment":[{"href":"https:\/\/valesafety.com.pe\/index.php?rest_route=%2Fwp%2Fv2%2Fmedia&parent=4382"}],"wp:term":[{"taxonomy":"product_brand","embeddable":true,"href":"https:\/\/valesafety.com.pe\/index.php?rest_route=%2Fwp%2Fv2%2Fproduct_brand&post=4382"},{"taxonomy":"product_cat","embeddable":true,"href":"https:\/\/valesafety.com.pe\/index.php?rest_route=%2Fwp%2Fv2%2Fproduct_cat&post=4382"},{"taxonomy":"product_tag","embeddable":true,"href":"https:\/\/valesafety.com.pe\/index.php?rest_route=%2Fwp%2Fv2%2Fproduct_tag&post=4382"}],"curies":[{"name":"wp","href":"https:\/\/api.w.org\/{rel}","templated":true}]}}