{"id":4381,"date":"2026-04-23T22:28:11","date_gmt":"2026-04-23T20:28:11","guid":{"rendered":"http:\/\/localhost\/borrador\/?post_type=product&#038;p=4381"},"modified":"2026-05-06T17:15:13","modified_gmt":"2026-05-06T22:15:13","slug":"guantes-family-doctor","status":"publish","type":"product","link":"https:\/\/valesafety.com.pe\/?product=guantes-family-doctor","title":{"rendered":"Guantes Family Doctor"},"content":{"rendered":"<h2>Guantes Family Doctor<\/h2>\n<ul>\n<li>Los guantes de nitrilo son ideales para manipular alimentos, as\u00ed como para trabajos en \u00e1reas qu\u00edmicas o sanitarias.<\/li>\n<li>Ofrecen una excelente barrera de protecci\u00f3n contra bacterias, virus y sustancias que pueden ser da\u00f1inas para la piel.<\/li>\n<li>Adem\u00e1s, garantizan comodidad y permiten una gran precisi\u00f3n en los movimientos durante su uso.<\/li>\n<\/ul>\n<p>Necesitas m\u00e1s productos encu\u00e9ntralos en nuestra <a href=\"https:\/\/valesafety.com.pe\/tienda\">tienda\u00a0<\/a><\/p>\n<p>Para m\u00e1s informaci\u00f3n sobre este y otros productos, no dudes en contactarnos por\u00a0<a href=\"http:\/\/wa.me\/51923151009\" target=\"_blank\" rel=\"noopener\">WhatsApp<\/a>.<\/p>\n","protected":false},"excerpt":{"rendered":"<p>Guantes Family Doctor son aptos para cualquier tipo de manipulaci\u00f3n de alimentos, trabajos qu\u00edmicos o sanitarios.<br \/>\nSon perfectos para mantener las manos a salvo de bacterias, virus o sustancias contaminantes y nocivas para la piel al mismo tiempo que proporcionan alta comodidad y precisi\u00f3n.<\/p>\n","protected":false},"featured_media":4454,"comment_status":"closed","ping_status":"closed","template":"","meta":{"_acf_changed":false},"product_brand":[640],"product_cat":[97,59],"product_tag":[308],"class_list":{"0":"post-4381","1":"product","2":"type-product","3":"status-publish","4":"has-post-thumbnail","6":"product_brand-family-doctor","7":"product_cat-guante-quirurgico","8":"product_cat-proteccion-de-las-manos","9":"product_tag-guante-nitrilo-doctor-family","11":"first","12":"instock","13":"shipping-taxable","14":"purchasable","15":"product-type-simple"},"acf":[],"_links":{"self":[{"href":"https:\/\/valesafety.com.pe\/index.php?rest_route=\/wp\/v2\/product\/4381","targetHints":{"allow":["GET"]}}],"collection":[{"href":"https:\/\/valesafety.com.pe\/index.php?rest_route=\/wp\/v2\/product"}],"about":[{"href":"https:\/\/valesafety.com.pe\/index.php?rest_route=\/wp\/v2\/types\/product"}],"replies":[{"embeddable":true,"href":"https:\/\/valesafety.com.pe\/index.php?rest_route=%2Fwp%2Fv2%2Fcomments&post=4381"}],"wp:featuredmedia":[{"embeddable":true,"href":"https:\/\/valesafety.com.pe\/index.php?rest_route=\/wp\/v2\/media\/4454"}],"wp:attachment":[{"href":"https:\/\/valesafety.com.pe\/index.php?rest_route=%2Fwp%2Fv2%2Fmedia&parent=4381"}],"wp:term":[{"taxonomy":"product_brand","embeddable":true,"href":"https:\/\/valesafety.com.pe\/index.php?rest_route=%2Fwp%2Fv2%2Fproduct_brand&post=4381"},{"taxonomy":"product_cat","embeddable":true,"href":"https:\/\/valesafety.com.pe\/index.php?rest_route=%2Fwp%2Fv2%2Fproduct_cat&post=4381"},{"taxonomy":"product_tag","embeddable":true,"href":"https:\/\/valesafety.com.pe\/index.php?rest_route=%2Fwp%2Fv2%2Fproduct_tag&post=4381"}],"curies":[{"name":"wp","href":"https:\/\/api.w.org\/{rel}","templated":true}]}}