{"id":4380,"date":"2026-04-23T22:28:10","date_gmt":"2026-04-23T20:28:10","guid":{"rendered":"http:\/\/localhost\/borrador\/?post_type=product&#038;p=4380"},"modified":"2026-05-06T16:18:35","modified_gmt":"2026-05-06T21:18:35","slug":"guante-badana-steelpro","status":"publish","type":"product","link":"https:\/\/valesafety.com.pe\/?product=guante-badana-steelpro","title":{"rendered":"Guante Badana Steelpro"},"content":{"rendered":"<h2>Guante Badana Steelpro<\/h2>\n<ul>\n<li data-start=\"1168\" data-end=\"1239\"><strong data-start=\"1168\" data-end=\"1181\">Material:<\/strong> Cuero bovino de alta calidad en color amarillo y blanco.<\/li>\n<li data-start=\"1242\" data-end=\"1268\"><strong data-start=\"1242\" data-end=\"1253\">Grosor:<\/strong> 0,9 &#8211; 1,1 mm<\/li>\n<li data-start=\"1271\" data-end=\"1330\"><strong data-start=\"1271\" data-end=\"1310\">Pu\u00f1o corto con el\u00e1stico en el dorso<\/strong> para mejor ajuste<\/li>\n<li data-start=\"1333\" data-end=\"1379\"><strong data-start=\"1333\" data-end=\"1353\">Dorso elastizado<\/strong> para mayor flexibilidad.<\/li>\n<li data-start=\"1382\" data-end=\"1443\"><strong data-start=\"1382\" data-end=\"1414\">Costuras internas reforzadas<\/strong> que mejoran la resistencia<\/li>\n<li data-start=\"1446\" data-end=\"1509\"><strong data-start=\"1446\" data-end=\"1480\">Alta maniobrabilidad y comodidad<\/strong> para trabajos de precisi\u00f3n.<\/li>\n<li data-start=\"1512\" data-end=\"1568\"><strong data-start=\"1512\" data-end=\"1566\">Ideal para trabajos de mantenimiento y maquinistas.<\/strong><\/li>\n<li data-start=\"1571\" data-end=\"1659\"><strong data-start=\"1571\" data-end=\"1592\">Modelo supervisor<\/strong> , dise\u00f1ado para un nivel de <strong data-start=\"1620\" data-end=\"1657\">riesgo medio en abrasi\u00f3n y cortes<\/strong><\/li>\n<\/ul>\n<h3>Aplicaci\u00f3n:<\/h3>\n<ul>\n<li data-start=\"1694\" data-end=\"1734\">Trabajos de mantenimiento y reparaci\u00f3n<\/li>\n<li data-start=\"1737\" data-end=\"1775\">Industria automotriz y metalmec\u00e1nica.<\/li>\n<li data-start=\"1778\" data-end=\"1810\">Tareas de manipulaci\u00f3n general<\/li>\n<li data-start=\"1813\" data-end=\"1865\">Protecci\u00f3n contra riesgos mec\u00e1nicos medios y bajos<\/li>\n<\/ul>\n<p>Necesitas m\u00e1s productos encu\u00e9ntralos en nuestra <a href=\"https:\/\/valesafety.com.pe\/tienda\">tienda\u00a0<\/a><\/p>\n<p>Para m\u00e1s informaci\u00f3n sobre este y otros productos, no dudes en contactarnos por\u00a0<a href=\"http:\/\/wa.me\/51923151009\" target=\"_blank\" rel=\"noopener\">WhatsApp<\/a>.<\/p>\n","protected":false},"excerpt":{"rendered":"<p class=\"\" data-start=\"404\" data-end=\"725\">El guante badana Steelpro de cuero badana es una opci\u00f3n ideal para trabajadores que requieren comodidad, maniobrabilidad y protecci\u00f3n en tareas de maquinistas y mantenimiento general. Fabricado en cuero bovino de alta calidad en color amarillo y blanco, esta garant\u00eda garantiza durabilidad y resistencia en el uso diario.<\/p>\n<p class=\"\" data-start=\"727\" data-end=\"971\">Su dise\u00f1o incorpora un pu\u00f1o corto con el\u00e1stico en el dorso , lo que proporciona un ajuste seguro y mayor flexibilidad en la manipulaci\u00f3n. Adem\u00e1s, cuenta con costuras internas estrictas , asegurando una mayor vida \u00fatil del producto.<\/p>\n<p class=\"\" data-start=\"973\" data-end=\"1126\">Este modelo es recomendado para aplicaciones de riesgos mec\u00e1nicos medios y bajos , ofreciendo un equilibrio perfecto entre protecci\u00f3n y comodidad .<\/p>\n","protected":false},"featured_media":4453,"comment_status":"closed","ping_status":"closed","template":"","meta":{"_acf_changed":false},"product_brand":[622],"product_cat":[93,59],"product_tag":[307],"class_list":{"0":"post-4380","1":"product","2":"type-product","3":"status-publish","4":"has-post-thumbnail","6":"product_brand-steelpro","7":"product_cat-guante-badana","8":"product_cat-proteccion-de-las-manos","9":"product_tag-badana-steelpro","11":"first","12":"instock","13":"shipping-taxable","14":"purchasable","15":"product-type-simple"},"acf":[],"_links":{"self":[{"href":"https:\/\/valesafety.com.pe\/index.php?rest_route=\/wp\/v2\/product\/4380","targetHints":{"allow":["GET"]}}],"collection":[{"href":"https:\/\/valesafety.com.pe\/index.php?rest_route=\/wp\/v2\/product"}],"about":[{"href":"https:\/\/valesafety.com.pe\/index.php?rest_route=\/wp\/v2\/types\/product"}],"replies":[{"embeddable":true,"href":"https:\/\/valesafety.com.pe\/index.php?rest_route=%2Fwp%2Fv2%2Fcomments&post=4380"}],"wp:featuredmedia":[{"embeddable":true,"href":"https:\/\/valesafety.com.pe\/index.php?rest_route=\/wp\/v2\/media\/4453"}],"wp:attachment":[{"href":"https:\/\/valesafety.com.pe\/index.php?rest_route=%2Fwp%2Fv2%2Fmedia&parent=4380"}],"wp:term":[{"taxonomy":"product_brand","embeddable":true,"href":"https:\/\/valesafety.com.pe\/index.php?rest_route=%2Fwp%2Fv2%2Fproduct_brand&post=4380"},{"taxonomy":"product_cat","embeddable":true,"href":"https:\/\/valesafety.com.pe\/index.php?rest_route=%2Fwp%2Fv2%2Fproduct_cat&post=4380"},{"taxonomy":"product_tag","embeddable":true,"href":"https:\/\/valesafety.com.pe\/index.php?rest_route=%2Fwp%2Fv2%2Fproduct_tag&post=4380"}],"curies":[{"name":"wp","href":"https:\/\/api.w.org\/{rel}","templated":true}]}}