{"id":4378,"date":"2026-04-23T22:28:10","date_gmt":"2026-04-23T20:28:10","guid":{"rendered":"http:\/\/localhost\/borrador\/?post_type=product&#038;p=4378"},"modified":"2026-05-06T15:23:20","modified_gmt":"2026-05-06T20:23:20","slug":"chaleco-fidji-deltaplus","status":"publish","type":"product","link":"https:\/\/valesafety.com.pe\/?product=chaleco-fidji-deltaplus","title":{"rendered":"Chaleco Fidji Deltaplus"},"content":{"rendered":"<h2 style=\"text-align: left;\">Chaleco Fidji Deltaplus<\/h2>\n<ul>\n<li data-start=\"1016\" data-end=\"1072\">Dise\u00f1o acolchado que proporciona calidez y confort.<\/li>\n<li data-start=\"1075\" data-end=\"1140\">Cuello forrado en lana polar para mejor aislamiento t\u00e9rmico.<\/li>\n<li data-start=\"1143\" data-end=\"1241\">Tejido exterior de poli\u00e9ster Pongee con cobertura de PVC , resistente al agua y al viento.<\/li>\n<li data-start=\"1244\" data-end=\"1310\">Forro interior de lana polar poli\u00e9ster acolchado con algod\u00f3n<\/li>\n<li data-start=\"1313\" data-end=\"1370\">Tres bolsillos pr\u00e1cticos para almacenamiento seguro.<\/li>\n<li data-start=\"1373\" data-end=\"1452\">Cumple con la norma EN ISO 13688:2013 , garantizando calidad y durabilidad.<\/li>\n<li data-start=\"1455\" data-end=\"1489\">Color disponible: Negro-Rojo<\/li>\n<li data-start=\"1492\" data-end=\"1515\">Marca: Delta Plus<\/li>\n<\/ul>\n<p>Necesitas m\u00e1s productos encu\u00e9ntralos en nuestra <a href=\"https:\/\/valesafety.com.pe\/tienda\">tienda\u00a0<\/a><\/p>\n<p>Para m\u00e1s informaci\u00f3n sobre este y otros productos, no dudes en contactarnos por\u00a0<a href=\"http:\/\/wa.me\/51923151009\" target=\"_blank\" rel=\"noopener\">WhatsApp<\/a>.<\/p>\n","protected":false},"excerpt":{"rendered":"<p class=\"\" data-start=\"357\" data-end=\"590\">El chaleco Fidji de Delta Plus<span class=\"_fadeIn_4f9by_7\"> est\u00e1 <\/span><span class=\"_fadeIn_4f9by_7\">dise\u00f1ado <\/span><span class=\"_fadeIn_4f9by_7\">para <\/span><span class=\"_fadeIn_4f9by_7\">brindar <\/span><span class=\"_fadeIn_4f9by_7\">comodidad <\/span><span class=\"_fadeIn_4f9by_7\">y <\/span><span class=\"_fadeIn_4f9by_7\">protecci\u00f3n <\/span><span class=\"_fadeIn_4f9by_7\">en <\/span><span class=\"_fadeIn_4f9by_7\">entornos <\/span><span class=\"_fadeIn_4f9by_7\">laborales<\/span>Est\u00e1 dise\u00f1ado para brindar comodidad y protecci\u00f3n en entornos laborales exigentes. Su cuello forrado en lana polar proporciona un aislamiento t\u00e9rmico \u00f3ptimo, ideal para climas fr\u00edos.<\/p>\n<p class=\"\" data-start=\"592\" data-end=\"861\">Fabricado en poli\u00e9ster Pongee con cobertura de PVC , este chaleco es resistente al agua y al viento, asegurando una mayor durabilidad y protecci\u00f3n. Su forro de lana polar de poli\u00e9ster acolchado con algod\u00f3n.<span class=\"_fadeIn_4f9by_7\"> ofrece <\/span><span class=\"_fadeIn_4f9by_7\">mayor <\/span><span class=\"_fadeIn_4f9by_7\">calidez <\/span><span class=\"_fadeIn_4f9by_7\">sin <\/span><span class=\"_fadeIn_4f9by_7\">comprometer <\/span><span class=\"_fadeIn_4f9by_7\">la <\/span><span class=\"_fadeIn_4f9by_7\">movilidad<\/span>Ofrece mayor calidez sin comprometer la movilidad.<\/p>\n<p>con cremallera.<\/p>\n","protected":false},"featured_media":4441,"comment_status":"closed","ping_status":"closed","template":"","meta":{"_acf_changed":false},"product_brand":[27],"product_cat":[107,55,67],"product_tag":[304],"class_list":{"0":"post-4378","1":"product","2":"type-product","3":"status-publish","4":"has-post-thumbnail","6":"product_brand-deltaplus","7":"product_cat-chalecos","8":"product_cat-ofertas","9":"product_cat-ropa-de-trabajo","10":"product_tag-fidji","12":"first","13":"instock","14":"shipping-taxable","15":"purchasable","16":"product-type-simple"},"acf":[],"_links":{"self":[{"href":"https:\/\/valesafety.com.pe\/index.php?rest_route=\/wp\/v2\/product\/4378","targetHints":{"allow":["GET"]}}],"collection":[{"href":"https:\/\/valesafety.com.pe\/index.php?rest_route=\/wp\/v2\/product"}],"about":[{"href":"https:\/\/valesafety.com.pe\/index.php?rest_route=\/wp\/v2\/types\/product"}],"replies":[{"embeddable":true,"href":"https:\/\/valesafety.com.pe\/index.php?rest_route=%2Fwp%2Fv2%2Fcomments&post=4378"}],"wp:featuredmedia":[{"embeddable":true,"href":"https:\/\/valesafety.com.pe\/index.php?rest_route=\/wp\/v2\/media\/4441"}],"wp:attachment":[{"href":"https:\/\/valesafety.com.pe\/index.php?rest_route=%2Fwp%2Fv2%2Fmedia&parent=4378"}],"wp:term":[{"taxonomy":"product_brand","embeddable":true,"href":"https:\/\/valesafety.com.pe\/index.php?rest_route=%2Fwp%2Fv2%2Fproduct_brand&post=4378"},{"taxonomy":"product_cat","embeddable":true,"href":"https:\/\/valesafety.com.pe\/index.php?rest_route=%2Fwp%2Fv2%2Fproduct_cat&post=4378"},{"taxonomy":"product_tag","embeddable":true,"href":"https:\/\/valesafety.com.pe\/index.php?rest_route=%2Fwp%2Fv2%2Fproduct_tag&post=4378"}],"curies":[{"name":"wp","href":"https:\/\/api.w.org\/{rel}","templated":true}]}}