{"id":4377,"date":"2026-04-23T22:28:10","date_gmt":"2026-04-23T20:28:10","guid":{"rendered":"http:\/\/localhost\/borrador\/?post_type=product&#038;p=4377"},"modified":"2026-05-06T15:01:18","modified_gmt":"2026-05-06T20:01:18","slug":"casaca-reno-2-delta-plus","status":"publish","type":"product","link":"https:\/\/valesafety.com.pe\/?product=casaca-reno-2-delta-plus","title":{"rendered":"Casaca Reno 2 Delta Plus"},"content":{"rendered":"<h2>Casaca reno 2 Delta Plus<\/h2>\n<ul>\n<li data-start=\"1204\" data-end=\"1278\">Dise\u00f1o 2 en 1 con mangas desmontables que permite convertirla en chaleco<\/li>\n<li data-start=\"1281\" data-end=\"1364\">Tejido Oxford con poliuretano para mayor resistencia y protecci\u00f3n contra el clima<\/li>\n<li data-start=\"1367\" data-end=\"1436\">Forro polar en el cuerpo y el cuello para mejor aislamiento t\u00e9rmico<\/li>\n<li data-start=\"1439\" data-end=\"1531\">Forro de tafet\u00e1n de poli\u00e9ster en las mangas con guata para mayor protecci\u00f3n contra el fr\u00edo<\/li>\n<li data-start=\"1534\" data-end=\"1595\">Cierre por cremallera antifr\u00edo que evita la entrada de aire<\/li>\n<li data-start=\"1598\" data-end=\"1672\">Pu\u00f1os y parte inferior en tejido de punto para un ajuste c\u00f3modo y seguro<\/li>\n<li data-start=\"1675\" data-end=\"1778\">Cinco bolsillos estrat\u00e9gicos, incluyendo un bolsillo interior con cremallera y un porta-tarjetas fijo<\/li>\n<li data-start=\"1781\" data-end=\"1859\">Cumple con la norma EN ISO 13688:2013 sobre calidad en prendas de protecci\u00f3n<\/li>\n<li data-start=\"1862\" data-end=\"1905\">Disponible en colores azul marino y negro<\/li>\n<\/ul>\n<p>Necesitas m\u00e1s productos encu\u00e9ntralos en nuestra <a href=\"https:\/\/valesafety.com.pe\/tienda\">tienda\u00a0<\/a><\/p>\n<p>Para m\u00e1s informaci\u00f3n sobre este y otros productos, no dudes en contactarnos por\u00a0<a href=\"http:\/\/wa.me\/51923151009\" target=\"_blank\" rel=\"noopener\">WhatsApp<\/a>.<\/p>\n","protected":false},"excerpt":{"rendered":"<p class=\"\" data-start=\"379\" data-end=\"627\">La casaca Reno 2 de Delta Plus en 1 es una chaqueta de aviador dise\u00f1ada para brindar comodidad, protecci\u00f3n y versatilidad. Su dise\u00f1o permite retirar las mangas para convertirla en un chaleco, adapt\u00e1ndose a distintas condiciones clim\u00e1ticas y necesidades laborales.<\/p>\n<p class=\"\" data-start=\"629\" data-end=\"857\">Fabricada en poli\u00e9ster Oxford impregnado de poliuretano, ofrece durabilidad y resistencia contra el viento y el fr\u00edo. Su cuello forrado en polar proporciona mayor calidez y confort, ideal para jornadas laborales en exteriores.<\/p>\n","protected":false},"featured_media":4440,"comment_status":"closed","ping_status":"closed","template":"","meta":{"_acf_changed":false},"product_brand":[27],"product_cat":[107,67],"product_tag":[302,231,303],"class_list":{"0":"post-4377","1":"product","2":"type-product","3":"status-publish","4":"has-post-thumbnail","6":"product_brand-deltaplus","7":"product_cat-chalecos","8":"product_cat-ropa-de-trabajo","9":"product_tag-casaca-reno","10":"product_tag-deltaplus","11":"product_tag-reno","13":"first","14":"instock","15":"shipping-taxable","16":"purchasable","17":"product-type-simple"},"acf":[],"_links":{"self":[{"href":"https:\/\/valesafety.com.pe\/index.php?rest_route=\/wp\/v2\/product\/4377","targetHints":{"allow":["GET"]}}],"collection":[{"href":"https:\/\/valesafety.com.pe\/index.php?rest_route=\/wp\/v2\/product"}],"about":[{"href":"https:\/\/valesafety.com.pe\/index.php?rest_route=\/wp\/v2\/types\/product"}],"replies":[{"embeddable":true,"href":"https:\/\/valesafety.com.pe\/index.php?rest_route=%2Fwp%2Fv2%2Fcomments&post=4377"}],"wp:featuredmedia":[{"embeddable":true,"href":"https:\/\/valesafety.com.pe\/index.php?rest_route=\/wp\/v2\/media\/4440"}],"wp:attachment":[{"href":"https:\/\/valesafety.com.pe\/index.php?rest_route=%2Fwp%2Fv2%2Fmedia&parent=4377"}],"wp:term":[{"taxonomy":"product_brand","embeddable":true,"href":"https:\/\/valesafety.com.pe\/index.php?rest_route=%2Fwp%2Fv2%2Fproduct_brand&post=4377"},{"taxonomy":"product_cat","embeddable":true,"href":"https:\/\/valesafety.com.pe\/index.php?rest_route=%2Fwp%2Fv2%2Fproduct_cat&post=4377"},{"taxonomy":"product_tag","embeddable":true,"href":"https:\/\/valesafety.com.pe\/index.php?rest_route=%2Fwp%2Fv2%2Fproduct_tag&post=4377"}],"curies":[{"name":"wp","href":"https:\/\/api.w.org\/{rel}","templated":true}]}}