{"id":4376,"date":"2026-04-23T22:28:10","date_gmt":"2026-04-23T20:28:10","guid":{"rendered":"http:\/\/localhost\/borrador\/?post_type=product&#038;p=4376"},"modified":"2026-05-06T12:49:30","modified_gmt":"2026-05-06T17:49:30","slug":"botin-bulldozer-spro","status":"publish","type":"product","link":"https:\/\/valesafety.com.pe\/?product=botin-bulldozer-spro","title":{"rendered":"Botin bulldozer Spro"},"content":{"rendered":"<h2>Bot\u00edn bulldozer Spro<\/h2>\n<ul>\n<li>Color negro con hilo amarillo.<\/li>\n<li>Material: Carnaza de cuero.<\/li>\n<li>Resistente al desgarro.<\/li>\n<li>Resistente a la tracci\u00f3n y elongaci\u00f3n.<\/li>\n<li>Resistente al despegue.<\/li>\n<li>Puntera de acero.<\/li>\n<li>Plantilla de acero.<\/li>\n<li>Elaborada de tejido Mesh texturizado con suplemento en espuma calibre 4mm, la cual proporciona comodidad al bot\u00edn.<\/li>\n<li>Tallas 35 &#8211; 46<\/li>\n<\/ul>\n<p>Necesitas m\u00e1s productos encu\u00e9ntralos en nuestra <a href=\"https:\/\/valesafety.com.pe\/tienda\">tienda\u00a0<\/a><\/p>\n<p>Para m\u00e1s informaci\u00f3n sobre este y otros productos, no dudes en contactarnos por\u00a0<a href=\"http:\/\/wa.me\/51923151009\" target=\"_blank\" rel=\"noopener\">WhatsApp<\/a>.<\/p>\n","protected":false},"excerpt":{"rendered":"<p>Bot\u00edn Bulldozer Spro de cuero gamuzado, con forro de tela cambrel, acolchado ergon\u00f3mico de espuma y bionapa sint\u00e9tica. Su suela es de poliuretano de una sola densidad, e incluye una plantilla removible de microporoso para mayor confort. Cuenta con puntera y plantilla de acero para una mayor protecci\u00f3n, adem\u00e1s de ganchos met\u00e1licos D-Rings negros con pasadores de poli\u00e9ster para un ajuste seguro al pie.<\/p>\n","protected":false},"featured_media":4439,"comment_status":"closed","ping_status":"closed","template":"","meta":{"_acf_changed":false},"product_brand":[631],"product_cat":[68,116],"product_tag":[301,242],"class_list":{"0":"post-4376","1":"product","2":"type-product","3":"status-publish","4":"has-post-thumbnail","6":"product_brand-spro","7":"product_cat-zapatos-de-seguridad","8":"product_cat-zapatos-de-trabajo","9":"product_tag-botin","10":"product_tag-spro","12":"first","13":"instock","14":"shipping-taxable","15":"purchasable","16":"product-type-simple"},"acf":[],"_links":{"self":[{"href":"https:\/\/valesafety.com.pe\/index.php?rest_route=\/wp\/v2\/product\/4376","targetHints":{"allow":["GET"]}}],"collection":[{"href":"https:\/\/valesafety.com.pe\/index.php?rest_route=\/wp\/v2\/product"}],"about":[{"href":"https:\/\/valesafety.com.pe\/index.php?rest_route=\/wp\/v2\/types\/product"}],"replies":[{"embeddable":true,"href":"https:\/\/valesafety.com.pe\/index.php?rest_route=%2Fwp%2Fv2%2Fcomments&post=4376"}],"wp:featuredmedia":[{"embeddable":true,"href":"https:\/\/valesafety.com.pe\/index.php?rest_route=\/wp\/v2\/media\/4439"}],"wp:attachment":[{"href":"https:\/\/valesafety.com.pe\/index.php?rest_route=%2Fwp%2Fv2%2Fmedia&parent=4376"}],"wp:term":[{"taxonomy":"product_brand","embeddable":true,"href":"https:\/\/valesafety.com.pe\/index.php?rest_route=%2Fwp%2Fv2%2Fproduct_brand&post=4376"},{"taxonomy":"product_cat","embeddable":true,"href":"https:\/\/valesafety.com.pe\/index.php?rest_route=%2Fwp%2Fv2%2Fproduct_cat&post=4376"},{"taxonomy":"product_tag","embeddable":true,"href":"https:\/\/valesafety.com.pe\/index.php?rest_route=%2Fwp%2Fv2%2Fproduct_tag&post=4376"}],"curies":[{"name":"wp","href":"https:\/\/api.w.org\/{rel}","templated":true}]}}