{"id":4366,"date":"2026-04-23T22:27:42","date_gmt":"2026-04-23T20:27:42","guid":{"rendered":"http:\/\/localhost\/borrador\/?post_type=product&#038;p=4366"},"modified":"2026-05-06T14:58:52","modified_gmt":"2026-05-06T19:58:52","slug":"casaca-randers-2-gn-delta-plus","status":"publish","type":"product","link":"https:\/\/valesafety.com.pe\/?product=casaca-randers-2-gn-delta-plus","title":{"rendered":"Casaca Randers 2 GN Delta Plus"},"content":{"rendered":"<h2>Casaca Randers 2<\/h2>\n<ul>\n<li><strong data-start=\"1149\" data-end=\"1166\">Dise\u00f1o 2 en 1<\/strong> \u2013 Convierte la cazadora en chaleco al desmontar las mangas.<\/li>\n<li><strong data-start=\"1231\" data-end=\"1264\">Capucha acolchada desmontable<\/strong> \u2013 Protecci\u00f3n adaptable a distintas condiciones clim\u00e1ticas.<\/li>\n<li><strong data-start=\"1328\" data-end=\"1363\">Pu\u00f1os y bajo de tejido de punto<\/strong> \u2013 Mayor ajuste y comodidad.<\/li>\n<li><strong data-start=\"1396\" data-end=\"1453\">Cierre por cremallera antifr\u00edo con solapa y corchetes<\/strong> \u2013 Protecci\u00f3n contra el viento y el fr\u00edo.<\/li>\n<li><strong data-start=\"1499\" data-end=\"1526\">5 bolsillos funcionales<\/strong> \u2013 Incluye 2 bolsillos interiores, uno con cremallera y otro con solapa velcro para el tel\u00e9fono.<\/li>\n<li><strong data-start=\"1627\" data-end=\"1660\">Material resistente y t\u00e9rmico<\/strong> \u2013 Poliamida con impregnaci\u00f3n de poliuretano y guata de poli\u00e9ster.<\/li>\n<li><strong data-start=\"1731\" data-end=\"1772\">Cumple con la norma EN ISO 13688:2013<\/strong> \u2013 Garant\u00eda de calidad en prendas de protecci\u00f3n.<\/li>\n<\/ul>\n<p>Necesitas m\u00e1s productos encu\u00e9ntralos en nuestra <a href=\"https:\/\/valesafety.com.pe\/tienda\">tienda\u00a0<\/a><\/p>\n<p>Para m\u00e1s informaci\u00f3n sobre este y otros productos, no dudes en contactarnos por\u00a0<a href=\"http:\/\/wa.me\/51923151009\" target=\"_blank\" rel=\"noopener\">WhatsApp<\/a>.<\/p>\n","protected":false},"excerpt":{"rendered":"<p class=\"\" data-start=\"396\" data-end=\"664\">La casaca Randers 2 es una prenda dise\u00f1ada para ofrecer protecci\u00f3n t\u00e9rmica y versatilidad en cualquier entorno. Gracias a sus mangas desmontables , se adapta f\u00e1cilmente a diferentes temperaturas, convirti\u00e9ndose en un chaleco para mayor comodidad.<\/p>\n<p class=\"\" data-start=\"666\" data-end=\"874\">Cuenta con cierre por cremallera anti fr\u00edo\u00a0protegido por una solapa con corchetes, asegurando m\u00e1xima retenci\u00f3n del calor. Su capucha acolchada y desmontable permite mayor flexibilidad seg\u00fan el clima.<\/p>\n","protected":false},"featured_media":4438,"comment_status":"closed","ping_status":"closed","template":"","meta":{"_acf_changed":false},"product_brand":[27],"product_cat":[106,67],"product_tag":[299,188,300],"class_list":{"0":"post-4366","1":"product","2":"type-product","3":"status-publish","4":"has-post-thumbnail","6":"product_brand-deltaplus","7":"product_cat-casacas","8":"product_cat-ropa-de-trabajo","9":"product_tag-casacas-delta-plus","10":"product_tag-distribuidor-delta-plus","11":"product_tag-rander","13":"first","14":"instock","15":"shipping-taxable","16":"purchasable","17":"product-type-simple"},"acf":[],"_links":{"self":[{"href":"https:\/\/valesafety.com.pe\/index.php?rest_route=\/wp\/v2\/product\/4366","targetHints":{"allow":["GET"]}}],"collection":[{"href":"https:\/\/valesafety.com.pe\/index.php?rest_route=\/wp\/v2\/product"}],"about":[{"href":"https:\/\/valesafety.com.pe\/index.php?rest_route=\/wp\/v2\/types\/product"}],"replies":[{"embeddable":true,"href":"https:\/\/valesafety.com.pe\/index.php?rest_route=%2Fwp%2Fv2%2Fcomments&post=4366"}],"wp:featuredmedia":[{"embeddable":true,"href":"https:\/\/valesafety.com.pe\/index.php?rest_route=\/wp\/v2\/media\/4438"}],"wp:attachment":[{"href":"https:\/\/valesafety.com.pe\/index.php?rest_route=%2Fwp%2Fv2%2Fmedia&parent=4366"}],"wp:term":[{"taxonomy":"product_brand","embeddable":true,"href":"https:\/\/valesafety.com.pe\/index.php?rest_route=%2Fwp%2Fv2%2Fproduct_brand&post=4366"},{"taxonomy":"product_cat","embeddable":true,"href":"https:\/\/valesafety.com.pe\/index.php?rest_route=%2Fwp%2Fv2%2Fproduct_cat&post=4366"},{"taxonomy":"product_tag","embeddable":true,"href":"https:\/\/valesafety.com.pe\/index.php?rest_route=%2Fwp%2Fv2%2Fproduct_tag&post=4366"}],"curies":[{"name":"wp","href":"https:\/\/api.w.org\/{rel}","templated":true}]}}