{"id":4365,"date":"2026-04-23T22:27:41","date_gmt":"2026-04-23T20:27:41","guid":{"rendered":"http:\/\/localhost\/borrador\/?post_type=product&#038;p=4365"},"modified":"2026-05-06T14:58:52","modified_gmt":"2026-05-06T19:58:52","slug":"casaca-isola-2","status":"publish","type":"product","link":"https:\/\/valesafety.com.pe\/?product=casaca-isola-2","title":{"rendered":"Casaca Isola 2"},"content":{"rendered":"<h2>Casaca Isola 2<\/h2>\n<ul>\n<li data-start=\"982\" data-end=\"1054\"><strong data-start=\"982\" data-end=\"999\">Dise\u00f1o 5 en 1<\/strong> \u2013 Se adapta a diferentes temperaturas y condiciones.<\/li>\n<li data-start=\"1057\" data-end=\"1141\"><strong data-start=\"1057\" data-end=\"1078\">Forro desmontable<\/strong> \u2013 Con acolchado y cuello de pana para mayor confort t\u00e9rmico.<\/li>\n<li data-start=\"1144\" data-end=\"1206\"><strong data-start=\"1144\" data-end=\"1170\">Costuras termoselladas<\/strong> \u2013 Aseguran impermeabilidad total.<\/li>\n<li data-start=\"1209\" data-end=\"1284\"><strong data-start=\"1209\" data-end=\"1246\">Cierre con cremallera y corchetes<\/strong> \u2013 M\u00e1xima protecci\u00f3n contra el fr\u00edo.<\/li>\n<li data-start=\"1287\" data-end=\"1357\"><strong data-start=\"1287\" data-end=\"1310\">M\u00faltiples bolsillos<\/strong> : 5 en la parka y 3 en el forro desmontable.<\/li>\n<li data-start=\"1360\" data-end=\"1442\"><strong data-start=\"1360\" data-end=\"1387\">Normativas de seguridad<\/strong> \u2013 Cumple con <strong data-start=\"1401\" data-end=\"1422\">EN ISO 13688:2013<\/strong> y <strong data-start=\"1425\" data-end=\"1439\">EN343:2019<\/strong> .<\/li>\n<\/ul>\n<p>Necesitas m\u00e1s productos encu\u00e9ntralos en nuestra <a href=\"https:\/\/valesafety.com.pe\/tienda\">tienda\u00a0<\/a><\/p>\n<p>Para m\u00e1s informaci\u00f3n sobre este y otros productos, no dudes en contactarnos por\u00a0<a href=\"http:\/\/wa.me\/51923151009\" target=\"_blank\" rel=\"noopener\">WhatsApp<\/a>.<\/p>\n","protected":false},"excerpt":{"rendered":"<p>La Casaca Isola 2 Esta est\u00e1 dise\u00f1ada para entornos de trabajo exigentes, ofreciendo seguridad y confort en cada detalle. Fabricada con materiales resistentes, protege contra raspaduras y abrasiones, mientras que sus colores fluorescentes y bandas reflectantes garantizan alta visibilidad, especialmente en condiciones de baja iluminaci\u00f3n.<\/p>\n","protected":false},"featured_media":4437,"comment_status":"closed","ping_status":"closed","template":"","meta":{"_acf_changed":false},"product_brand":[27],"product_cat":[106,67],"product_tag":[296,297,298],"class_list":{"0":"post-4365","1":"product","2":"type-product","3":"status-publish","4":"has-post-thumbnail","6":"product_brand-deltaplus","7":"product_cat-casacas","8":"product_cat-ropa-de-trabajo","9":"product_tag-casaca-isola-2","10":"product_tag-isola-2","11":"product_tag-parka-isola-2","13":"first","14":"instock","15":"shipping-taxable","16":"purchasable","17":"product-type-simple"},"acf":[],"_links":{"self":[{"href":"https:\/\/valesafety.com.pe\/index.php?rest_route=\/wp\/v2\/product\/4365","targetHints":{"allow":["GET"]}}],"collection":[{"href":"https:\/\/valesafety.com.pe\/index.php?rest_route=\/wp\/v2\/product"}],"about":[{"href":"https:\/\/valesafety.com.pe\/index.php?rest_route=\/wp\/v2\/types\/product"}],"replies":[{"embeddable":true,"href":"https:\/\/valesafety.com.pe\/index.php?rest_route=%2Fwp%2Fv2%2Fcomments&post=4365"}],"wp:featuredmedia":[{"embeddable":true,"href":"https:\/\/valesafety.com.pe\/index.php?rest_route=\/wp\/v2\/media\/4437"}],"wp:attachment":[{"href":"https:\/\/valesafety.com.pe\/index.php?rest_route=%2Fwp%2Fv2%2Fmedia&parent=4365"}],"wp:term":[{"taxonomy":"product_brand","embeddable":true,"href":"https:\/\/valesafety.com.pe\/index.php?rest_route=%2Fwp%2Fv2%2Fproduct_brand&post=4365"},{"taxonomy":"product_cat","embeddable":true,"href":"https:\/\/valesafety.com.pe\/index.php?rest_route=%2Fwp%2Fv2%2Fproduct_cat&post=4365"},{"taxonomy":"product_tag","embeddable":true,"href":"https:\/\/valesafety.com.pe\/index.php?rest_route=%2Fwp%2Fv2%2Fproduct_tag&post=4365"}],"curies":[{"name":"wp","href":"https:\/\/api.w.org\/{rel}","templated":true}]}}