{"id":4364,"date":"2026-04-23T22:27:41","date_gmt":"2026-04-23T20:27:41","guid":{"rendered":"http:\/\/localhost\/borrador\/?post_type=product&#038;p=4364"},"modified":"2026-05-06T14:46:47","modified_gmt":"2026-05-06T19:46:47","slug":"casaca-darwin-3","status":"publish","type":"product","link":"https:\/\/valesafety.com.pe\/?product=casaca-darwin-3","title":{"rendered":"Casaca Darwin 3"},"content":{"rendered":"<h2>Casaca Darwin 3<\/h2>\n<p><strong>Tipo de prenda :<\/strong>\u00a0Parka impermeable<\/p>\n<p><strong>Colores en la prenda :<\/strong>\u00a0Azul oscuro<\/p>\n<p><strong>Lining material :<\/strong>\u00a0100 % poli\u00e9ster tafet\u00e1n<\/p>\n<p><strong>Material de relleno :<\/strong>\u00a0Relleno 100 % fibra de poli\u00e9ster<\/p>\n<p><strong>Peso del relleno (g\/m\u00b2) :<\/strong>\u00a0160<\/p>\n<p><strong>Tipo de capucha :<\/strong>\u00a0Capucha fija retr\u00e1ctil<\/p>\n<p><strong>Tipo de cuello :<\/strong>\u00a0Cuello alto<\/p>\n<p><strong>Cierre :<\/strong>\u00a0Cierre con cremallera y solapa<\/p>\n<p><strong>Pu\u00f1os interiores :<\/strong>\u00a0Acanalado<\/p>\n<p><strong>N\u00famero de bolsillos exteriores (\u00fanicamente) :<\/strong>\u00a03<\/p>\n<p><strong>Bolsillos exteriores :<\/strong>\u00a02 bolsillos con solapa &#8211; 1 bolsillo de parche<\/p>\n<p><strong>N\u00famero de bolsillos interiores (\u00fanicamente) :<\/strong>\u00a02<\/p>\n<p><strong>Bolsillos interiores :<\/strong>\u00a01 bolsillo &#8211; 1 bolsillo para tel\u00e9fono<\/p>\n<p><strong>Cremallera interior para marcar el acceso :<\/strong>\u00a0S\u00ed<\/p>\n<p><strong>Tipos de marca posible :<\/strong>\u00a0Serigra &#8211; Transfer<\/p>\n<p><strong>Pase :<\/strong>\u00a0S\u00ed<\/p>\n<p><strong>Total product weight (g\/m\u00b2) :<\/strong>\u00a0430<\/p>\n<p>&nbsp;<\/p>\n<p>Necesitas m\u00e1s productos encu\u00e9ntralos en nuestra <a href=\"https:\/\/valesafety.com.pe\/tienda\">tienda\u00a0<\/a><\/p>\n<p>Para m\u00e1s informaci\u00f3n sobre este y otros productos, no dudes en contactarnos por\u00a0<a href=\"http:\/\/wa.me\/51923151009\" target=\"_blank\" rel=\"noopener\">WhatsApp<\/a>.<\/p>\n","protected":false},"excerpt":{"rendered":"<p>La Casaca Darwin 3 est\u00e1 fabricada con materiales resistentes y duraderos que ofrecen protecci\u00f3n contra raspaduras, abrasiones y otros riesgos menores presentes en entornos industriales y de construcci\u00f3n.<\/p>\n<p>Dise\u00f1ada ergon\u00f3micamente para proporcionar un ajuste c\u00f3modo y permitir libertad de movimiento durante las actividades laborales. Esto es esencial para mantener la comodidad y la productividad del trabajador durante largas jornadas.<\/p>\n","protected":false},"featured_media":4436,"comment_status":"closed","ping_status":"closed","template":"","meta":{"_acf_changed":false},"product_brand":[27],"product_cat":[106,67],"product_tag":[292,293,294,295],"class_list":{"0":"post-4364","1":"product","2":"type-product","3":"status-publish","4":"has-post-thumbnail","6":"product_brand-deltaplus","7":"product_cat-casacas","8":"product_cat-ropa-de-trabajo","9":"product_tag-casaca-darwin-iii","10":"product_tag-darwin","11":"product_tag-parka-darwin-3","12":"product_tag-parkas","14":"first","15":"instock","16":"shipping-taxable","17":"purchasable","18":"product-type-simple"},"acf":[],"_links":{"self":[{"href":"https:\/\/valesafety.com.pe\/index.php?rest_route=\/wp\/v2\/product\/4364","targetHints":{"allow":["GET"]}}],"collection":[{"href":"https:\/\/valesafety.com.pe\/index.php?rest_route=\/wp\/v2\/product"}],"about":[{"href":"https:\/\/valesafety.com.pe\/index.php?rest_route=\/wp\/v2\/types\/product"}],"replies":[{"embeddable":true,"href":"https:\/\/valesafety.com.pe\/index.php?rest_route=%2Fwp%2Fv2%2Fcomments&post=4364"}],"wp:featuredmedia":[{"embeddable":true,"href":"https:\/\/valesafety.com.pe\/index.php?rest_route=\/wp\/v2\/media\/4436"}],"wp:attachment":[{"href":"https:\/\/valesafety.com.pe\/index.php?rest_route=%2Fwp%2Fv2%2Fmedia&parent=4364"}],"wp:term":[{"taxonomy":"product_brand","embeddable":true,"href":"https:\/\/valesafety.com.pe\/index.php?rest_route=%2Fwp%2Fv2%2Fproduct_brand&post=4364"},{"taxonomy":"product_cat","embeddable":true,"href":"https:\/\/valesafety.com.pe\/index.php?rest_route=%2Fwp%2Fv2%2Fproduct_cat&post=4364"},{"taxonomy":"product_tag","embeddable":true,"href":"https:\/\/valesafety.com.pe\/index.php?rest_route=%2Fwp%2Fv2%2Fproduct_tag&post=4364"}],"curies":[{"name":"wp","href":"https:\/\/api.w.org\/{rel}","templated":true}]}}