{"id":4363,"date":"2026-04-23T22:27:41","date_gmt":"2026-04-23T20:27:41","guid":{"rendered":"http:\/\/localhost\/borrador\/?post_type=product&#038;p=4363"},"modified":"2026-05-06T14:48:55","modified_gmt":"2026-05-06T19:48:55","slug":"casaca-aren","status":"publish","type":"product","link":"https:\/\/valesafety.com.pe\/?product=casaca-aren","title":{"rendered":"Casaca AREN"},"content":{"rendered":"<h2>Casaca AREN<\/h2>\n<ul>\n<li>Costuras termosellados.<\/li>\n<li>Cierre por cremallera anti fr\u00edo.<\/li>\n<li>Pu\u00f1os ajustables con corchetes. 4 bolsillos incluido 1 interior con cremallera.<\/li>\n<li>Tejido 100% poli\u00e9ster el\u00e1stico mec\u00e1nico 2 capas laminadas.<\/li>\n<li>\n<div>Guata de fibras de poli\u00e9ster.<\/div>\n<\/li>\n<\/ul>\n<h3>Certificaciones y\/o normas<\/h3>\n<p>EN ISO 13688 : 2013 \/ A1 : 2021 Requisitos generales para prendas de protecci\u00f3n.<\/p>\n<p>EN 343 : 2019 Prenda de protecci\u00f3n contra la lluvia.<\/p>\n<p>Necesitas m\u00e1s productos encu\u00e9ntralos en nuestra <a href=\"https:\/\/valesafety.com.pe\/tienda\">tienda\u00a0<\/a><\/p>\n<p>Para m\u00e1s informaci\u00f3n sobre este y otros productos, no dudes en contactarnos por\u00a0<a href=\"http:\/\/wa.me\/51923151009\" target=\"_blank\" rel=\"noopener\">WhatsApp<\/a>.<\/p>\n","protected":false},"excerpt":{"rendered":"<p class=\"\" data-start=\"403\" data-end=\"906\">La casaca Aren impermeable es una prenda de alta protecci\u00f3n dise\u00f1ada para brindar abrigo y resistencia en condiciones clim\u00e1ticas adversas. Fabricada con tejido 100% poli\u00e9ster el\u00e1stico mec\u00e1nico, cuenta con costuras termoselladas y una estructura laminada de 2 capas, proporcionando una barrera eficaz contra la lluvia y el viento. Su forro de tafet\u00e1n acolchado con guata de fibras de poli\u00e9ster asegura un excelente aislamiento t\u00e9rmico, manteniendo el calor corporal en temperaturas fr\u00edas.<\/p>\n<h3 class=\"\" data-start=\"908\" data-end=\"945\"><\/h3>\n","protected":false},"featured_media":4433,"comment_status":"closed","ping_status":"closed","template":"","meta":{"_acf_changed":false},"product_brand":[27],"product_cat":[106,67],"product_tag":[291],"class_list":{"0":"post-4363","1":"product","2":"type-product","3":"status-publish","4":"has-post-thumbnail","6":"product_brand-deltaplus","7":"product_cat-casacas","8":"product_cat-ropa-de-trabajo","9":"product_tag-casaca-aren-deltaplus","11":"first","12":"instock","13":"shipping-taxable","14":"purchasable","15":"product-type-simple"},"acf":[],"_links":{"self":[{"href":"https:\/\/valesafety.com.pe\/index.php?rest_route=\/wp\/v2\/product\/4363","targetHints":{"allow":["GET"]}}],"collection":[{"href":"https:\/\/valesafety.com.pe\/index.php?rest_route=\/wp\/v2\/product"}],"about":[{"href":"https:\/\/valesafety.com.pe\/index.php?rest_route=\/wp\/v2\/types\/product"}],"replies":[{"embeddable":true,"href":"https:\/\/valesafety.com.pe\/index.php?rest_route=%2Fwp%2Fv2%2Fcomments&post=4363"}],"wp:featuredmedia":[{"embeddable":true,"href":"https:\/\/valesafety.com.pe\/index.php?rest_route=\/wp\/v2\/media\/4433"}],"wp:attachment":[{"href":"https:\/\/valesafety.com.pe\/index.php?rest_route=%2Fwp%2Fv2%2Fmedia&parent=4363"}],"wp:term":[{"taxonomy":"product_brand","embeddable":true,"href":"https:\/\/valesafety.com.pe\/index.php?rest_route=%2Fwp%2Fv2%2Fproduct_brand&post=4363"},{"taxonomy":"product_cat","embeddable":true,"href":"https:\/\/valesafety.com.pe\/index.php?rest_route=%2Fwp%2Fv2%2Fproduct_cat&post=4363"},{"taxonomy":"product_tag","embeddable":true,"href":"https:\/\/valesafety.com.pe\/index.php?rest_route=%2Fwp%2Fv2%2Fproduct_tag&post=4363"}],"curies":[{"name":"wp","href":"https:\/\/api.w.org\/{rel}","templated":true}]}}