{"id":4362,"date":"2026-04-23T22:27:41","date_gmt":"2026-04-23T20:27:41","guid":{"rendered":"http:\/\/localhost\/borrador\/?post_type=product&#038;p=4362"},"modified":"2026-05-06T15:25:52","modified_gmt":"2026-05-06T20:25:52","slug":"chaleco-m5sgi-delta-plus","status":"publish","type":"product","link":"https:\/\/valesafety.com.pe\/?product=chaleco-m5sgi-delta-plus","title":{"rendered":"Chaleco M5SGI Delta Plus"},"content":{"rendered":"<h2>Chaleco M5SGI Delta Plus<\/h2>\n<ul>\n<li>Color beige.<\/li>\n<li>Tallas: S &#8211; M- L &#8211; XL &#8211; XXL &#8211; 3XL<\/li>\n<li>Protecci\u00f3n contra desgaste.<\/li>\n<li>Chaleco multibolsillos lavado a la piedra.<\/li>\n<li>Cierre por cremallera bajo bies.<\/li>\n<li>12 bolsillos. 2 bolsillos con cremallera, 1 bolsillo con cremallera y fuelle, 2 bolsillos con solapa, 4 bolsillos con fuelle de solapa, 2 bolsillos de parche.<\/li>\n<li>Tejido 65% poli\u00e9ster 35% algod\u00f3n 245 g\/m\u00b2.<\/li>\n<\/ul>\n<p>Necesitas m\u00e1s productos encu\u00e9ntralos en nuestra <a href=\"https:\/\/valesafety.com.pe\/tienda\">tienda\u00a0<\/a><\/p>\n<p>Para m\u00e1s informaci\u00f3n sobre este y otros productos, no dudes en contactarnos por\u00a0<a href=\"http:\/\/wa.me\/51923151009\" target=\"_blank\" rel=\"noopener\">WhatsApp<\/a>.<\/p>\n","protected":false},"excerpt":{"rendered":"<p>El chaleco M5SGI de DeltaPlus ofrece una serie de beneficios espec\u00edficos que lo hacen destacar como una opci\u00f3n preferida para entornos laborales que requieren alta visibilidad y protecci\u00f3n personal.<\/p>\n<p>Trae un total de 12 bolsillos que facilitan el acceso r\u00e1pido a herramientas y accesorios que te permite tener un almacenamiento organizado y eficiente en su trabajo u oficio.<\/p>\n","protected":false},"featured_media":4424,"comment_status":"closed","ping_status":"closed","template":"","meta":{"_acf_changed":false},"product_brand":[27],"product_cat":[107,67],"product_tag":[286,287,288,289,290],"class_list":{"0":"post-4362","1":"product","2":"type-product","3":"status-publish","4":"has-post-thumbnail","6":"product_brand-deltaplus","7":"product_cat-chalecos","8":"product_cat-ropa-de-trabajo","9":"product_tag-chaleco-beige","10":"product_tag-chaleco-deltaplus","11":"product_tag-chaleco-m5sgi","12":"product_tag-m5sgi","13":"product_tag-m5sgil","15":"first","16":"instock","17":"shipping-taxable","18":"purchasable","19":"product-type-simple"},"acf":[],"_links":{"self":[{"href":"https:\/\/valesafety.com.pe\/index.php?rest_route=\/wp\/v2\/product\/4362","targetHints":{"allow":["GET"]}}],"collection":[{"href":"https:\/\/valesafety.com.pe\/index.php?rest_route=\/wp\/v2\/product"}],"about":[{"href":"https:\/\/valesafety.com.pe\/index.php?rest_route=\/wp\/v2\/types\/product"}],"replies":[{"embeddable":true,"href":"https:\/\/valesafety.com.pe\/index.php?rest_route=%2Fwp%2Fv2%2Fcomments&post=4362"}],"wp:featuredmedia":[{"embeddable":true,"href":"https:\/\/valesafety.com.pe\/index.php?rest_route=\/wp\/v2\/media\/4424"}],"wp:attachment":[{"href":"https:\/\/valesafety.com.pe\/index.php?rest_route=%2Fwp%2Fv2%2Fmedia&parent=4362"}],"wp:term":[{"taxonomy":"product_brand","embeddable":true,"href":"https:\/\/valesafety.com.pe\/index.php?rest_route=%2Fwp%2Fv2%2Fproduct_brand&post=4362"},{"taxonomy":"product_cat","embeddable":true,"href":"https:\/\/valesafety.com.pe\/index.php?rest_route=%2Fwp%2Fv2%2Fproduct_cat&post=4362"},{"taxonomy":"product_tag","embeddable":true,"href":"https:\/\/valesafety.com.pe\/index.php?rest_route=%2Fwp%2Fv2%2Fproduct_tag&post=4362"}],"curies":[{"name":"wp","href":"https:\/\/api.w.org\/{rel}","templated":true}]}}