{"id":4361,"date":"2026-04-23T22:27:41","date_gmt":"2026-04-23T20:27:41","guid":{"rendered":"http:\/\/localhost\/borrador\/?post_type=product&#038;p=4361"},"modified":"2026-04-29T16:28:19","modified_gmt":"2026-04-29T21:28:19","slug":"chaleco-m1gi2-delta-plus","status":"publish","type":"product","link":"https:\/\/valesafety.com.pe\/?product=chaleco-m1gi2-delta-plus","title":{"rendered":"Chaleco M1GI2 Delta Plus"},"content":{"rendered":"<h2>Chaleco M1GI2<\/h2>\n<ul>\n<li>Chaleco de trabajo universal para hombre \/ unisex<\/li>\n<li>Cierre central con cremallera y cuello en forma de V.<\/li>\n<li>Cremallera cubierta para\u00a0<strong>evitar ara\u00f1azos.<\/strong><\/li>\n<li>Seis bolsillos exteriores: dos bolsillos con cremallera, dos bolsillos con solapa, un bolsillo para el tel\u00e9fono y un bolsillo para bol\u00edgrafo.<\/li>\n<li>Aplicaciones:\u00a0<strong>Agricultura, Industria ligera, Mantenimiento, Automoci\u00f3n.<\/strong><\/li>\n<li>Disponible en\u00a0<strong>3 colores diferentes.<\/strong><\/li>\n<li>Composici\u00f3n: 65%\u00a0<strong>Poli\u00e9ster<\/strong>\u00a0&#8211; 35%\u00a0<strong>Algod\u00f3n.<\/strong><\/li>\n<li>Gramaje:\u00a0<strong>235 gr.<\/strong><\/li>\n<li>Tallas:\u00a0<strong>XS, S, M, L, XL, XXL, 3XL, 4XL, 5XL.<\/strong><\/li>\n<li>Tipos de marca posible: Bordado &#8211; Serigra &#8211; Transfer<\/li>\n<\/ul>\n<p>Necesitas m\u00e1s productos encu\u00e9ntralos en nuestra <a href=\"https:\/\/valesafety.com.pe\/tienda\">tienda\u00a0<\/a><\/p>\n<p>Para m\u00e1s informaci\u00f3n sobre este y otros productos, no dudes en contactarnos por\u00a0<a href=\"http:\/\/wa.me\/51923151009\" target=\"_blank\" rel=\"noopener\">WhatsApp<\/a>.<\/p>\n","protected":false},"excerpt":{"rendered":"<p class=\"\" data-start=\"423\" data-end=\"816\">El Chaleco M1GI2\u00a0es una prenda vers\u00e1til y funcional dise\u00f1ada para brindar y comodidad utilidad en m\u00faltiples sectores laborales. Confeccionado en tejido resistente de 65% poli\u00e9ster y 35% algod\u00f3n , garantiza durabilidad y comodidad en largas jornadas de trabajo. Su dise\u00f1o con m\u00faltiples bolsillos permite un almacenamiento seguro y organizado de herramientas y accesorios esenciales.<\/p>\n<h3 class=\"\" data-start=\"818\" data-end=\"855\"><\/h3>\n","protected":false},"featured_media":4420,"comment_status":"closed","ping_status":"closed","template":"","meta":{"_acf_changed":false},"product_brand":[],"product_cat":[107,67],"product_tag":[284,285],"class_list":{"0":"post-4361","1":"product","2":"type-product","3":"status-publish","4":"has-post-thumbnail","6":"product_cat-chalecos","7":"product_cat-ropa-de-trabajo","8":"product_tag-chaleco-m1gi2","9":"product_tag-nueno-chaleco-deltaplus","11":"first","12":"instock","13":"shipping-taxable","14":"purchasable","15":"product-type-simple"},"acf":[],"_links":{"self":[{"href":"https:\/\/valesafety.com.pe\/index.php?rest_route=\/wp\/v2\/product\/4361","targetHints":{"allow":["GET"]}}],"collection":[{"href":"https:\/\/valesafety.com.pe\/index.php?rest_route=\/wp\/v2\/product"}],"about":[{"href":"https:\/\/valesafety.com.pe\/index.php?rest_route=\/wp\/v2\/types\/product"}],"replies":[{"embeddable":true,"href":"https:\/\/valesafety.com.pe\/index.php?rest_route=%2Fwp%2Fv2%2Fcomments&post=4361"}],"wp:featuredmedia":[{"embeddable":true,"href":"https:\/\/valesafety.com.pe\/index.php?rest_route=\/wp\/v2\/media\/4420"}],"wp:attachment":[{"href":"https:\/\/valesafety.com.pe\/index.php?rest_route=%2Fwp%2Fv2%2Fmedia&parent=4361"}],"wp:term":[{"taxonomy":"product_brand","embeddable":true,"href":"https:\/\/valesafety.com.pe\/index.php?rest_route=%2Fwp%2Fv2%2Fproduct_brand&post=4361"},{"taxonomy":"product_cat","embeddable":true,"href":"https:\/\/valesafety.com.pe\/index.php?rest_route=%2Fwp%2Fv2%2Fproduct_cat&post=4361"},{"taxonomy":"product_tag","embeddable":true,"href":"https:\/\/valesafety.com.pe\/index.php?rest_route=%2Fwp%2Fv2%2Fproduct_tag&post=4361"}],"curies":[{"name":"wp","href":"https:\/\/api.w.org\/{rel}","templated":true}]}}