{"id":4360,"date":"2026-04-23T22:27:40","date_gmt":"2026-04-23T20:27:40","guid":{"rendered":"http:\/\/localhost\/borrador\/?post_type=product&#038;p=4360"},"modified":"2026-05-06T15:24:20","modified_gmt":"2026-05-06T20:24:20","slug":"chaleco-m2gi3-deltaplus","status":"publish","type":"product","link":"https:\/\/valesafety.com.pe\/?product=chaleco-m2gi3-deltaplus","title":{"rendered":"Chaleco M2GI3 Deltaplus"},"content":{"rendered":"<h2>Chaleco M2GI3 Deltaplus<\/h2>\n<section class=\"blocContenu blocContenu-first\">\n<ul>\n<li>Chaleco multibolsillos.<\/li>\n<li>Acabado con bies.<\/li>\n<li>Con 11 bolsillos: 1 bolsillo con cremallera, 2 bolsillos con cremallera y fuelle, 1 bolsillo con solapa, 5 bolsillos con fuelle de solapa, 2 bolsillos.<\/li>\n<li>Tejido 65% poli\u00e9ster 35% algod\u00f3n 245 g\/m\u00b2.<\/li>\n<li>Talla S &#8211; M &#8211; L &#8211; XL &#8211; XXL &#8211; 3XL<\/li>\n<li>Tejido negro en contraste.<\/li>\n<li>Portapase identificador desmontable incluido.<\/li>\n<li>Bolsillo en pecho con cremallera.<\/li>\n<\/ul>\n<\/section>\n<section class=\"blocContenu\">\n<h3>Certificaciones y\/o normas<\/h3>\n<div>EN ISO 13688 : 2013 Requisitos generales para prendas<\/div>\n<\/section>\n<div>\n<p>Necesitas m\u00e1s productos encu\u00e9ntralos en nuestra <a href=\"https:\/\/valesafety.com.pe\/tienda\">tienda\u00a0<\/a><\/p>\n<p>Para m\u00e1s informaci\u00f3n sobre este y otros productos, no dudes en contactarnos por\u00a0<a href=\"http:\/\/wa.me\/51923151009\" target=\"_blank\" rel=\"noopener\">WhatsApp<\/a>.<\/p>\n<\/div>\n<p>&nbsp;<\/p>\n","protected":false},"excerpt":{"rendered":"<p>El chaleco M2GI3de DeltaPlus es un chaleco de trabajo ligero y duradero, adecuado para la mayor\u00eda de usos para el protecci\u00f3n del cuerpo, ofrece una serie de beneficios dise\u00f1ados para mejorar la protecci\u00f3n y comodidad de los usuarios en entornos laborales. Con 11 bolsillos para una mayor comodiad al momento de guardar las cosas.<\/p>\n","protected":false},"featured_media":4418,"comment_status":"closed","ping_status":"closed","template":"","meta":{"_acf_changed":false},"product_brand":[27],"product_cat":[107,67],"product_tag":[283],"class_list":{"0":"post-4360","1":"product","2":"type-product","3":"status-publish","4":"has-post-thumbnail","6":"product_brand-deltaplus","7":"product_cat-chalecos","8":"product_cat-ropa-de-trabajo","9":"product_tag-chaleco-m2gi3-deltaplus","11":"first","12":"instock","13":"shipping-taxable","14":"purchasable","15":"product-type-simple"},"acf":[],"_links":{"self":[{"href":"https:\/\/valesafety.com.pe\/index.php?rest_route=\/wp\/v2\/product\/4360","targetHints":{"allow":["GET"]}}],"collection":[{"href":"https:\/\/valesafety.com.pe\/index.php?rest_route=\/wp\/v2\/product"}],"about":[{"href":"https:\/\/valesafety.com.pe\/index.php?rest_route=\/wp\/v2\/types\/product"}],"replies":[{"embeddable":true,"href":"https:\/\/valesafety.com.pe\/index.php?rest_route=%2Fwp%2Fv2%2Fcomments&post=4360"}],"wp:featuredmedia":[{"embeddable":true,"href":"https:\/\/valesafety.com.pe\/index.php?rest_route=\/wp\/v2\/media\/4418"}],"wp:attachment":[{"href":"https:\/\/valesafety.com.pe\/index.php?rest_route=%2Fwp%2Fv2%2Fmedia&parent=4360"}],"wp:term":[{"taxonomy":"product_brand","embeddable":true,"href":"https:\/\/valesafety.com.pe\/index.php?rest_route=%2Fwp%2Fv2%2Fproduct_brand&post=4360"},{"taxonomy":"product_cat","embeddable":true,"href":"https:\/\/valesafety.com.pe\/index.php?rest_route=%2Fwp%2Fv2%2Fproduct_cat&post=4360"},{"taxonomy":"product_tag","embeddable":true,"href":"https:\/\/valesafety.com.pe\/index.php?rest_route=%2Fwp%2Fv2%2Fproduct_tag&post=4360"}],"curies":[{"name":"wp","href":"https:\/\/api.w.org\/{rel}","templated":true}]}}