{"id":4348,"date":"2026-04-23T22:27:11","date_gmt":"2026-04-23T20:27:11","guid":{"rendered":"http:\/\/localhost\/borrador\/?post_type=product&#038;p=4348"},"modified":"2026-05-06T16:33:16","modified_gmt":"2026-05-06T21:33:16","slug":"guante-dielectrico-novax-clase-3","status":"publish","type":"product","link":"https:\/\/valesafety.com.pe\/?product=guante-dielectrico-novax-clase-3","title":{"rendered":"Guante Dielectrico Novax Clase 3"},"content":{"rendered":"<h2>Guante Dielectrico Novax Clase 3<\/h2>\n<ul>\n<li>Ofrecen protecci\u00f3n contra descargas el\u00e9ctricas de hasta 26,500 voltios, garantizando la seguridad del usuario en entornos de alto voltaje.<\/li>\n<li>Fabricados con l\u00e1tex natural de primera calidad, estos guantes aseguran durabilidad, flexibilidad y comodidad durante el uso prolongado.<\/li>\n<li>Utilizan un proceso de inmersi\u00f3n acuosa respetuoso con el medio ambiente, minimizando el impacto ecol\u00f3gico y promoviendo pr\u00e1cticas sostenibles.<\/li>\n<li>Est\u00e1n certificados seg\u00fan los est\u00e1ndares internacionales, asegurando que cumplen con los requisitos de seguridad y calidad m\u00e1s estrictos.<\/li>\n<li>Disponibles en diferentes tama\u00f1os, longitudes y colores, as\u00ed como con varios tipos de pu\u00f1os, permitiendo una personalizaci\u00f3n que se adapta a diversas necesidades y preferencias del usuario.<\/li>\n<li>Prueba de prueba de CA:\u00a030 000 V<\/li>\n<li>Voltaje de uso m\u00e1ximo de CC:\u00a039 750 V<\/li>\n<\/ul>\n<p>Necesitas m\u00e1s productos encu\u00e9ntralos en nuestra <a href=\"https:\/\/valesafety.com.pe\/tienda\">tienda .<\/a><\/p>\n<p>Para m\u00e1s informaci\u00f3n sobre este y otros productos, no dudes en contactarnos por\u00a0<a href=\"http:\/\/wa.me\/977762682\" target=\"_blank\" rel=\"noopener\">WhatsApp<\/a>.<\/p>\n","protected":false},"excerpt":{"rendered":"<p>Guante Dielectrico Novax los guantes de clase 3 est\u00e1n hechos de l\u00e1tex natural a trav\u00e9s de nuestro proceso de fabricaci\u00f3n por inmersi\u00f3n acuosa, que es ecol\u00f3gico. Estos guantes, que cumplen con los est\u00e1ndares internacionales, est\u00e1n disponibles en una variedad de colores, longitudes, tipos de pu\u00f1os y tama\u00f1os para satisfacer diversas necesidades.<\/p>\n","protected":false},"featured_media":4415,"comment_status":"closed","ping_status":"closed","template":"","meta":{"_acf_changed":false},"product_brand":[636],"product_cat":[95],"product_tag":[],"class_list":{"0":"post-4348","1":"product","2":"type-product","3":"status-publish","4":"has-post-thumbnail","6":"product_brand-novax","7":"product_cat-guante-de-jeve","9":"first","10":"instock","11":"shipping-taxable","12":"purchasable","13":"product-type-simple"},"acf":[],"_links":{"self":[{"href":"https:\/\/valesafety.com.pe\/index.php?rest_route=\/wp\/v2\/product\/4348","targetHints":{"allow":["GET"]}}],"collection":[{"href":"https:\/\/valesafety.com.pe\/index.php?rest_route=\/wp\/v2\/product"}],"about":[{"href":"https:\/\/valesafety.com.pe\/index.php?rest_route=\/wp\/v2\/types\/product"}],"replies":[{"embeddable":true,"href":"https:\/\/valesafety.com.pe\/index.php?rest_route=%2Fwp%2Fv2%2Fcomments&post=4348"}],"wp:featuredmedia":[{"embeddable":true,"href":"https:\/\/valesafety.com.pe\/index.php?rest_route=\/wp\/v2\/media\/4415"}],"wp:attachment":[{"href":"https:\/\/valesafety.com.pe\/index.php?rest_route=%2Fwp%2Fv2%2Fmedia&parent=4348"}],"wp:term":[{"taxonomy":"product_brand","embeddable":true,"href":"https:\/\/valesafety.com.pe\/index.php?rest_route=%2Fwp%2Fv2%2Fproduct_brand&post=4348"},{"taxonomy":"product_cat","embeddable":true,"href":"https:\/\/valesafety.com.pe\/index.php?rest_route=%2Fwp%2Fv2%2Fproduct_cat&post=4348"},{"taxonomy":"product_tag","embeddable":true,"href":"https:\/\/valesafety.com.pe\/index.php?rest_route=%2Fwp%2Fv2%2Fproduct_tag&post=4348"}],"curies":[{"name":"wp","href":"https:\/\/api.w.org\/{rel}","templated":true}]}}