{"id":4346,"date":"2026-04-23T22:27:10","date_gmt":"2026-04-23T20:27:10","guid":{"rendered":"http:\/\/localhost\/borrador\/?post_type=product&#038;p=4346"},"modified":"2026-05-07T11:02:42","modified_gmt":"2026-05-07T16:02:42","slug":"zapato-segpro-modelo-harder","status":"publish","type":"product","link":"https:\/\/valesafety.com.pe\/?product=zapato-segpro-modelo-harder","title":{"rendered":"Zapato Segpro Modelo Harder"},"content":{"rendered":"<h2>Zapato Segpro Modelo Harder<\/h2>\n<ul>\n<li data-start=\"828\" data-end=\"910\"><strong data-start=\"828\" data-end=\"875\">Fabricaci\u00f3n por inyecci\u00f3n directa al corte:<\/strong> Mayor resistencia y durabilidad.<\/li>\n<li data-start=\"913\" data-end=\"992\"><strong data-start=\"913\" data-end=\"941\">Aparado en cuero Crup\u00f3n:<\/strong> Material de alta calidad para m\u00e1xima protecci\u00f3n.<\/li>\n<li data-start=\"995\" data-end=\"1044\"><strong data-start=\"995\" data-end=\"1011\">Color negro:<\/strong> Dise\u00f1o vers\u00e1til y profesional.<\/li>\n<li data-start=\"1047\" data-end=\"1111\"><strong data-start=\"1047\" data-end=\"1076\">Forro de malla respirable:<\/strong> Asegura ventilaci\u00f3n y comodidad.<\/li>\n<li data-start=\"1114\" data-end=\"1186\"><strong data-start=\"1114\" data-end=\"1151\">Triple costura con hilo de nailon:<\/strong> Mayor resistencia y durabilidad.<\/li>\n<li data-start=\"1189\" data-end=\"1254\"><strong data-start=\"1189\" data-end=\"1227\">Plantilla interior intercambiable:<\/strong> Comodidad personalizada.<\/li>\n<li data-start=\"1257\" data-end=\"1320\"><strong data-start=\"1257\" data-end=\"1285\">Entreplantilla de acero:<\/strong> Protecci\u00f3n contra perforaciones.<\/li>\n<li data-start=\"1323\" data-end=\"1384\"><strong data-start=\"1323\" data-end=\"1357\">Puntera de acero (200 Julios):<\/strong> Seguridad ante impactos.<\/li>\n<li data-start=\"1387\" data-end=\"1459\"><strong data-start=\"1387\" data-end=\"1432\">Plantilla de armar en material no tejido:<\/strong> Mayor comodidad y soporte.<\/li>\n<li data-start=\"1462\" data-end=\"1555\"><strong data-start=\"1462\" data-end=\"1490\">Suela de PU bi-densidad:<\/strong> Antideslizante y resistente a grasas, aceites e hidrocarburos.<\/li>\n<li data-start=\"1558\" data-end=\"1642\"><strong data-start=\"1558\" data-end=\"1593\">Tal\u00f3n con absorci\u00f3n de energ\u00eda:<\/strong> Reduce la fatiga en largas jornadas laborales.<\/li>\n<li data-start=\"1645\" data-end=\"1726\"><strong data-start=\"1645\" data-end=\"1689\">Cordones circulares de alta resistencia:<\/strong> Mayor durabilidad y ajuste seguro.<\/li>\n<li data-start=\"1729\" data-end=\"1814\"><strong data-start=\"1729\" data-end=\"1761\">Fuelle integrado al aparato:<\/strong> Protecci\u00f3n adicional contra l\u00edquidos y part\u00edculas.<\/li>\n<li data-start=\"1817\" data-end=\"1856\"><strong data-start=\"1817\" data-end=\"1854\">Disponibilidad en tallas 35 \u2013 45.<\/strong><\/li>\n<\/ul>\n<p>Necesitas m\u00e1s productos encu\u00e9ntralos en nuestra <a href=\"https:\/\/valesafety.com.pe\/tienda\">tienda\u00a0<\/a><\/p>\n<p>Para m\u00e1s informaci\u00f3n sobre este y otros productos, no dudes en contactarnos por\u00a0<a href=\"http:\/\/wa.me\/51923151009\" target=\"_blank\" rel=\"noopener\">WhatsApp<\/a>.<\/p>\n","protected":false},"excerpt":{"rendered":"<p class=\"\" data-start=\"491\" data-end=\"785\">El Zapato Segpro Modelo Harder ha sido dise\u00f1ado para brindar protecci\u00f3n, durabilidad y confort en entornos de trabajo exigentes. Su construcci\u00f3n en cuero Crup\u00f3n y suela de PU bi-densidad resistente a hidrocarburos y aceites garantizan un alto rendimiento y seguridad.<\/p>\n","protected":false},"featured_media":4408,"comment_status":"closed","ping_status":"closed","template":"","meta":{"_acf_changed":false},"product_brand":[35],"product_cat":[68,116],"product_tag":[],"class_list":{"0":"post-4346","1":"product","2":"type-product","3":"status-publish","4":"has-post-thumbnail","6":"product_brand-segpro","7":"product_cat-zapatos-de-seguridad","8":"product_cat-zapatos-de-trabajo","10":"first","11":"instock","12":"shipping-taxable","13":"purchasable","14":"product-type-simple"},"acf":[],"_links":{"self":[{"href":"https:\/\/valesafety.com.pe\/index.php?rest_route=\/wp\/v2\/product\/4346","targetHints":{"allow":["GET"]}}],"collection":[{"href":"https:\/\/valesafety.com.pe\/index.php?rest_route=\/wp\/v2\/product"}],"about":[{"href":"https:\/\/valesafety.com.pe\/index.php?rest_route=\/wp\/v2\/types\/product"}],"replies":[{"embeddable":true,"href":"https:\/\/valesafety.com.pe\/index.php?rest_route=%2Fwp%2Fv2%2Fcomments&post=4346"}],"wp:featuredmedia":[{"embeddable":true,"href":"https:\/\/valesafety.com.pe\/index.php?rest_route=\/wp\/v2\/media\/4408"}],"wp:attachment":[{"href":"https:\/\/valesafety.com.pe\/index.php?rest_route=%2Fwp%2Fv2%2Fmedia&parent=4346"}],"wp:term":[{"taxonomy":"product_brand","embeddable":true,"href":"https:\/\/valesafety.com.pe\/index.php?rest_route=%2Fwp%2Fv2%2Fproduct_brand&post=4346"},{"taxonomy":"product_cat","embeddable":true,"href":"https:\/\/valesafety.com.pe\/index.php?rest_route=%2Fwp%2Fv2%2Fproduct_cat&post=4346"},{"taxonomy":"product_tag","embeddable":true,"href":"https:\/\/valesafety.com.pe\/index.php?rest_route=%2Fwp%2Fv2%2Fproduct_tag&post=4346"}],"curies":[{"name":"wp","href":"https:\/\/api.w.org\/{rel}","templated":true}]}}