{"id":4345,"date":"2026-04-23T22:27:10","date_gmt":"2026-04-23T20:27:10","guid":{"rendered":"http:\/\/localhost\/borrador\/?post_type=product&#038;p=4345"},"modified":"2026-05-06T15:06:33","modified_gmt":"2026-05-06T20:06:33","slug":"casco-milenium-class-s-v-libus","status":"publish","type":"product","link":"https:\/\/valesafety.com.pe\/?product=casco-milenium-class-s-v-libus","title":{"rendered":"Casco Milenium Class S\/V Libus"},"content":{"rendered":"<h2>Casco Milenium Class S\/V Libus<\/h2>\n<ul>\n<li data-start=\"555\" data-end=\"641\"><strong data-start=\"555\" data-end=\"580\">Protecci\u00f3n confiable:<\/strong> Dise\u00f1ado para absorber impactos de objetos en ca\u00edda libre.<\/li>\n<li data-start=\"644\" data-end=\"732\"><strong data-start=\"644\" data-end=\"663\">Dise\u00f1o modular:<\/strong> Compatible con protectores faciales, auditivos y otros accesorios.<\/li>\n<li data-start=\"735\" data-end=\"829\"><strong data-start=\"735\" data-end=\"764\">Propiedades diel\u00e9ctricas:<\/strong> Aislante el\u00e9ctrico para mayor seguridad en entornos de riesgo.<\/li>\n<li data-start=\"832\" data-end=\"927\"><strong data-start=\"832\" data-end=\"865\">Dise\u00f1o moderno y confortable:<\/strong> Ligero y ergon\u00f3mico para un uso prolongado sin incomodidad.<\/li>\n<li data-start=\"930\" data-end=\"1029\"><strong data-start=\"930\" data-end=\"952\">Puntos de anclaje:<\/strong> Facilita la incorporaci\u00f3n de otros elementos de protecci\u00f3n personal (EPP).<\/li>\n<li data-start=\"1032\" data-end=\"1108\"><strong data-start=\"1032\" data-end=\"1050\">Adaptabilidad:<\/strong> Compatible con una amplia gama de equipos de seguridad.<\/li>\n<li data-start=\"1111\" data-end=\"1180\"><strong data-start=\"1111\" data-end=\"1131\">Certificaciones:<\/strong> Cumple con normativas de seguridad industrial.<\/li>\n<\/ul>\n<p><strong>*No incluye Arn\u00e9s*<\/strong><\/p>\n<p>Necesitas m\u00e1s productos encu\u00e9ntralos en nuestra <a href=\"https:\/\/valesafety.com.pe\/tienda\">tienda\u00a0<\/a><\/p>\n<p>Para m\u00e1s informaci\u00f3n sobre este y otros productos, no dudes en contactarnos por\u00a0<a href=\"http:\/\/wa.me\/51923151009\" target=\"_blank\" rel=\"noopener\">WhatsApp<\/a>.<\/p>\n","protected":false},"excerpt":{"rendered":"<p>El Casco Milenium Class S\/V Libus est\u00e1 dise\u00f1ado para brindar m\u00e1xima protecci\u00f3n contra impactos causados \u200b\u200bpor objetos que caen libremente. Su dise\u00f1o modular permite la integraci\u00f3n con distintos accesorios de protecci\u00f3n, adapt\u00e1ndose a diversas necesidades laborales.<\/p>\n","protected":false},"featured_media":4405,"comment_status":"closed","ping_status":"closed","template":"","meta":{"_acf_changed":false},"product_brand":[31],"product_cat":[46,74],"product_tag":[280],"class_list":{"0":"post-4345","1":"product","2":"type-product","3":"status-publish","4":"has-post-thumbnail","6":"product_brand-libus","7":"product_cat-casco-de-seguridad","8":"product_cat-cascos-de-seguridad","9":"product_tag-cascos-de-seguridad","11":"first","12":"instock","13":"shipping-taxable","14":"purchasable","15":"product-type-simple"},"acf":[],"_links":{"self":[{"href":"https:\/\/valesafety.com.pe\/index.php?rest_route=\/wp\/v2\/product\/4345","targetHints":{"allow":["GET"]}}],"collection":[{"href":"https:\/\/valesafety.com.pe\/index.php?rest_route=\/wp\/v2\/product"}],"about":[{"href":"https:\/\/valesafety.com.pe\/index.php?rest_route=\/wp\/v2\/types\/product"}],"replies":[{"embeddable":true,"href":"https:\/\/valesafety.com.pe\/index.php?rest_route=%2Fwp%2Fv2%2Fcomments&post=4345"}],"wp:featuredmedia":[{"embeddable":true,"href":"https:\/\/valesafety.com.pe\/index.php?rest_route=\/wp\/v2\/media\/4405"}],"wp:attachment":[{"href":"https:\/\/valesafety.com.pe\/index.php?rest_route=%2Fwp%2Fv2%2Fmedia&parent=4345"}],"wp:term":[{"taxonomy":"product_brand","embeddable":true,"href":"https:\/\/valesafety.com.pe\/index.php?rest_route=%2Fwp%2Fv2%2Fproduct_brand&post=4345"},{"taxonomy":"product_cat","embeddable":true,"href":"https:\/\/valesafety.com.pe\/index.php?rest_route=%2Fwp%2Fv2%2Fproduct_cat&post=4345"},{"taxonomy":"product_tag","embeddable":true,"href":"https:\/\/valesafety.com.pe\/index.php?rest_route=%2Fwp%2Fv2%2Fproduct_tag&post=4345"}],"curies":[{"name":"wp","href":"https:\/\/api.w.org\/{rel}","templated":true}]}}