{"id":4341,"date":"2026-04-23T22:27:10","date_gmt":"2026-04-23T20:27:10","guid":{"rendered":"http:\/\/localhost\/borrador\/?post_type=product&#038;p=4341"},"modified":"2026-04-29T17:12:59","modified_gmt":"2026-04-29T22:12:59","slug":"contenedor-de-residuos-240-litros","status":"publish","type":"product","link":"https:\/\/valesafety.com.pe\/?product=contenedor-de-residuos-240-litros","title":{"rendered":"Contenedor De Residuos 240 Litros"},"content":{"rendered":"<h2><strong>Contenedor De Residuos 240 Litros<\/strong><\/h2>\n<ul>\n<li><strong>Material:<\/strong>\u00a0Polietileno de alta densidad<\/li>\n<li><strong>Contenerizable:<\/strong>\u00a0Permite integrarse al sistema de elevacio\u0301n urbano para recoleccio\u0301n selectiva de residuos.<\/li>\n<li><strong>Resistente:<\/strong>\u00a0La te\u0301cnica de inyeccio\u0301n secuencial en su fabricacio\u0301n brinda resistencia contra golpes, qui\u0301micos y cambios de temperatura.<\/li>\n<\/ul>\n<p>Necesitas m\u00e1s productos encu\u00e9ntralos en nuestra <a href=\"https:\/\/valesafety.com.pe\/tienda\">tienda\u00a0<\/a><\/p>\n<p>Para m\u00e1s informaci\u00f3n sobre este y otros productos, no dudes en contactarnos por\u00a0<a href=\"http:\/\/wa.me\/51923151009\" target=\"_blank\" rel=\"noopener\">WhatsApp<\/a>.<\/p>\n","protected":false},"excerpt":{"rendered":"<p>Contenedor De Residuos 240 Litros el recipiente es resistente y est\u00e1 dise\u00f1ado para recoger y transportar desechos de forma eficiente. Con su capacidad para manejar grandes vol\u00famenes, resulta ideal para aplicaciones industriales y municipales y ofrece una soluci\u00f3n confiable para la gesti\u00f3n de residuos.<\/p>\n","protected":false},"featured_media":4389,"comment_status":"closed","ping_status":"closed","template":"","meta":{"_acf_changed":false},"product_brand":[],"product_cat":[44],"product_tag":[],"class_list":{"0":"post-4341","1":"product","2":"type-product","3":"status-publish","4":"has-post-thumbnail","6":"product_cat-antiderrames","8":"first","9":"instock","10":"shipping-taxable","11":"purchasable","12":"product-type-simple"},"acf":[],"_links":{"self":[{"href":"https:\/\/valesafety.com.pe\/index.php?rest_route=\/wp\/v2\/product\/4341","targetHints":{"allow":["GET"]}}],"collection":[{"href":"https:\/\/valesafety.com.pe\/index.php?rest_route=\/wp\/v2\/product"}],"about":[{"href":"https:\/\/valesafety.com.pe\/index.php?rest_route=\/wp\/v2\/types\/product"}],"replies":[{"embeddable":true,"href":"https:\/\/valesafety.com.pe\/index.php?rest_route=%2Fwp%2Fv2%2Fcomments&post=4341"}],"wp:featuredmedia":[{"embeddable":true,"href":"https:\/\/valesafety.com.pe\/index.php?rest_route=\/wp\/v2\/media\/4389"}],"wp:attachment":[{"href":"https:\/\/valesafety.com.pe\/index.php?rest_route=%2Fwp%2Fv2%2Fmedia&parent=4341"}],"wp:term":[{"taxonomy":"product_brand","embeddable":true,"href":"https:\/\/valesafety.com.pe\/index.php?rest_route=%2Fwp%2Fv2%2Fproduct_brand&post=4341"},{"taxonomy":"product_cat","embeddable":true,"href":"https:\/\/valesafety.com.pe\/index.php?rest_route=%2Fwp%2Fv2%2Fproduct_cat&post=4341"},{"taxonomy":"product_tag","embeddable":true,"href":"https:\/\/valesafety.com.pe\/index.php?rest_route=%2Fwp%2Fv2%2Fproduct_tag&post=4341"}],"curies":[{"name":"wp","href":"https:\/\/api.w.org\/{rel}","templated":true}]}}