{"id":4329,"date":"2026-04-23T22:26:42","date_gmt":"2026-04-23T20:26:42","guid":{"rendered":"http:\/\/localhost\/borrador\/?post_type=product&#038;p=4329"},"modified":"2026-05-07T10:36:33","modified_gmt":"2026-05-07T15:36:33","slug":"salchicha-1-20-3m","status":"publish","type":"product","link":"https:\/\/valesafety.com.pe\/?product=salchicha-1-20-3m","title":{"rendered":"Salchicha 1.20 3M"},"content":{"rendered":"<h2>Salchicha 1.20 3M<\/h2>\n<ul class=\"sps2-pdp_details--highlights_list\">\n<li class=\"sps2-pdp_details--highlights_item mds-font_paragraph\">Para utilizar solo en aplicaciones absorbentes de petr\u00f3leo.<\/li>\n<li class=\"sps2-pdp_details--highlights_item mds-font_paragraph\">Ideal para colocar alrededor de equipos.<\/li>\n<li class=\"sps2-pdp_details--highlights_item mds-font_paragraph\">Ayuda a evitar que fugas y derrames se propaguen a \u00e1reas adyacentes.<\/li>\n<li class=\"sps2-pdp_details--highlights_item mds-font_paragraph\">La tela en el exterior del mini cord\u00f3n identifica el uso, mientras que contiene material absorbente granulado.<\/li>\n<\/ul>\n<p>Necesitas m\u00e1s productos encu\u00e9ntralos en nuestra <a href=\"https:\/\/valesafety.com.pe\/tienda\">tienda\u00a0<\/a><\/p>\n<p>Para m\u00e1s informaci\u00f3n sobre este y otros productos, no dudes en contactarnos por\u00a0<a href=\"http:\/\/wa.me\/51923151009\" target=\"_blank\" rel=\"noopener\">WhatsApp<\/a>.<\/p>\n","protected":false},"excerpt":{"rendered":"<p>Estos son selectivos ya que absorben l\u00edquidos a base de hidrocarburos (olefinas) y repelen los productos a base de agua (hidr\u00f3fobos). Se utilizan t\u00edpicamente debido a su forma de tubo para rodear derrames y contener fugas.<\/p>\n","protected":false},"featured_media":4386,"comment_status":"closed","ping_status":"closed","template":"","meta":{"_acf_changed":false},"product_brand":[38],"product_cat":[44],"product_tag":[],"class_list":{"0":"post-4329","1":"product","2":"type-product","3":"status-publish","4":"has-post-thumbnail","6":"product_brand-3m","7":"product_cat-antiderrames","9":"first","10":"instock","11":"shipping-taxable","12":"purchasable","13":"product-type-simple"},"acf":[],"_links":{"self":[{"href":"https:\/\/valesafety.com.pe\/index.php?rest_route=\/wp\/v2\/product\/4329","targetHints":{"allow":["GET"]}}],"collection":[{"href":"https:\/\/valesafety.com.pe\/index.php?rest_route=\/wp\/v2\/product"}],"about":[{"href":"https:\/\/valesafety.com.pe\/index.php?rest_route=\/wp\/v2\/types\/product"}],"replies":[{"embeddable":true,"href":"https:\/\/valesafety.com.pe\/index.php?rest_route=%2Fwp%2Fv2%2Fcomments&post=4329"}],"wp:featuredmedia":[{"embeddable":true,"href":"https:\/\/valesafety.com.pe\/index.php?rest_route=\/wp\/v2\/media\/4386"}],"wp:attachment":[{"href":"https:\/\/valesafety.com.pe\/index.php?rest_route=%2Fwp%2Fv2%2Fmedia&parent=4329"}],"wp:term":[{"taxonomy":"product_brand","embeddable":true,"href":"https:\/\/valesafety.com.pe\/index.php?rest_route=%2Fwp%2Fv2%2Fproduct_brand&post=4329"},{"taxonomy":"product_cat","embeddable":true,"href":"https:\/\/valesafety.com.pe\/index.php?rest_route=%2Fwp%2Fv2%2Fproduct_cat&post=4329"},{"taxonomy":"product_tag","embeddable":true,"href":"https:\/\/valesafety.com.pe\/index.php?rest_route=%2Fwp%2Fv2%2Fproduct_tag&post=4329"}],"curies":[{"name":"wp","href":"https:\/\/api.w.org\/{rel}","templated":true}]}}