{"id":4328,"date":"2026-04-23T22:26:42","date_gmt":"2026-04-23T20:26:42","guid":{"rendered":"http:\/\/localhost\/borrador\/?post_type=product&#038;p=4328"},"modified":"2026-05-07T10:36:55","modified_gmt":"2026-05-07T15:36:55","slug":"salchichon-3m","status":"publish","type":"product","link":"https:\/\/valesafety.com.pe\/?product=salchichon-3m","title":{"rendered":"Salchichon 3M"},"content":{"rendered":"<h2>Salchichon 3M<\/h2>\n<ul>\n<li><strong data-start=\"962\" data-end=\"1000\">Material oleof\u00edlico e hidrof\u00f3bico:<\/strong> Absorbe hidrocarburos y repele el agua.<\/li>\n<li><strong data-start=\"1045\" data-end=\"1077\">Alta capacidad de absorci\u00f3n:<\/strong> Hasta <strong data-start=\"1084\" data-end=\"1108\">80 galones por bolsa<\/strong> , optimizando el manejo de derrames.<\/li>\n<li><strong data-start=\"1149\" data-end=\"1165\">Dimensiones:<\/strong> 8\u201d de di\u00e1metro x 10\u201d de longitud, ideal para rodear \u00e1reas con riesgo de contaminaci\u00f3n.<\/li>\n<li><strong data-start=\"1257\" data-end=\"1283\">Presentaci\u00f3n pr\u00e1ctica:<\/strong> Bolsa con <strong data-start=\"1294\" data-end=\"1317\">4 brazos absorbentes<\/strong> para una mejor distribuci\u00f3n y almacenamiento.<\/li>\n<li><strong data-start=\"1368\" data-end=\"1392\">Uso seguro y eficaz:<\/strong> Minimiza la propagaci\u00f3n de derrames y reduce el impacto ambiental.<\/li>\n<\/ul>\n<p>Necesitas m\u00e1s productos encu\u00e9ntralos en nuestra <a href=\"https:\/\/valesafety.com.pe\/tienda\">tienda\u00a0<\/a><\/p>\n<p>Para m\u00e1s informaci\u00f3n sobre este y otros productos, no dudes en contactarnos por\u00a0<a href=\"http:\/\/wa.me\/51923151009\" target=\"_blank\" rel=\"noopener\">WhatsApp<\/a>.<\/p>\n","protected":false},"excerpt":{"rendered":"<p>Salchichon 3M pueden formar cadenas uni\u00e9ndolos mediante conectores ubicados en sus extremos para cubrir cualquier tama\u00f1o de \u00e1rea incluso para derrames en mar abierto y \u00e1reas cercanas a la costa. No se deterioran ni desintegran, y a diferencia de las salchichas contenedoras no absorbentes, los booms T-270 no solamente absorben sino que retienen el l\u00edquido.<\/p>\n","protected":false},"featured_media":4385,"comment_status":"closed","ping_status":"closed","template":"","meta":{"_acf_changed":false},"product_brand":[38],"product_cat":[44,50],"product_tag":[226,275,276,277],"class_list":{"0":"post-4328","1":"product","2":"type-product","3":"status-publish","4":"has-post-thumbnail","6":"product_brand-3m","7":"product_cat-antiderrames","8":"product_cat-equipos-de-emergencia","9":"product_tag-3m","10":"product_tag-antiderrame","11":"product_tag-salchichon","12":"product_tag-t-270","14":"first","15":"instock","16":"shipping-taxable","17":"purchasable","18":"product-type-simple"},"acf":[],"_links":{"self":[{"href":"https:\/\/valesafety.com.pe\/index.php?rest_route=\/wp\/v2\/product\/4328","targetHints":{"allow":["GET"]}}],"collection":[{"href":"https:\/\/valesafety.com.pe\/index.php?rest_route=\/wp\/v2\/product"}],"about":[{"href":"https:\/\/valesafety.com.pe\/index.php?rest_route=\/wp\/v2\/types\/product"}],"replies":[{"embeddable":true,"href":"https:\/\/valesafety.com.pe\/index.php?rest_route=%2Fwp%2Fv2%2Fcomments&post=4328"}],"wp:featuredmedia":[{"embeddable":true,"href":"https:\/\/valesafety.com.pe\/index.php?rest_route=\/wp\/v2\/media\/4385"}],"wp:attachment":[{"href":"https:\/\/valesafety.com.pe\/index.php?rest_route=%2Fwp%2Fv2%2Fmedia&parent=4328"}],"wp:term":[{"taxonomy":"product_brand","embeddable":true,"href":"https:\/\/valesafety.com.pe\/index.php?rest_route=%2Fwp%2Fv2%2Fproduct_brand&post=4328"},{"taxonomy":"product_cat","embeddable":true,"href":"https:\/\/valesafety.com.pe\/index.php?rest_route=%2Fwp%2Fv2%2Fproduct_cat&post=4328"},{"taxonomy":"product_tag","embeddable":true,"href":"https:\/\/valesafety.com.pe\/index.php?rest_route=%2Fwp%2Fv2%2Fproduct_tag&post=4328"}],"curies":[{"name":"wp","href":"https:\/\/api.w.org\/{rel}","templated":true}]}}