{"id":4314,"date":"2026-04-23T22:26:15","date_gmt":"2026-04-23T20:26:15","guid":{"rendered":"http:\/\/localhost\/borrador\/?post_type=product&#038;p=4314"},"modified":"2026-05-07T09:43:59","modified_gmt":"2026-05-07T14:43:59","slug":"pala-truper","status":"publish","type":"product","link":"https:\/\/valesafety.com.pe\/?product=pala-truper","title":{"rendered":"Pala Truper"},"content":{"rendered":"<h2>Pala Truper<\/h2>\n<ul>\n<li data-start=\"708\" data-end=\"799\"><strong data-start=\"708\" data-end=\"737\">Mango de madera de fresno<\/strong> , con acabado laqueado para mayor resistencia y durabilidad.<\/li>\n<li data-start=\"802\" data-end=\"889\"><strong data-start=\"802\" data-end=\"832\">Cabeza de acero al carbono<\/strong> , con acabado laqueado que protege contra la corrosi\u00f3n.<\/li>\n<li data-start=\"892\" data-end=\"969\"><strong data-start=\"892\" data-end=\"927\">Ensamble con casquillo prensado<\/strong> , asegurando un ajuste s\u00f3lido y estable.<\/li>\n<li data-start=\"972\" data-end=\"1050\"><strong data-start=\"972\" data-end=\"999\">Pu\u00f1o \u00abY\u00bb recto met\u00e1lico<\/strong> , con agarradera de madera para un mejor control.<\/li>\n<li data-start=\"1053\" data-end=\"1127\"><strong data-start=\"1053\" data-end=\"1075\">Hombros extendidos<\/strong> , que facilitan la excavaci\u00f3n con mayor comodidad.<\/li>\n<\/ul>\n<p>Necesitas m\u00e1s productos encu\u00e9ntralos en nuestra <a href=\"https:\/\/valesafety.com.pe\/tienda\">tienda\u00a0<\/a><\/p>\n<p>Para m\u00e1s informaci\u00f3n sobre este y otros productos, no dudes en contactarnos por\u00a0<a href=\"http:\/\/wa.me\/51923151009\" target=\"_blank\" rel=\"noopener\">WhatsApp<\/a>.<\/p>\n","protected":false},"excerpt":{"rendered":"<p>Es una herramienta robusta y confiable para la manipulaci\u00f3n de materiales en trabajos de construcci\u00f3n y jardiner\u00eda. Fabricada con materiales de alta calidad, ofrece resistencia y durabilidad para tareas pesadas.<\/p>\n","protected":false},"featured_media":4371,"comment_status":"closed","ping_status":"closed","template":"","meta":{"_acf_changed":false},"product_brand":[37],"product_cat":[271],"product_tag":[],"class_list":{"0":"post-4314","1":"product","2":"type-product","3":"status-publish","4":"has-post-thumbnail","6":"product_brand-truper","7":"product_cat-ferreteria-2","9":"first","10":"instock","11":"shipping-taxable","12":"purchasable","13":"product-type-simple"},"acf":[],"_links":{"self":[{"href":"https:\/\/valesafety.com.pe\/index.php?rest_route=\/wp\/v2\/product\/4314","targetHints":{"allow":["GET"]}}],"collection":[{"href":"https:\/\/valesafety.com.pe\/index.php?rest_route=\/wp\/v2\/product"}],"about":[{"href":"https:\/\/valesafety.com.pe\/index.php?rest_route=\/wp\/v2\/types\/product"}],"replies":[{"embeddable":true,"href":"https:\/\/valesafety.com.pe\/index.php?rest_route=%2Fwp%2Fv2%2Fcomments&post=4314"}],"wp:featuredmedia":[{"embeddable":true,"href":"https:\/\/valesafety.com.pe\/index.php?rest_route=\/wp\/v2\/media\/4371"}],"wp:attachment":[{"href":"https:\/\/valesafety.com.pe\/index.php?rest_route=%2Fwp%2Fv2%2Fmedia&parent=4314"}],"wp:term":[{"taxonomy":"product_brand","embeddable":true,"href":"https:\/\/valesafety.com.pe\/index.php?rest_route=%2Fwp%2Fv2%2Fproduct_brand&post=4314"},{"taxonomy":"product_cat","embeddable":true,"href":"https:\/\/valesafety.com.pe\/index.php?rest_route=%2Fwp%2Fv2%2Fproduct_cat&post=4314"},{"taxonomy":"product_tag","embeddable":true,"href":"https:\/\/valesafety.com.pe\/index.php?rest_route=%2Fwp%2Fv2%2Fproduct_tag&post=4314"}],"curies":[{"name":"wp","href":"https:\/\/api.w.org\/{rel}","templated":true}]}}