{"id":4312,"date":"2026-04-23T22:26:14","date_gmt":"2026-04-23T20:26:14","guid":{"rendered":"http:\/\/localhost\/borrador\/?post_type=product&#038;p=4312"},"modified":"2026-05-06T15:39:58","modified_gmt":"2026-05-06T20:39:58","slug":"cinta-de-doble-contacto-3m","status":"publish","type":"product","link":"https:\/\/valesafety.com.pe\/?product=cinta-de-doble-contacto-3m","title":{"rendered":"Cinta De Doble Contacto 3M"},"content":{"rendered":"<h2>Cinta De Doble Contacto 3M<\/h2>\n<ul>\n<li>Uni\u00f3n permanente r\u00e1pida y f\u00e1cil de usar, proporciona una elevada resistencia y durabilidad a largo plazo.<\/li>\n<li>El adhesivo sensible a la presi\u00f3n une al entrar en contacto y permite la manipulaci\u00f3n inmediata.<\/li>\n<li>La alta absorci\u00f3n din\u00e1mica de tensi\u00f3n reduce la vibraci\u00f3n y la tensi\u00f3n por impacto<\/li>\n<li>Crea un sellado permanente contra agua, humedad, etc\u00e9tera.<\/li>\n<li>Permite el uso de materiales m\u00e1s finos, ligeros y de distinta naturaleza.<\/li>\n<li>Ofrece una buena resistencia a plastificantes.<\/li>\n<\/ul>\n","protected":false},"excerpt":{"rendered":"<p>Espuma acr\u00edlica blanca de celda cerrada con agresivo adhesivo acr\u00edlico en ambos lados, lo que le confiere poder de pegado inmediato y alta resistencia al desprendimiento.<\/p>\n","protected":false},"featured_media":4369,"comment_status":"closed","ping_status":"closed","template":"","meta":{"_acf_changed":false},"product_brand":[38],"product_cat":[271],"product_tag":[],"class_list":{"0":"post-4312","1":"product","2":"type-product","3":"status-publish","4":"has-post-thumbnail","6":"product_brand-3m","7":"product_cat-ferreteria-2","9":"first","10":"instock","11":"shipping-taxable","12":"purchasable","13":"product-type-simple"},"acf":[],"_links":{"self":[{"href":"https:\/\/valesafety.com.pe\/index.php?rest_route=\/wp\/v2\/product\/4312","targetHints":{"allow":["GET"]}}],"collection":[{"href":"https:\/\/valesafety.com.pe\/index.php?rest_route=\/wp\/v2\/product"}],"about":[{"href":"https:\/\/valesafety.com.pe\/index.php?rest_route=\/wp\/v2\/types\/product"}],"replies":[{"embeddable":true,"href":"https:\/\/valesafety.com.pe\/index.php?rest_route=%2Fwp%2Fv2%2Fcomments&post=4312"}],"wp:featuredmedia":[{"embeddable":true,"href":"https:\/\/valesafety.com.pe\/index.php?rest_route=\/wp\/v2\/media\/4369"}],"wp:attachment":[{"href":"https:\/\/valesafety.com.pe\/index.php?rest_route=%2Fwp%2Fv2%2Fmedia&parent=4312"}],"wp:term":[{"taxonomy":"product_brand","embeddable":true,"href":"https:\/\/valesafety.com.pe\/index.php?rest_route=%2Fwp%2Fv2%2Fproduct_brand&post=4312"},{"taxonomy":"product_cat","embeddable":true,"href":"https:\/\/valesafety.com.pe\/index.php?rest_route=%2Fwp%2Fv2%2Fproduct_cat&post=4312"},{"taxonomy":"product_tag","embeddable":true,"href":"https:\/\/valesafety.com.pe\/index.php?rest_route=%2Fwp%2Fv2%2Fproduct_tag&post=4312"}],"curies":[{"name":"wp","href":"https:\/\/api.w.org\/{rel}","templated":true}]}}