{"id":4311,"date":"2026-04-23T22:26:14","date_gmt":"2026-04-23T20:26:14","guid":{"rendered":"http:\/\/localhost\/borrador\/?post_type=product&#038;p=4311"},"modified":"2026-05-06T15:40:29","modified_gmt":"2026-05-06T20:40:29","slug":"cinta-aislante-truper","status":"publish","type":"product","link":"https:\/\/valesafety.com.pe\/?product=cinta-aislante-truper","title":{"rendered":"Cinta Aislante Truper"},"content":{"rendered":"<h2>Cinta Aislante Truper<\/h2>\n<p>Dise\u00f1ada para ser el doble de resistente frente a condiciones clim\u00e1ticas adversas y extremas. Esta cinta, fabricada en PVC con adhesivo acr\u00edlico, cuenta con un acabado brillante que aporta durabilidad y estilo. Es retardante de llama, lo que la hace segura para aplicaciones el\u00e9ctricas. Ideal para el aislamiento de cables y alambres con una capacidad<\/p>\n<p>Sus especificaciones incluyen<\/p>\n<ul>\n<li><strong>Resistencia al voltaje<\/strong> :<\/li>\n<li><strong>Dimensiones<\/strong> : Largo de 18 m,<\/li>\n<li><strong>Rango de temperatura<\/strong> : Soporta desde<\/li>\n<li><strong>Resistencia a la ruptura<\/strong> : Hasta 8 kg<\/li>\n<li><strong>Colores:<\/strong> Rojo, Verde, Azul, Amarillo, Negro y Blanco.<\/li>\n<\/ul>\n<p>Necesitas m\u00e1s productos encu\u00e9ntralos en nuestra <a href=\"https:\/\/valesafety.com.pe\/tienda\">tienda\u00a0<\/a><\/p>\n<p>Para m\u00e1s informaci\u00f3n sobre este y otros productos, no dudes en contactarnos por\u00a0<a href=\"http:\/\/wa.me\/51923151009\" target=\"_blank\" rel=\"noopener\">WhatsApp<\/a>.<\/p>\n<p>&nbsp;<\/p>\n","protected":false},"excerpt":{"rendered":"<p>La Cinta Aislante Truper se requiere en trabajos el\u00e9ctricos. Hecha con materiales duraderos, proporciona aislamiento confiable para conexiones el\u00e9ctricas. Garantiza la seguridad y la integridad de las instalaciones el\u00e9ctricas, siendo resistente al calor y a la humedad.<\/p>\n","protected":false},"featured_media":4368,"comment_status":"closed","ping_status":"closed","template":"","meta":{"_acf_changed":false},"product_brand":[37],"product_cat":[271],"product_tag":[],"class_list":{"0":"post-4311","1":"product","2":"type-product","3":"status-publish","4":"has-post-thumbnail","6":"product_brand-truper","7":"product_cat-ferreteria-2","9":"first","10":"instock","11":"shipping-taxable","12":"purchasable","13":"product-type-simple"},"acf":[],"_links":{"self":[{"href":"https:\/\/valesafety.com.pe\/index.php?rest_route=\/wp\/v2\/product\/4311","targetHints":{"allow":["GET"]}}],"collection":[{"href":"https:\/\/valesafety.com.pe\/index.php?rest_route=\/wp\/v2\/product"}],"about":[{"href":"https:\/\/valesafety.com.pe\/index.php?rest_route=\/wp\/v2\/types\/product"}],"replies":[{"embeddable":true,"href":"https:\/\/valesafety.com.pe\/index.php?rest_route=%2Fwp%2Fv2%2Fcomments&post=4311"}],"wp:featuredmedia":[{"embeddable":true,"href":"https:\/\/valesafety.com.pe\/index.php?rest_route=\/wp\/v2\/media\/4368"}],"wp:attachment":[{"href":"https:\/\/valesafety.com.pe\/index.php?rest_route=%2Fwp%2Fv2%2Fmedia&parent=4311"}],"wp:term":[{"taxonomy":"product_brand","embeddable":true,"href":"https:\/\/valesafety.com.pe\/index.php?rest_route=%2Fwp%2Fv2%2Fproduct_brand&post=4311"},{"taxonomy":"product_cat","embeddable":true,"href":"https:\/\/valesafety.com.pe\/index.php?rest_route=%2Fwp%2Fv2%2Fproduct_cat&post=4311"},{"taxonomy":"product_tag","embeddable":true,"href":"https:\/\/valesafety.com.pe\/index.php?rest_route=%2Fwp%2Fv2%2Fproduct_tag&post=4311"}],"curies":[{"name":"wp","href":"https:\/\/api.w.org\/{rel}","templated":true}]}}