{"id":4310,"date":"2026-04-23T22:26:14","date_gmt":"2026-04-23T20:26:14","guid":{"rendered":"http:\/\/localhost\/borrador\/?post_type=product&#038;p=4310"},"modified":"2026-04-29T16:48:29","modified_gmt":"2026-04-29T21:48:29","slug":"cinta-aislante-3m","status":"publish","type":"product","link":"https:\/\/valesafety.com.pe\/?product=cinta-aislante-3m","title":{"rendered":"Cinta Aislante 3M"},"content":{"rendered":"<h2>Cinta Aislante 3M<\/h2>\n<ul>\n<li>Resistente a la abrasi\u00f3n, al agua, al ozono y a los rayos UV<\/li>\n<li>Buena adhesi\u00f3n a una variedad de superficies<\/li>\n<li>F\u00e1cil de aplicar y se puede cortar con las manos<\/li>\n<li>Adecuada para aplicaciones de baja tensi\u00f3n<\/li>\n<li>Colores: Verde. Rojo Amarillo Blanco<\/li>\n<li>Dimensiones: 3\/4\u201dx 20m x 7 mil.<\/li>\n<li>Mantiene una \u00f3ptima protecci\u00f3n entre los 0\u00b0C y 105\u00b0C.<\/li>\n<\/ul>\n<p data-sourcepos=\"1:1-1:321\">La <strong>Cinta El\u00e9ctrica de PVC 3M\u2122 Temflex\u2122 165<\/strong> es una cinta aislante de vinilo vers\u00e1til y de alta calidad, ideal para una variedad de usos. Ofrece una <strong>excelente resistencia a la humedad y a las condiciones clim\u00e1ticas cambiantes<\/strong>, siendo <strong>ign\u00edfuga y adaptable<\/strong> gracias a su composici\u00f3n de cloruro de polivinilo (PVC).<\/p>\n<p data-sourcepos=\"3:1-3:194\">Esta cinta de 3M Temflex 165 brinda una <strong>protecci\u00f3n mec\u00e1nica robusta con un grosor m\u00ednimo<\/strong>. Est\u00e1 <strong>certificada por CSA y listada por UL<\/strong>, y su proceso de fabricaci\u00f3n <strong>no utiliza solventes<\/strong>.<\/p>\n<p data-sourcepos=\"5:1-5:265\">Es perfecta para el <strong>aislamiento primario de cables y alambres de baja tensi\u00f3n<\/strong>, as\u00ed como para <strong>reparaciones y la organizaci\u00f3n de mazos de cables<\/strong>. Esta cinta de <strong>calidad profesional<\/strong> asegura un rendimiento superior tanto en <strong>interiores como en exteriores<\/strong>.<\/p>\n<p>Necesitas m\u00e1s productos encu\u00e9ntralos en nuestra <a href=\"https:\/\/valesafety.com.pe\/tienda\">tienda\u00a0<\/a><\/p>\n<p>Para m\u00e1s informaci\u00f3n sobre este y otros productos, no dudes en contactarnos por\u00a0<a href=\"http:\/\/wa.me\/51923151009\" target=\"_blank\" rel=\"noopener\">WhatsApp<\/a>.<\/p>\n","protected":false},"excerpt":{"rendered":"<p>La Cinta Aislante 3M esta hecha con materiales de alta calidad, brinda aislamiento el\u00e9ctrico confiable y duradero. Brinda seguridad y rendimiento \u00f3ptimo a las conexiones el\u00e9ctricas, resistiendo el calor y la humedad.<\/p>\n<p>&nbsp;<\/p>\n<p>&nbsp;<\/p>\n","protected":false},"featured_media":4367,"comment_status":"closed","ping_status":"closed","template":"","meta":{"_acf_changed":false},"product_brand":[],"product_cat":[271],"product_tag":[],"class_list":{"0":"post-4310","1":"product","2":"type-product","3":"status-publish","4":"has-post-thumbnail","6":"product_cat-ferreteria-2","8":"first","9":"instock","10":"shipping-taxable","11":"purchasable","12":"product-type-simple"},"acf":[],"_links":{"self":[{"href":"https:\/\/valesafety.com.pe\/index.php?rest_route=\/wp\/v2\/product\/4310","targetHints":{"allow":["GET"]}}],"collection":[{"href":"https:\/\/valesafety.com.pe\/index.php?rest_route=\/wp\/v2\/product"}],"about":[{"href":"https:\/\/valesafety.com.pe\/index.php?rest_route=\/wp\/v2\/types\/product"}],"replies":[{"embeddable":true,"href":"https:\/\/valesafety.com.pe\/index.php?rest_route=%2Fwp%2Fv2%2Fcomments&post=4310"}],"wp:featuredmedia":[{"embeddable":true,"href":"https:\/\/valesafety.com.pe\/index.php?rest_route=\/wp\/v2\/media\/4367"}],"wp:attachment":[{"href":"https:\/\/valesafety.com.pe\/index.php?rest_route=%2Fwp%2Fv2%2Fmedia&parent=4310"}],"wp:term":[{"taxonomy":"product_brand","embeddable":true,"href":"https:\/\/valesafety.com.pe\/index.php?rest_route=%2Fwp%2Fv2%2Fproduct_brand&post=4310"},{"taxonomy":"product_cat","embeddable":true,"href":"https:\/\/valesafety.com.pe\/index.php?rest_route=%2Fwp%2Fv2%2Fproduct_cat&post=4310"},{"taxonomy":"product_tag","embeddable":true,"href":"https:\/\/valesafety.com.pe\/index.php?rest_route=%2Fwp%2Fv2%2Fproduct_tag&post=4310"}],"curies":[{"name":"wp","href":"https:\/\/api.w.org\/{rel}","templated":true}]}}