{"id":4308,"date":"2026-04-23T22:26:14","date_gmt":"2026-04-23T20:26:14","guid":{"rendered":"http:\/\/localhost\/borrador\/?post_type=product&#038;p=4308"},"modified":"2026-05-06T14:22:38","modified_gmt":"2026-05-06T19:22:38","slug":"campera-eins-punta-de-acero","status":"publish","type":"product","link":"https:\/\/valesafety.com.pe\/?product=campera-eins-punta-de-acero","title":{"rendered":"Campera Eins Punta De Acero"},"content":{"rendered":"<h2>Campera Eins Punta De Acero<\/h2>\n<ul>\n<li>Capellada: cuero flotier.<\/li>\n<li>Hidrofugado marr\u00f3n de 2.0 mm de espesor.<\/li>\n<li>Forro interior: badana natural de 0.8 mm de espesor en la talonera.<\/li>\n<li>Puntera: acero 200 J \u2013 ISO 20345\/\/F2413-11.<\/li>\n<li>Palmilla: Max Flex anti perforante \u2013 ISO 20345\/\/F2413-11.<\/li>\n<li>Planta: Poliuretano ultra light.<\/li>\n<li>Plantilla: Antimicrobiano.<\/li>\n<\/ul>\n<p>Necesitas m\u00e1s productos encu\u00e9ntralos en nuestra <a href=\"https:\/\/valesafety.com.pe\/tienda\">tienda\u00a0<\/a><\/p>\n<p>Para m\u00e1s informaci\u00f3n sobre este y otros productos, no dudes en contactarnos por\u00a0<a href=\"http:\/\/wa.me\/51923151009\" target=\"_blank\" rel=\"noopener\">WhatsApp<\/a>.<\/p>\n","protected":false},"excerpt":{"rendered":"<p>Fabricada con materiales resistentes y dise\u00f1o ergon\u00f3mico, brinda protecci\u00f3n contra impactos y lesiones en los pies, asegurando la seguridad del usuario.<\/p>\n","protected":false},"featured_media":4356,"comment_status":"closed","ping_status":"closed","template":"","meta":{"_acf_changed":false},"product_brand":[629],"product_cat":[68,116],"product_tag":[],"class_list":{"0":"post-4308","1":"product","2":"type-product","3":"status-publish","4":"has-post-thumbnail","6":"product_brand-eins","7":"product_cat-zapatos-de-seguridad","8":"product_cat-zapatos-de-trabajo","10":"first","11":"instock","12":"shipping-taxable","13":"purchasable","14":"product-type-simple"},"acf":[],"_links":{"self":[{"href":"https:\/\/valesafety.com.pe\/index.php?rest_route=\/wp\/v2\/product\/4308","targetHints":{"allow":["GET"]}}],"collection":[{"href":"https:\/\/valesafety.com.pe\/index.php?rest_route=\/wp\/v2\/product"}],"about":[{"href":"https:\/\/valesafety.com.pe\/index.php?rest_route=\/wp\/v2\/types\/product"}],"replies":[{"embeddable":true,"href":"https:\/\/valesafety.com.pe\/index.php?rest_route=%2Fwp%2Fv2%2Fcomments&post=4308"}],"wp:featuredmedia":[{"embeddable":true,"href":"https:\/\/valesafety.com.pe\/index.php?rest_route=\/wp\/v2\/media\/4356"}],"wp:attachment":[{"href":"https:\/\/valesafety.com.pe\/index.php?rest_route=%2Fwp%2Fv2%2Fmedia&parent=4308"}],"wp:term":[{"taxonomy":"product_brand","embeddable":true,"href":"https:\/\/valesafety.com.pe\/index.php?rest_route=%2Fwp%2Fv2%2Fproduct_brand&post=4308"},{"taxonomy":"product_cat","embeddable":true,"href":"https:\/\/valesafety.com.pe\/index.php?rest_route=%2Fwp%2Fv2%2Fproduct_cat&post=4308"},{"taxonomy":"product_tag","embeddable":true,"href":"https:\/\/valesafety.com.pe\/index.php?rest_route=%2Fwp%2Fv2%2Fproduct_tag&post=4308"}],"curies":[{"name":"wp","href":"https:\/\/api.w.org\/{rel}","templated":true}]}}