{"id":4296,"date":"2026-04-23T22:25:44","date_gmt":"2026-04-23T20:25:44","guid":{"rendered":"http:\/\/localhost\/borrador\/?post_type=product&#038;p=4296"},"modified":"2026-05-06T12:33:34","modified_gmt":"2026-05-06T17:33:34","slug":"bota-campera-dielectrica-s13-2","status":"publish","type":"product","link":"https:\/\/valesafety.com.pe\/?product=bota-campera-dielectrica-s13-2","title":{"rendered":"Bota Campera Diel\u00e9ctrica S13-2"},"content":{"rendered":"<h2><span class=\"OYPEnA font-feature-liga-off font-feature-clig-off font-feature-calt-off text-decoration-none text-strikethrough-none\">Bota Campera Diel\u00e9ctrica S13-2<\/span><\/h2>\n<ul>\n<li><strong data-start=\"824\" data-end=\"852\">Cuero nobuck hidrofugado<\/strong> de 2.0 a 2.2 mm, resistente al agua y al desgaste.<\/li>\n<li><strong data-start=\"908\" data-end=\"942\">Forro Smartec Air transpirable<\/strong> , con alta dispersi\u00f3n de humedad para mantener los pies secos.<\/li>\n<li><strong data-start=\"1009\" data-end=\"1033\">Puntera de composite<\/strong> , con resistencia al impacto de 200 J y compresi\u00f3n de 15 kN.<\/li>\n<li><strong data-start=\"1098\" data-end=\"1121\">Plantilla Comfortho<\/strong> , dise\u00f1ada para m\u00e1ximo confort y soporte.<\/li>\n<li><strong data-start=\"1167\" data-end=\"1196\">Falsa Maxflex no met\u00e1lica<\/strong> , antiperforante y resistente hasta 1100 N.<\/li>\n<li><strong data-start=\"1244\" data-end=\"1278\">Suela de poliuretano inyectado<\/strong> , liviana, antideslizante y resistente a aceites y abrasi\u00f3n.<\/li>\n<li><strong data-start=\"1343\" data-end=\"1383\">Aislamiento el\u00e9ctrico de hasta 18 kV<\/strong> , seg\u00fan normas NTP ISO 20345:2017 y ASTM F2413:2018.<\/li>\n<li><strong data-start=\"1440\" data-end=\"1466\">Certificaci\u00f3n Oeko-Tex<\/strong> , garantizando seguridad en los materiales utilizados.<\/li>\n<\/ul>\n<h3 class=\"\" data-start=\"1524\" data-end=\"1584\"><strong data-start=\"1528\" data-end=\"1582\">Aplicaciones de la Bota Campera Diel\u00e9ctrica S13-2:<\/strong><\/h3>\n<ul>\n<li data-start=\"1585\" data-end=\"1778\">Trabajos el\u00e9ctricos y de alta tensi\u00f3n.<\/li>\n<li data-start=\"1585\" data-end=\"1778\">Construcci\u00f3n y mantenimiento industrial.<\/li>\n<li data-start=\"1585\" data-end=\"1778\">Industria minera y petrolera.<\/li>\n<li data-start=\"1585\" data-end=\"1778\">Ambientes con exposici\u00f3n a aceites, grasas y sustancias corrosivas.<\/li>\n<\/ul>\n<p>Necesitas m\u00e1s productos encu\u00e9ntralos en nuestra <a href=\"https:\/\/valesafety.com.pe\/tienda\">tienda\u00a0<\/a><\/p>\n<p>Para m\u00e1s informaci\u00f3n sobre este y otros productos, no dudes en contactarnos por\u00a0<a href=\"http:\/\/wa.me\/51923151009\" target=\"_blank\" rel=\"noopener\">WhatsApp<\/a>.<\/p>\n","protected":false},"excerpt":{"rendered":"<p>La Bota Campera Diel\u00e9ctrica S13-2 es un calzado de seguridad industrial dise\u00f1ado para ofrecer protecci\u00f3n el\u00e9ctrica hasta 18 kV , ideal para trabajadores expuestos a riesgos el\u00e9ctricos y mec\u00e1nicos . Su construcci\u00f3n con cuero nobuck hidrofugado y su puntera de composite garantizan durabilidad, resistencia y confort en ambientes exigentes.<\/p>\n","protected":false},"featured_media":4355,"comment_status":"closed","ping_status":"closed","template":"","meta":{"_acf_changed":false},"product_brand":[629],"product_cat":[68,116],"product_tag":[270],"class_list":{"0":"post-4296","1":"product","2":"type-product","3":"status-publish","4":"has-post-thumbnail","6":"product_brand-eins","7":"product_cat-zapatos-de-seguridad","8":"product_cat-zapatos-de-trabajo","9":"product_tag-camperas-de-seguridad","11":"first","12":"instock","13":"shipping-taxable","14":"purchasable","15":"product-type-simple"},"acf":[],"_links":{"self":[{"href":"https:\/\/valesafety.com.pe\/index.php?rest_route=\/wp\/v2\/product\/4296","targetHints":{"allow":["GET"]}}],"collection":[{"href":"https:\/\/valesafety.com.pe\/index.php?rest_route=\/wp\/v2\/product"}],"about":[{"href":"https:\/\/valesafety.com.pe\/index.php?rest_route=\/wp\/v2\/types\/product"}],"replies":[{"embeddable":true,"href":"https:\/\/valesafety.com.pe\/index.php?rest_route=%2Fwp%2Fv2%2Fcomments&post=4296"}],"wp:featuredmedia":[{"embeddable":true,"href":"https:\/\/valesafety.com.pe\/index.php?rest_route=\/wp\/v2\/media\/4355"}],"wp:attachment":[{"href":"https:\/\/valesafety.com.pe\/index.php?rest_route=%2Fwp%2Fv2%2Fmedia&parent=4296"}],"wp:term":[{"taxonomy":"product_brand","embeddable":true,"href":"https:\/\/valesafety.com.pe\/index.php?rest_route=%2Fwp%2Fv2%2Fproduct_brand&post=4296"},{"taxonomy":"product_cat","embeddable":true,"href":"https:\/\/valesafety.com.pe\/index.php?rest_route=%2Fwp%2Fv2%2Fproduct_cat&post=4296"},{"taxonomy":"product_tag","embeddable":true,"href":"https:\/\/valesafety.com.pe\/index.php?rest_route=%2Fwp%2Fv2%2Fproduct_tag&post=4296"}],"curies":[{"name":"wp","href":"https:\/\/api.w.org\/{rel}","templated":true}]}}