{"id":4295,"date":"2026-04-23T22:25:44","date_gmt":"2026-04-23T20:25:44","guid":{"rendered":"http:\/\/localhost\/borrador\/?post_type=product&#038;p=4295"},"modified":"2026-05-06T12:36:21","modified_gmt":"2026-05-06T17:36:21","slug":"bota-campera-therion-sandder-tnt","status":"publish","type":"product","link":"https:\/\/valesafety.com.pe\/?product=bota-campera-therion-sandder-tnt","title":{"rendered":"Bota Campera Therion Sandder TNT"},"content":{"rendered":"<h2 class=\"indIKd q23Yce fA1vYb cS4Vcb-pGL6qe-fwJd0c\">Bota Campera Therion Sandder TNT<\/h2>\n<ul>\n<li>Capellada 100% cuero para m\u00e1xima durabilidad y resistencia.<\/li>\n<li>Suela de caucho nitrilo , antideslizante y resistente a grasas, hidrocarburos y abrasi\u00f3n.<\/li>\n<li>Protecci\u00f3n diel\u00e9ctrica de hasta 20 kV , ideal para trabajos el\u00e9ctricos.<\/li>\n<li>Puntera de fibra de vidrio , con resistencia al impacto de 200 J y compresi\u00f3n de 15 kN.<\/li>\n<li>Plantilla con tejido Kevlar , resistente a perforaciones de hasta 1100 N (EN 12568).<\/li>\n<li>Forro textil respirable , que mejora la comodidad y evita la acumulaci\u00f3n de humedad.<\/li>\n<li>Normas de seguridad NTP-ISO 20345 \/ ASTM 2413-11 , garantizando calidad y protecci\u00f3n.<\/li>\n<\/ul>\n<h3 class=\"\" data-start=\"1403\" data-end=\"1465\"><strong data-start=\"1407\" data-end=\"1463\">Aplicaciones de la Bota Campera Therion Sandder TNT:<\/strong><\/h3>\n<ul>\n<li data-start=\"1466\" data-end=\"1720\">Trabajos el\u00e9ctricos y en instalaciones de alta tensi\u00f3n.<\/li>\n<li data-start=\"1466\" data-end=\"1720\">Industria de la construcci\u00f3n y mantenimiento industrial.<\/li>\n<li data-start=\"1466\" data-end=\"1720\">Ambientes con exposici\u00f3n a hidrocarburos y sustancias corrosivas.<\/li>\n<li data-start=\"1466\" data-end=\"1720\">Actividades en superficies resbaladizas o de alto desgaste.<\/li>\n<\/ul>\n<p>Necesitas m\u00e1s productos encu\u00e9ntralos en nuestra <a href=\"https:\/\/valesafety.com.pe\/tienda\">tienda .<\/a><\/p>\n<p>Para m\u00e1s informaci\u00f3n sobre este y otros productos, no dudes en contactarnos por\u00a0<a href=\"http:\/\/wa.me\/977762682\" target=\"_blank\" rel=\"noopener\">WhatsApp<\/a>.<\/p>\n","protected":false},"excerpt":{"rendered":"<p>La Bota Campera Therion Sandder TNT es una soluci\u00f3n de seguridad industrial dise\u00f1ada para ofrecer protecci\u00f3n diel\u00e9ctrica de hasta 20 kV , ideal para trabajos el\u00e9ctricos y de alto riesgo. Su estructura robusta y materiales de alta calidad la convierten en un calzado resistente y confiable para m\u00faltiples entornos laborales.<\/p>\n","protected":false},"featured_media":4354,"comment_status":"closed","ping_status":"closed","template":"","meta":{"_acf_changed":false},"product_brand":[630],"product_cat":[68,116],"product_tag":[],"class_list":{"0":"post-4295","1":"product","2":"type-product","3":"status-publish","4":"has-post-thumbnail","6":"product_brand-sandder-tnt","7":"product_cat-zapatos-de-seguridad","8":"product_cat-zapatos-de-trabajo","10":"first","11":"instock","12":"shipping-taxable","13":"purchasable","14":"product-type-simple"},"acf":[],"_links":{"self":[{"href":"https:\/\/valesafety.com.pe\/index.php?rest_route=\/wp\/v2\/product\/4295","targetHints":{"allow":["GET"]}}],"collection":[{"href":"https:\/\/valesafety.com.pe\/index.php?rest_route=\/wp\/v2\/product"}],"about":[{"href":"https:\/\/valesafety.com.pe\/index.php?rest_route=\/wp\/v2\/types\/product"}],"replies":[{"embeddable":true,"href":"https:\/\/valesafety.com.pe\/index.php?rest_route=%2Fwp%2Fv2%2Fcomments&post=4295"}],"wp:featuredmedia":[{"embeddable":true,"href":"https:\/\/valesafety.com.pe\/index.php?rest_route=\/wp\/v2\/media\/4354"}],"wp:attachment":[{"href":"https:\/\/valesafety.com.pe\/index.php?rest_route=%2Fwp%2Fv2%2Fmedia&parent=4295"}],"wp:term":[{"taxonomy":"product_brand","embeddable":true,"href":"https:\/\/valesafety.com.pe\/index.php?rest_route=%2Fwp%2Fv2%2Fproduct_brand&post=4295"},{"taxonomy":"product_cat","embeddable":true,"href":"https:\/\/valesafety.com.pe\/index.php?rest_route=%2Fwp%2Fv2%2Fproduct_cat&post=4295"},{"taxonomy":"product_tag","embeddable":true,"href":"https:\/\/valesafety.com.pe\/index.php?rest_route=%2Fwp%2Fv2%2Fproduct_tag&post=4295"}],"curies":[{"name":"wp","href":"https:\/\/api.w.org\/{rel}","templated":true}]}}