{"id":4294,"date":"2026-04-23T22:25:44","date_gmt":"2026-04-23T20:25:44","guid":{"rendered":"http:\/\/localhost\/borrador\/?post_type=product&#038;p=4294"},"modified":"2026-05-06T14:21:07","modified_gmt":"2026-05-06T19:21:07","slug":"caja-de-bloqueo-loto-master","status":"publish","type":"product","link":"https:\/\/valesafety.com.pe\/?product=caja-de-bloqueo-loto-master","title":{"rendered":"Caja De Bloqueo Loto Master"},"content":{"rendered":"<h2>Caja De Bloqueo Loto Master<\/h2>\n<ul>\n<li>Construcci\u00f3n robusta y duradera para resistir condiciones industriales.<\/li>\n<li>Dise\u00f1o compacto con capacidad para almacenar m\u00faltiples dispositivos de bloqueo.<\/li>\n<li>Compartimentos internos para una organizaci\u00f3n eficiente de los candados y etiquetas.<\/li>\n<li>Materiales resistentes a la corrosi\u00f3n y a los impactos.<\/li>\n<li>Cierre seguro con opci\u00f3n de candado para mayor protecci\u00f3n.<\/li>\n<\/ul>\n<p>Necesitas m\u00e1s productos encu\u00e9ntralos en nuestra <a href=\"https:\/\/valesafety.com.pe\/tienda\">tienda .<\/a><\/p>\n<p>Para m\u00e1s informaci\u00f3n sobre este y otros productos, no dudes en contactarnos por\u00a0<a href=\"http:\/\/wa.me\/977762682\" target=\"_blank\" rel=\"noopener\">WhatsApp<\/a>.<\/p>\n","protected":false},"excerpt":{"rendered":"<p>La caja de bloqueo se usa para la gesti\u00f3n de seguridad es fundamental. Hecha con materiales resistentes y un dise\u00f1o ergon\u00f3mico, posibilita el almacenamiento seguro de dispositivos de bloqueo.<\/p>\n","protected":false},"featured_media":4353,"comment_status":"closed","ping_status":"closed","template":"","meta":{"_acf_changed":false},"product_brand":[32],"product_cat":[45],"product_tag":[269],"class_list":{"0":"post-4294","1":"product","2":"type-product","3":"status-publish","4":"has-post-thumbnail","6":"product_brand-loto-master","7":"product_cat-bloqueo-y-etiquetado","8":"product_tag-maletin-de-bloqueo","10":"first","11":"instock","12":"shipping-taxable","13":"purchasable","14":"product-type-simple"},"acf":[],"_links":{"self":[{"href":"https:\/\/valesafety.com.pe\/index.php?rest_route=\/wp\/v2\/product\/4294","targetHints":{"allow":["GET"]}}],"collection":[{"href":"https:\/\/valesafety.com.pe\/index.php?rest_route=\/wp\/v2\/product"}],"about":[{"href":"https:\/\/valesafety.com.pe\/index.php?rest_route=\/wp\/v2\/types\/product"}],"replies":[{"embeddable":true,"href":"https:\/\/valesafety.com.pe\/index.php?rest_route=%2Fwp%2Fv2%2Fcomments&post=4294"}],"wp:featuredmedia":[{"embeddable":true,"href":"https:\/\/valesafety.com.pe\/index.php?rest_route=\/wp\/v2\/media\/4353"}],"wp:attachment":[{"href":"https:\/\/valesafety.com.pe\/index.php?rest_route=%2Fwp%2Fv2%2Fmedia&parent=4294"}],"wp:term":[{"taxonomy":"product_brand","embeddable":true,"href":"https:\/\/valesafety.com.pe\/index.php?rest_route=%2Fwp%2Fv2%2Fproduct_brand&post=4294"},{"taxonomy":"product_cat","embeddable":true,"href":"https:\/\/valesafety.com.pe\/index.php?rest_route=%2Fwp%2Fv2%2Fproduct_cat&post=4294"},{"taxonomy":"product_tag","embeddable":true,"href":"https:\/\/valesafety.com.pe\/index.php?rest_route=%2Fwp%2Fv2%2Fproduct_tag&post=4294"}],"curies":[{"name":"wp","href":"https:\/\/api.w.org\/{rel}","templated":true}]}}