{"id":4291,"date":"2026-04-23T22:25:43","date_gmt":"2026-04-23T20:25:43","guid":{"rendered":"http:\/\/localhost\/borrador\/?post_type=product&#038;p=4291"},"modified":"2026-04-29T15:26:14","modified_gmt":"2026-04-29T20:26:14","slug":"candado-de-bloqueo-dialectico","status":"publish","type":"product","link":"https:\/\/valesafety.com.pe\/?product=candado-de-bloqueo-dialectico","title":{"rendered":"Candado de Bloqueo Dial\u00e9ctico"},"content":{"rendered":"<h2>Candado de Bloqueo Dial\u00e9ctico Loto Corto y Largo.<\/h2>\n<ul>\n<li>Todos los componentes son antiest\u00e1ticos y antimagn\u00e9ticos: pl\u00e1stico, cobre, lat\u00f3n.<\/li>\n<li>Dise\u00f1ado exclusivamente para aplicaciones de bloqueo\/identificaci\u00f3n.<\/li>\n<li>Estructura del candado duradera, liviana, no conductora. cumple con la normativa de OSHA.<\/li>\n<li>La retenci\u00f3n de la llave garantiza que el candado no quede abierto.<\/li>\n<\/ul>\n<p>Necesitas m\u00e1s productos encu\u00e9ntralos en nuestra <a href=\"https:\/\/valesafety.com.pe\/tienda\">tienda\u00a0<\/a><\/p>\n<p>Para m\u00e1s informaci\u00f3n sobre este y otros productos, no dudes en contactarnos por\u00a0<a href=\"http:\/\/wa.me\/51923151009\" target=\"_blank\" rel=\"noopener\">WhatsApp<\/a>.<\/p>\n","protected":false},"excerpt":{"rendered":"<p>El bloqueo de candado termopl\u00e1stico diel\u00e9ctrico resiste diferentes temperaturas, asegurando resistencia, durabilidad y el m\u00e1s alto est\u00e1ndar de calidad. Perfecto para aplicaciones sencillas de bloqueo y un n\u00famero manejable de puntos aislados de energ\u00eda.<\/p>\n","protected":false},"featured_media":4350,"comment_status":"closed","ping_status":"closed","template":"","meta":{"_acf_changed":false},"product_brand":[],"product_cat":[45],"product_tag":[],"class_list":{"0":"post-4291","1":"product","2":"type-product","3":"status-publish","4":"has-post-thumbnail","6":"product_cat-bloqueo-y-etiquetado","8":"first","9":"instock","10":"shipping-taxable","11":"purchasable","12":"product-type-simple"},"acf":[],"_links":{"self":[{"href":"https:\/\/valesafety.com.pe\/index.php?rest_route=\/wp\/v2\/product\/4291","targetHints":{"allow":["GET"]}}],"collection":[{"href":"https:\/\/valesafety.com.pe\/index.php?rest_route=\/wp\/v2\/product"}],"about":[{"href":"https:\/\/valesafety.com.pe\/index.php?rest_route=\/wp\/v2\/types\/product"}],"replies":[{"embeddable":true,"href":"https:\/\/valesafety.com.pe\/index.php?rest_route=%2Fwp%2Fv2%2Fcomments&post=4291"}],"wp:featuredmedia":[{"embeddable":true,"href":"https:\/\/valesafety.com.pe\/index.php?rest_route=\/wp\/v2\/media\/4350"}],"wp:attachment":[{"href":"https:\/\/valesafety.com.pe\/index.php?rest_route=%2Fwp%2Fv2%2Fmedia&parent=4291"}],"wp:term":[{"taxonomy":"product_brand","embeddable":true,"href":"https:\/\/valesafety.com.pe\/index.php?rest_route=%2Fwp%2Fv2%2Fproduct_brand&post=4291"},{"taxonomy":"product_cat","embeddable":true,"href":"https:\/\/valesafety.com.pe\/index.php?rest_route=%2Fwp%2Fv2%2Fproduct_cat&post=4291"},{"taxonomy":"product_tag","embeddable":true,"href":"https:\/\/valesafety.com.pe\/index.php?rest_route=%2Fwp%2Fv2%2Fproduct_tag&post=4291"}],"curies":[{"name":"wp","href":"https:\/\/api.w.org\/{rel}","templated":true}]}}