{"id":4276,"date":"2026-04-23T22:25:08","date_gmt":"2026-04-23T20:25:08","guid":{"rendered":"http:\/\/localhost\/borrador\/?post_type=product&#038;p=4276"},"modified":"2026-05-06T12:31:28","modified_gmt":"2026-05-06T17:31:28","slug":"bloqueador-palmera-spf-50-110ml","status":"publish","type":"product","link":"https:\/\/valesafety.com.pe\/?product=bloqueador-palmera-spf-50-110ml","title":{"rendered":"Bloqueador Palmera SPF 50 110ML"},"content":{"rendered":"<h2>Bloqueador Palmera SPF 50 110ML<\/h2>\n<ul>\n<li>\u00a0<strong data-start=\"992\" data-end=\"1021\">Protecci\u00f3n solar avanzada<\/strong> : SPF 50+ contra rayos UVA y UVB.<\/li>\n<li><strong data-start=\"1059\" data-end=\"1098\">Hipoalerg\u00e9nico y libre de parabenos<\/strong> , apto para todo tipo de piel.<\/li>\n<li>Enriquecido <strong data-start=\"1133\" data-end=\"1168\">con vitaminas A y E<\/strong> , que nutren y regeneran la piel.<\/li>\n<li><strong data-start=\"1206\" data-end=\"1226\">R\u00e1pida absorci\u00f3n<\/strong> , sin sensaci\u00f3n grasosa ni residuos.<\/li>\n<li><strong data-start=\"1267\" data-end=\"1300\">Resistente al sudor y al agua<\/strong> , ideal para largas jornadas al aire libre.<\/li>\n<li><strong data-start=\"1348\" data-end=\"1377\">Formato port\u00e1til de 110ML<\/strong> , f\u00e1cil de llevar y aplicar en cualquier momento.<\/li>\n<\/ul>\n<h3 class=\"\" data-start=\"1430\" data-end=\"1467\"><strong data-start=\"1434\" data-end=\"1465\">Presentaci\u00f3n y rendimiento:<\/strong><\/h3>\n<ul>\n<li data-start=\"1470\" data-end=\"1541\"><strong data-start=\"1470\" data-end=\"1491\">Duraci\u00f3n estimada<\/strong> : Rinde aproximadamente 15 d\u00edas de uso continuo.<\/li>\n<li data-start=\"1544\" data-end=\"1619\"><strong data-start=\"1544\" data-end=\"1572\">Presentaci\u00f3n de bolsillo<\/strong> , pr\u00e1ctica para uso personal o institucional.<\/li>\n<li data-start=\"1622\" data-end=\"1682\"><strong data-start=\"1622\" data-end=\"1644\">Caja x 60 unidades<\/strong> , ideal para empresas y comunidades.<\/li>\n<li data-start=\"1685\" data-end=\"1750\"><strong data-start=\"1685\" data-end=\"1714\">Precio unitario accesible<\/strong> , garantizando calidad y econom\u00eda.<\/li>\n<\/ul>\n<p>Necesitas m\u00e1s productos encu\u00e9ntralos en nuestra <a href=\"https:\/\/valesafety.com.pe\/tienda\">tienda\u00a0<\/a><\/p>\n<p>Para m\u00e1s informaci\u00f3n sobre este y otros productos, no dudes en contactarnos por\u00a0<a href=\"http:\/\/wa.me\/51923151009\" target=\"_blank\" rel=\"noopener\">WhatsApp<\/a>.<\/p>\n","protected":false},"excerpt":{"rendered":"<p class=\"\" data-start=\"373\" data-end=\"689\">El <strong data-start=\"376\" data-end=\"411\">Bloqueador Palmera SPF 50 110ML<\/strong> es la soluci\u00f3n ideal para quienes trabajan al aire libre y necesitan una <strong data-start=\"485\" data-end=\"519\">protecci\u00f3n efectiva y duradera<\/strong> contra los efectos da\u00f1inos del sol. Su f\u00f3rmula avanzada ofrece <strong data-start=\"583\" data-end=\"621\">defensa contra los rayos UVA y UVB<\/strong> , previniendo quemaduras y el envejecimiento prematuro de la piel.<\/p>\n<p class=\"\" data-start=\"691\" data-end=\"960\">Este bloqueador solar se absorbe r\u00e1pidamente sin dejar sensaci\u00f3n grasa, brindando una cobertura uniforme y resistente al sudor y al agua. Su presentaci\u00f3n port\u00e1til permite llevarlo f\u00e1cilmente en cualquier bolsillo, asegurando protecci\u00f3n en cualquier momento y lugar.<\/p>\n","protected":false},"featured_media":4339,"comment_status":"closed","ping_status":"closed","template":"","meta":{"_acf_changed":false},"product_brand":[625],"product_cat":[63],"product_tag":[],"class_list":{"0":"post-4276","1":"product","2":"type-product","3":"status-publish","4":"has-post-thumbnail","6":"product_brand-palmera","7":"product_cat-proteccion-solar","9":"first","10":"instock","11":"shipping-taxable","12":"purchasable","13":"product-type-simple"},"acf":[],"_links":{"self":[{"href":"https:\/\/valesafety.com.pe\/index.php?rest_route=\/wp\/v2\/product\/4276","targetHints":{"allow":["GET"]}}],"collection":[{"href":"https:\/\/valesafety.com.pe\/index.php?rest_route=\/wp\/v2\/product"}],"about":[{"href":"https:\/\/valesafety.com.pe\/index.php?rest_route=\/wp\/v2\/types\/product"}],"replies":[{"embeddable":true,"href":"https:\/\/valesafety.com.pe\/index.php?rest_route=%2Fwp%2Fv2%2Fcomments&post=4276"}],"wp:featuredmedia":[{"embeddable":true,"href":"https:\/\/valesafety.com.pe\/index.php?rest_route=\/wp\/v2\/media\/4339"}],"wp:attachment":[{"href":"https:\/\/valesafety.com.pe\/index.php?rest_route=%2Fwp%2Fv2%2Fmedia&parent=4276"}],"wp:term":[{"taxonomy":"product_brand","embeddable":true,"href":"https:\/\/valesafety.com.pe\/index.php?rest_route=%2Fwp%2Fv2%2Fproduct_brand&post=4276"},{"taxonomy":"product_cat","embeddable":true,"href":"https:\/\/valesafety.com.pe\/index.php?rest_route=%2Fwp%2Fv2%2Fproduct_cat&post=4276"},{"taxonomy":"product_tag","embeddable":true,"href":"https:\/\/valesafety.com.pe\/index.php?rest_route=%2Fwp%2Fv2%2Fproduct_tag&post=4276"}],"curies":[{"name":"wp","href":"https:\/\/api.w.org\/{rel}","templated":true}]}}