{"id":4275,"date":"2026-04-23T22:25:08","date_gmt":"2026-04-23T20:25:08","guid":{"rendered":"http:\/\/localhost\/borrador\/?post_type=product&#038;p=4275"},"modified":"2026-05-06T16:04:31","modified_gmt":"2026-05-06T21:04:31","slug":"full-face-6900-3m","status":"publish","type":"product","link":"https:\/\/valesafety.com.pe\/?product=full-face-6900-3m","title":{"rendered":"Full Face 6900 3M"},"content":{"rendered":"<h2>Full Face 6900 3M<\/h2>\n<ul>\n<li>El material elastomerico es suave a la piel, d\u00e1 comodidad al usuario.<\/li>\n<li>Ofrece protecci\u00f3n con m\u00faltiples alternativas de protecci\u00f3n contra ciertos gases y vapores y material particulado.<\/li>\n<li>Liviana y balanceada, gracias al arn\u00e9s de cuatro puntos de apoyo, mayor comodidad durante mayor tiempo de uso.<\/li>\n<li>Adaptador \u00fanico central. Direcciona la exhalaci\u00f3n hac\u00eda abajo en el mismo sentido de la respiraci\u00f3n, ayudando a reducir la acumulaci\u00f3n de polvo en el \u00e1rea de la v\u00e1lvula.<\/li>\n<li>Filtros de ajuste tipo bayoneta para una f\u00e1cil y r\u00e1pida colocaci\u00f3n.<\/li>\n<li>Bajo mantenimiento, economiza tiempo y reduce inventario de repuestos.<\/li>\n<li>Mayor visibilidad y comodidad para el usuario, por el dise\u00f1o de amplio del lente.<\/li>\n<li>Aprobaciones NIOSH\/MSHA.<\/li>\n<\/ul>\n<p>Necesitas m\u00e1s productos encu\u00e9ntralos en nuestra <a href=\"https:\/\/valesafety.com.pe\/tienda\">tienda\u00a0<\/a><\/p>\n<p>Para m\u00e1s informaci\u00f3n sobre este y otros productos, no dudes en contactarnos por\u00a0<a href=\"http:\/\/wa.me\/51923151009\" target=\"_blank\" rel=\"noopener\">WhatsApp<\/a>.<\/p>\n","protected":false},"excerpt":{"rendered":"<p class=\"\" data-start=\"365\" data-end=\"648\">El <strong data-start=\"368\" data-end=\"400\">Respirador Full Face 6900 3M<\/strong> es una m\u00e1scara de rostro completo dise\u00f1ada para ofrecer <strong data-start=\"457\" data-end=\"505\">protecci\u00f3n respiratoria confiable y duradera<\/strong> en entornos industriales exigentes. Su dise\u00f1o ergon\u00f3mico permite un ajuste seguro y c\u00f3modo, minimizando la fatiga durante su uso prolongado.<\/p>\n<p class=\"\" data-start=\"650\" data-end=\"928\">Fabricado con <strong data-start=\"664\" data-end=\"691\">material hipoalerg\u00e9nico<\/strong>, el Full Face 6900 3M proporciona un sellado herm\u00e9tico y c\u00f3modo para el usuario. Su <strong data-start=\"776\" data-end=\"802\">visor de policarbonato<\/strong> altamente resistente a impactos protege contra part\u00edculas y salpicaduras, garantizando una visi\u00f3n clara y sin distorsiones.<\/p>\n","protected":false},"featured_media":4338,"comment_status":"closed","ping_status":"closed","template":"","meta":{"_acf_changed":false},"product_brand":[38],"product_cat":[62,100],"product_tag":[264,265],"class_list":{"0":"post-4275","1":"product","2":"type-product","3":"status-publish","4":"has-post-thumbnail","6":"product_brand-3m","7":"product_cat-proteccion-respiratoria","8":"product_cat-respiradores","9":"product_tag-mascara-completa","10":"product_tag-respiradores","12":"first","13":"instock","14":"shipping-taxable","15":"purchasable","16":"product-type-simple"},"acf":[],"_links":{"self":[{"href":"https:\/\/valesafety.com.pe\/index.php?rest_route=\/wp\/v2\/product\/4275","targetHints":{"allow":["GET"]}}],"collection":[{"href":"https:\/\/valesafety.com.pe\/index.php?rest_route=\/wp\/v2\/product"}],"about":[{"href":"https:\/\/valesafety.com.pe\/index.php?rest_route=\/wp\/v2\/types\/product"}],"replies":[{"embeddable":true,"href":"https:\/\/valesafety.com.pe\/index.php?rest_route=%2Fwp%2Fv2%2Fcomments&post=4275"}],"wp:featuredmedia":[{"embeddable":true,"href":"https:\/\/valesafety.com.pe\/index.php?rest_route=\/wp\/v2\/media\/4338"}],"wp:attachment":[{"href":"https:\/\/valesafety.com.pe\/index.php?rest_route=%2Fwp%2Fv2%2Fmedia&parent=4275"}],"wp:term":[{"taxonomy":"product_brand","embeddable":true,"href":"https:\/\/valesafety.com.pe\/index.php?rest_route=%2Fwp%2Fv2%2Fproduct_brand&post=4275"},{"taxonomy":"product_cat","embeddable":true,"href":"https:\/\/valesafety.com.pe\/index.php?rest_route=%2Fwp%2Fv2%2Fproduct_cat&post=4275"},{"taxonomy":"product_tag","embeddable":true,"href":"https:\/\/valesafety.com.pe\/index.php?rest_route=%2Fwp%2Fv2%2Fproduct_tag&post=4275"}],"curies":[{"name":"wp","href":"https:\/\/api.w.org\/{rel}","templated":true}]}}