{"id":4273,"date":"2026-04-23T22:25:08","date_gmt":"2026-04-23T20:25:08","guid":{"rendered":"http:\/\/localhost\/borrador\/?post_type=product&#038;p=4273"},"modified":"2026-05-06T14:44:20","modified_gmt":"2026-05-06T19:44:20","slug":"cartucho-gme-p100-msa","status":"publish","type":"product","link":"https:\/\/valesafety.com.pe\/?product=cartucho-gme-p100-msa","title":{"rendered":"Cartucho GME P100 MSA"},"content":{"rendered":"<h2>Cartucho GME P100 MSA<\/h2>\n<ul>\n<li>Contra vapores org\u00e1nicos y gases \u00e1cidos<\/li>\n<li>Elemento filtrante: carb\u00f3n activado, fibras de algod\u00f3n y vidrio<\/li>\n<li>Dimensiones:100 mm x 75 mm y 50 mm de espesor aprox.<\/li>\n<\/ul>\n<p>La tecnolog\u00eda de ingenier\u00eda avanzada del cartucho facilita la presi\u00f3n durante el ajuste, asegurando un encaje perfecto. Cada pack incluye 2 unidades para una protecci\u00f3n prolongada.<\/p>\n<h3 class=\"\" data-start=\"1001\" data-end=\"1029\"><strong data-start=\"1005\" data-end=\"1027\">Usos recomendados:<\/strong><\/h3>\n<ul>\n<li data-start=\"1032\" data-end=\"1049\">Agricultura<\/li>\n<li data-start=\"1052\" data-end=\"1077\">Remoci\u00f3n de amianto<\/li>\n<li data-start=\"1080\" data-end=\"1105\">Industrias qu\u00edmicas<\/li>\n<li data-start=\"1108\" data-end=\"1126\">Construcci\u00f3n<\/li>\n<li data-start=\"1129\" data-end=\"1155\">Servicios el\u00e9ctricos<\/li>\n<\/ul>\n<p>Necesitas m\u00e1s productos encu\u00e9ntralos en nuestra <a href=\"https:\/\/valesafety.com.pe\/tienda\">tienda\u00a0<\/a><\/p>\n<p>Para m\u00e1s informaci\u00f3n sobre este y otros productos, no dudes en contactarnos por\u00a0<a href=\"http:\/\/wa.me\/51923151009\" target=\"_blank\" rel=\"noopener\">WhatsApp<\/a>.<\/p>\n","protected":false},"excerpt":{"rendered":"<p>El <strong data-start=\"366\" data-end=\"391\">Cartucho GME P100 MSA<\/strong> es una soluci\u00f3n de <strong data-start=\"411\" data-end=\"434\">filtraci\u00f3n avanzada<\/strong> , dise\u00f1ada para brindar <strong data-start=\"458\" data-end=\"524\">protecci\u00f3n contra vapores org\u00e1nicos, gases \u00e1cidos y part\u00edculas<\/strong> en entornos industriales exigentes. Este cartucho certificado <strong data-start=\"587\" data-end=\"593\">CE<\/strong> cumple con las normativas <strong data-start=\"620\" data-end=\"641\">EN 14387 y EN 143<\/strong> , asegurando seguridad y eficacia en su desempe\u00f1o.<\/p>\n","protected":false},"featured_media":4336,"comment_status":"closed","ping_status":"closed","template":"","meta":{"_acf_changed":false},"product_brand":[33],"product_cat":[98,62],"product_tag":[],"class_list":{"0":"post-4273","1":"product","2":"type-product","3":"status-publish","4":"has-post-thumbnail","6":"product_brand-msa","7":"product_cat-filtros","8":"product_cat-proteccion-respiratoria","10":"first","11":"instock","12":"shipping-taxable","13":"purchasable","14":"product-type-simple"},"acf":[],"_links":{"self":[{"href":"https:\/\/valesafety.com.pe\/index.php?rest_route=\/wp\/v2\/product\/4273","targetHints":{"allow":["GET"]}}],"collection":[{"href":"https:\/\/valesafety.com.pe\/index.php?rest_route=\/wp\/v2\/product"}],"about":[{"href":"https:\/\/valesafety.com.pe\/index.php?rest_route=\/wp\/v2\/types\/product"}],"replies":[{"embeddable":true,"href":"https:\/\/valesafety.com.pe\/index.php?rest_route=%2Fwp%2Fv2%2Fcomments&post=4273"}],"wp:featuredmedia":[{"embeddable":true,"href":"https:\/\/valesafety.com.pe\/index.php?rest_route=\/wp\/v2\/media\/4336"}],"wp:attachment":[{"href":"https:\/\/valesafety.com.pe\/index.php?rest_route=%2Fwp%2Fv2%2Fmedia&parent=4273"}],"wp:term":[{"taxonomy":"product_brand","embeddable":true,"href":"https:\/\/valesafety.com.pe\/index.php?rest_route=%2Fwp%2Fv2%2Fproduct_brand&post=4273"},{"taxonomy":"product_cat","embeddable":true,"href":"https:\/\/valesafety.com.pe\/index.php?rest_route=%2Fwp%2Fv2%2Fproduct_cat&post=4273"},{"taxonomy":"product_tag","embeddable":true,"href":"https:\/\/valesafety.com.pe\/index.php?rest_route=%2Fwp%2Fv2%2Fproduct_tag&post=4273"}],"curies":[{"name":"wp","href":"https:\/\/api.w.org\/{rel}","templated":true}]}}