{"id":4272,"date":"2026-04-23T22:25:07","date_gmt":"2026-04-23T20:25:07","guid":{"rendered":"http:\/\/localhost\/borrador\/?post_type=product&#038;p=4272"},"modified":"2026-05-06T14:44:43","modified_gmt":"2026-05-06T19:44:43","slug":"cartucho-msa-815357","status":"publish","type":"product","link":"https:\/\/valesafety.com.pe\/?product=cartucho-msa-815357","title":{"rendered":"Cartucho MSA 815357"},"content":{"rendered":"<h2>Cartucho MSA 815357<\/h2>\n<ul>\n<li>Material: PVC.<\/li>\n<li>Forma: El\u00edptica\/ seguro de cuarto de vuelta en un extremo.<\/li>\n<li>Medio Purificador: Gr\u00e1nulos de carb\u00f3n activado, fibras de algod\u00f3n y vidrio.<\/li>\n<li>Peso: 100 gr ( aprox.).<\/li>\n<li>Dimensiones: 100 mm x 75 mm y 28 mm de espesor aprox.<\/li>\n<li>Color: Cinta color amarillo.<\/li>\n<\/ul>\n<p>Necesitas m\u00e1s productos encu\u00e9ntralos en nuestra <a href=\"https:\/\/valesafety.com.pe\/tienda\">tienda\u00a0<\/a><\/p>\n<p>Para m\u00e1s informaci\u00f3n sobre este y otros productos, no dudes en contactarnos por\u00a0<a href=\"http:\/\/wa.me\/51923151009\" target=\"_blank\" rel=\"noopener\">WhatsApp<\/a>.<\/p>\n","protected":false},"excerpt":{"rendered":"<p>El Cartucho Advantage GMC cuenta una tecnolog\u00eda de absorsi\u00f3n que protege contra vapores org\u00e1nicos y gases \u00e1cidos como cloro, di\u00f3xido de azufre, di\u00f3xido de cloro, cloruro de hidr\u00f3geno, \u00e1cido sulfh\u00eddrico (\u00e9ste \u00faltimo s\u00f3lo para escape). Dise\u00f1ados para una f\u00e1cil instalaci\u00f3n , los cartuchos Advantage usan el \u00faltimo dise\u00f1o de montura estilo bayoneta. Tienen un peso ligero y encajan en su lugar en una sola enroscada.<\/p>\n","protected":false},"featured_media":4335,"comment_status":"closed","ping_status":"closed","template":"","meta":{"_acf_changed":false},"product_brand":[33],"product_cat":[98,62],"product_tag":[],"class_list":{"0":"post-4272","1":"product","2":"type-product","3":"status-publish","4":"has-post-thumbnail","6":"product_brand-msa","7":"product_cat-filtros","8":"product_cat-proteccion-respiratoria","10":"first","11":"instock","12":"shipping-taxable","13":"purchasable","14":"product-type-simple"},"acf":[],"_links":{"self":[{"href":"https:\/\/valesafety.com.pe\/index.php?rest_route=\/wp\/v2\/product\/4272","targetHints":{"allow":["GET"]}}],"collection":[{"href":"https:\/\/valesafety.com.pe\/index.php?rest_route=\/wp\/v2\/product"}],"about":[{"href":"https:\/\/valesafety.com.pe\/index.php?rest_route=\/wp\/v2\/types\/product"}],"replies":[{"embeddable":true,"href":"https:\/\/valesafety.com.pe\/index.php?rest_route=%2Fwp%2Fv2%2Fcomments&post=4272"}],"wp:featuredmedia":[{"embeddable":true,"href":"https:\/\/valesafety.com.pe\/index.php?rest_route=\/wp\/v2\/media\/4335"}],"wp:attachment":[{"href":"https:\/\/valesafety.com.pe\/index.php?rest_route=%2Fwp%2Fv2%2Fmedia&parent=4272"}],"wp:term":[{"taxonomy":"product_brand","embeddable":true,"href":"https:\/\/valesafety.com.pe\/index.php?rest_route=%2Fwp%2Fv2%2Fproduct_brand&post=4272"},{"taxonomy":"product_cat","embeddable":true,"href":"https:\/\/valesafety.com.pe\/index.php?rest_route=%2Fwp%2Fv2%2Fproduct_cat&post=4272"},{"taxonomy":"product_tag","embeddable":true,"href":"https:\/\/valesafety.com.pe\/index.php?rest_route=%2Fwp%2Fv2%2Fproduct_tag&post=4272"}],"curies":[{"name":"wp","href":"https:\/\/api.w.org\/{rel}","templated":true}]}}