{"id":4271,"date":"2026-04-23T22:25:07","date_gmt":"2026-04-23T20:25:07","guid":{"rendered":"http:\/\/localhost\/borrador\/?post_type=product&#038;p=4271"},"modified":"2026-05-06T18:34:40","modified_gmt":"2026-05-06T23:34:40","slug":"mascara-advantage-3200","status":"publish","type":"product","link":"https:\/\/valesafety.com.pe\/?product=mascara-advantage-3200","title":{"rendered":"M\u00e1scara Advantage 3200"},"content":{"rendered":"<h2>M\u00e1scara Advantage 3200<\/h2>\n<ul>\n<li>M\u00e1scara con dise\u00f1o de vanguardia para una baja resistencia respiratoria, mientras las tiras superiores del arn\u00e9s preajustadas facilitan la colocaci\u00f3n y retirada de la m\u00e1scara.<\/li>\n<li>Visor envolvente, resistente al rayado, que permite un amplio campo de visi\u00f3n.<\/li>\n<li>Los componentes pueden ser sustituidos a mano en pocos segundos.<\/li>\n<\/ul>\n<p>Necesitas m\u00e1s productos encu\u00e9ntralos en nuestra <a href=\"https:\/\/valesafety.com.pe\/tienda\">tienda\u00a0<\/a><\/p>\n<p>Para m\u00e1s informaci\u00f3n sobre este y otros productos, no dudes en contactarnos por\u00a0<a href=\"http:\/\/wa.me\/51923151009\" target=\"_blank\" rel=\"noopener\">WhatsApp<\/a>.<\/p>\n","protected":false},"excerpt":{"rendered":"<p>Las m\u00e1scaras de la serie Advantage 3000 proporcionan protecci\u00f3n y un confort inigualable. El suave borde de hermeticidad en silicona hipoalerg\u00e9nica ofrece un ajuste sin presi\u00f3n. El visor de gran tama\u00f1o y \u00f3pticamente neutro garantiza una visi\u00f3n n\u00edtida y sin distorsiones, mientras que el color azul gris\u00e1ceo aporta a la m\u00e1scara un est\u00e9tico aspecto.<\/p>\n","protected":false},"featured_media":4334,"comment_status":"closed","ping_status":"closed","template":"","meta":{"_acf_changed":false},"product_brand":[33],"product_cat":[62,100],"product_tag":[],"class_list":{"0":"post-4271","1":"product","2":"type-product","3":"status-publish","4":"has-post-thumbnail","6":"product_brand-msa","7":"product_cat-proteccion-respiratoria","8":"product_cat-respiradores","10":"first","11":"instock","12":"shipping-taxable","13":"purchasable","14":"product-type-simple"},"acf":[],"_links":{"self":[{"href":"https:\/\/valesafety.com.pe\/index.php?rest_route=\/wp\/v2\/product\/4271","targetHints":{"allow":["GET"]}}],"collection":[{"href":"https:\/\/valesafety.com.pe\/index.php?rest_route=\/wp\/v2\/product"}],"about":[{"href":"https:\/\/valesafety.com.pe\/index.php?rest_route=\/wp\/v2\/types\/product"}],"replies":[{"embeddable":true,"href":"https:\/\/valesafety.com.pe\/index.php?rest_route=%2Fwp%2Fv2%2Fcomments&post=4271"}],"wp:featuredmedia":[{"embeddable":true,"href":"https:\/\/valesafety.com.pe\/index.php?rest_route=\/wp\/v2\/media\/4334"}],"wp:attachment":[{"href":"https:\/\/valesafety.com.pe\/index.php?rest_route=%2Fwp%2Fv2%2Fmedia&parent=4271"}],"wp:term":[{"taxonomy":"product_brand","embeddable":true,"href":"https:\/\/valesafety.com.pe\/index.php?rest_route=%2Fwp%2Fv2%2Fproduct_brand&post=4271"},{"taxonomy":"product_cat","embeddable":true,"href":"https:\/\/valesafety.com.pe\/index.php?rest_route=%2Fwp%2Fv2%2Fproduct_cat&post=4271"},{"taxonomy":"product_tag","embeddable":true,"href":"https:\/\/valesafety.com.pe\/index.php?rest_route=%2Fwp%2Fv2%2Fproduct_tag&post=4271"}],"curies":[{"name":"wp","href":"https:\/\/api.w.org\/{rel}","templated":true}]}}