{"id":4259,"date":"2026-04-23T22:24:40","date_gmt":"2026-04-23T20:24:40","guid":{"rendered":"http:\/\/localhost\/borrador\/?post_type=product&#038;p=4259"},"modified":"2026-05-07T10:23:05","modified_gmt":"2026-05-07T15:23:05","slug":"respirador-advantage-420-msa","status":"publish","type":"product","link":"https:\/\/valesafety.com.pe\/?product=respirador-advantage-420-msa","title":{"rendered":"Respirador Advantage 420 MSA"},"content":{"rendered":"<h2>Respirador Advantage 420<\/h2>\n<ul>\n<li>M\u00e1scara de una pieza UniBond, patentada, sobre moldeada, que ofrece estabilidad, comodidad y ajuste superior.<\/li>\n<li>Sello facial AnthroCurve\u2122 II, se adapta perfectamente a cualquier tama\u00f1o de cabeza y contorno facial.<\/li>\n<li>Sujetador y arn\u00e9s de dise\u00f1o patentado que permite el cambio f\u00e1cil y r\u00e1pido entre los modos lock-down y drop-down.<\/li>\n<li>Su dise\u00f1o de bajo perfil se adapta extremadamente bien a otro Equipo de Protecci\u00f3n Personal (EPP), tal como cascos, protecci\u00f3n visual y visores.<\/li>\n<li>Comodidad y ajuste, con hebillas al cuello y anchas correas que eliminan incomodidad.<\/li>\n<li>Flexibilidad y Opciones, el Respirador Advantage 420 puede utilizarse con cartuchos Advantage de pl\u00e1stico \u00f3 con cartuchos Comfo\u00ae de rosca de metal.<\/li>\n<\/ul>\n<p>Necesitas m\u00e1s productos encu\u00e9ntralos en nuestra <a href=\"https:\/\/valesafety.com.pe\/tienda\">tienda\u00a0<\/a><\/p>\n<p>Para m\u00e1s informaci\u00f3n sobre este y otros productos, no dudes en contactarnos por\u00a0<a href=\"http:\/\/wa.me\/51923151009\" target=\"_blank\" rel=\"noopener\">WhatsApp<\/a>.<\/p>\n","protected":false},"excerpt":{"rendered":"<p>El Respirador Advantage 420 MSA est\u00e1 dise\u00f1ado para integrarse f\u00e1cilmente a otros equipos de protecci\u00f3n personal, como cascos, anteojos y auriculares.<\/p>\n<p>MODO DE USO CON LA MASCARILLA SUELTA<br \/>\nPermite el retiro de la mascarilla si se levanta el dispositivo de seguridad; el usuario puede llevarla de manera segura, mientras a\u00fan usa art\u00edculos de seguridad para la cabeza.<\/p>\n","protected":false},"featured_media":4331,"comment_status":"closed","ping_status":"closed","template":"","meta":{"_acf_changed":false},"product_brand":[33],"product_cat":[62,100],"product_tag":[261],"class_list":{"0":"post-4259","1":"product","2":"type-product","3":"status-publish","4":"has-post-thumbnail","6":"product_brand-msa","7":"product_cat-proteccion-respiratoria","8":"product_cat-respiradores","9":"product_tag-respirador-msa","11":"first","12":"instock","13":"shipping-taxable","14":"purchasable","15":"product-type-simple"},"acf":[],"_links":{"self":[{"href":"https:\/\/valesafety.com.pe\/index.php?rest_route=\/wp\/v2\/product\/4259","targetHints":{"allow":["GET"]}}],"collection":[{"href":"https:\/\/valesafety.com.pe\/index.php?rest_route=\/wp\/v2\/product"}],"about":[{"href":"https:\/\/valesafety.com.pe\/index.php?rest_route=\/wp\/v2\/types\/product"}],"replies":[{"embeddable":true,"href":"https:\/\/valesafety.com.pe\/index.php?rest_route=%2Fwp%2Fv2%2Fcomments&post=4259"}],"wp:featuredmedia":[{"embeddable":true,"href":"https:\/\/valesafety.com.pe\/index.php?rest_route=\/wp\/v2\/media\/4331"}],"wp:attachment":[{"href":"https:\/\/valesafety.com.pe\/index.php?rest_route=%2Fwp%2Fv2%2Fmedia&parent=4259"}],"wp:term":[{"taxonomy":"product_brand","embeddable":true,"href":"https:\/\/valesafety.com.pe\/index.php?rest_route=%2Fwp%2Fv2%2Fproduct_brand&post=4259"},{"taxonomy":"product_cat","embeddable":true,"href":"https:\/\/valesafety.com.pe\/index.php?rest_route=%2Fwp%2Fv2%2Fproduct_cat&post=4259"},{"taxonomy":"product_tag","embeddable":true,"href":"https:\/\/valesafety.com.pe\/index.php?rest_route=%2Fwp%2Fv2%2Fproduct_tag&post=4259"}],"curies":[{"name":"wp","href":"https:\/\/api.w.org\/{rel}","templated":true}]}}