{"id":4258,"date":"2026-04-23T22:24:40","date_gmt":"2026-04-23T20:24:40","guid":{"rendered":"http:\/\/localhost\/borrador\/?post_type=product&#038;p=4258"},"modified":"2026-05-06T17:25:05","modified_gmt":"2026-05-06T22:25:05","slug":"lente-goggle-gear-3m","status":"publish","type":"product","link":"https:\/\/valesafety.com.pe\/?product=lente-goggle-gear-3m","title":{"rendered":"Lente Goggle Gear 3M"},"content":{"rendered":"<h2>Lente Goggle Gear 3M<\/h2>\n<ul>\n<li class=\"\" data-start=\"1560\" data-end=\"1642\">\n<p class=\"\" data-start=\"1562\" data-end=\"1642\">Dise\u00f1o ligero y ergon\u00f3mico para mayor comodidad durante el uso prolongado.<\/p>\n<\/li>\n<li class=\"\" data-start=\"1643\" data-end=\"1742\">\n<p class=\"\" data-start=\"1645\" data-end=\"1742\">Protecci\u00f3n contra salpicaduras y part\u00edculas de alto impacto en diversos entornos laborales.<\/p>\n<\/li>\n<li class=\"\" data-start=\"1743\" data-end=\"1814\">\n<p class=\"\" data-start=\"1745\" data-end=\"1814\">Banda el\u00e1stica regulable para un ajuste seguro y personalizado.<\/p>\n<\/li>\n<li class=\"\" data-start=\"1815\" data-end=\"1873\">\n<p class=\"\" data-start=\"1817\" data-end=\"1873\">Resistencia a temperaturas extremas (-5\u00b0C a 55\u00b0C).<\/p>\n<\/li>\n<li class=\"\" data-start=\"1874\" data-end=\"1962\">\n<p class=\"\" data-start=\"1876\" data-end=\"1962\">Recubrimiento antiempa\u00f1ante Scotchgard\u2122 con mayor durabilidad y claridad visual.<\/p>\n<\/li>\n<li class=\"\" data-start=\"1963\" data-end=\"2047\">\n<p class=\"\" data-start=\"1965\" data-end=\"2047\">Soporta desinfecci\u00f3n con lej\u00eda diluida y alcohol sin afectar su efectividad.<\/p>\n<\/li>\n<li class=\"\" data-start=\"2048\" data-end=\"2134\">\n<p class=\"\" data-start=\"2050\" data-end=\"2134\">Cumple con las normativas ANSI Z87.1 y CSA Z94.3 , asegurando calidad y protecci\u00f3n.<\/p>\n<\/li>\n<\/ul>\n<p>Necesitas m\u00e1s productos encu\u00e9ntralos en nuestra <a href=\"https:\/\/valesafety.com.pe\/tienda\">tienda\u00a0<\/a><\/p>\n<p>Para m\u00e1s informaci\u00f3n sobre este y otros productos, no dudes en contactarnos por\u00a0<a href=\"http:\/\/wa.me\/51923151009\" target=\"_blank\" rel=\"noopener\">WhatsApp<\/a>.<\/p>\n","protected":false},"excerpt":{"rendered":"<p>El Lente Goggle Gear 3M tiene un dise\u00f1o de bajo perfil, una banda el\u00e1stica regulable y un opcional inserto para lentes de prescripci\u00f3n. El goggle viene con un recubrimiento antiempa\u00f1ante de ScotchgardTM el cual resiste al empa\u00f1amiento por m\u00e1s tiempo que un recubrimiento antiempa\u00f1ante tradicional.<\/p>\n","protected":false},"featured_media":4323,"comment_status":"closed","ping_status":"closed","template":"","meta":{"_acf_changed":false},"product_brand":[38],"product_cat":[104,65],"product_tag":[226,239],"class_list":{"0":"post-4258","1":"product","2":"type-product","3":"status-publish","4":"has-post-thumbnail","6":"product_brand-3m","7":"product_cat-antiparras","8":"product_cat-proteccion-visual","9":"product_tag-3m","10":"product_tag-lentes-de-seguridad","12":"first","13":"instock","14":"shipping-taxable","15":"purchasable","16":"product-type-simple"},"acf":[],"_links":{"self":[{"href":"https:\/\/valesafety.com.pe\/index.php?rest_route=\/wp\/v2\/product\/4258","targetHints":{"allow":["GET"]}}],"collection":[{"href":"https:\/\/valesafety.com.pe\/index.php?rest_route=\/wp\/v2\/product"}],"about":[{"href":"https:\/\/valesafety.com.pe\/index.php?rest_route=\/wp\/v2\/types\/product"}],"replies":[{"embeddable":true,"href":"https:\/\/valesafety.com.pe\/index.php?rest_route=%2Fwp%2Fv2%2Fcomments&post=4258"}],"wp:featuredmedia":[{"embeddable":true,"href":"https:\/\/valesafety.com.pe\/index.php?rest_route=\/wp\/v2\/media\/4323"}],"wp:attachment":[{"href":"https:\/\/valesafety.com.pe\/index.php?rest_route=%2Fwp%2Fv2%2Fmedia&parent=4258"}],"wp:term":[{"taxonomy":"product_brand","embeddable":true,"href":"https:\/\/valesafety.com.pe\/index.php?rest_route=%2Fwp%2Fv2%2Fproduct_brand&post=4258"},{"taxonomy":"product_cat","embeddable":true,"href":"https:\/\/valesafety.com.pe\/index.php?rest_route=%2Fwp%2Fv2%2Fproduct_cat&post=4258"},{"taxonomy":"product_tag","embeddable":true,"href":"https:\/\/valesafety.com.pe\/index.php?rest_route=%2Fwp%2Fv2%2Fproduct_tag&post=4258"}],"curies":[{"name":"wp","href":"https:\/\/api.w.org\/{rel}","templated":true}]}}