{"id":4237,"date":"2026-04-23T22:24:13","date_gmt":"2026-04-23T20:24:13","guid":{"rendered":"http:\/\/localhost\/borrador\/?post_type=product&#038;p=4237"},"modified":"2026-05-06T11:16:36","modified_gmt":"2026-05-06T16:16:36","slug":"anteojo-de-seguridad-ecoline","status":"publish","type":"product","link":"https:\/\/valesafety.com.pe\/?product=anteojo-de-seguridad-ecoline","title":{"rendered":"Anteojo de Seguridad ECOLINE"},"content":{"rendered":"<h2 data-start=\"102\" data-end=\"137\"><strong data-start=\"102\" data-end=\"135\">Anteojo de Seguridad ECOLINE<\/strong><\/h2>\n<ul>\n<li>\n<p class=\"\" data-start=\"1399\" data-end=\"1907\"><strong data-start=\"1401\" data-end=\"1414\">Material:<\/strong> Lente de policarbonato resistente a impactos.<\/p>\n<\/li>\n<li>\n<p class=\"\" data-start=\"1399\" data-end=\"1907\"><strong data-start=\"1465\" data-end=\"1480\">Protecci\u00f3n:<\/strong> Contra part\u00edculas, polvo, chispas y radiaci\u00f3n UV.<\/p>\n<\/li>\n<li>\n<p class=\"\" data-start=\"1399\" data-end=\"1907\">\u00a0<strong data-start=\"1535\" data-end=\"1546\">Dise\u00f1o:<\/strong> Ultraliviano con visi\u00f3n panor\u00e1mica sin distorsiones.<\/p>\n<\/li>\n<li>\n<p class=\"\" data-start=\"1399\" data-end=\"1907\"><strong data-start=\"1604\" data-end=\"1615\">Ajuste:<\/strong> Patillas ergon\u00f3micas y flexibles para mayor comodidad.<\/p>\n<\/li>\n<li>\n<p class=\"\" data-start=\"1399\" data-end=\"1907\"><strong data-start=\"1675\" data-end=\"1695\">Certificaciones:<\/strong> Cumple con IRAM EN166 y ANSI Z87.1.<\/p>\n<\/li>\n<li>\n<p class=\"\" data-start=\"1399\" data-end=\"1907\"><strong data-start=\"1736\" data-end=\"1764\">Opciones de Tratamiento:<\/strong> Antiempa\u00f1o (AF), antirrayadura (HC), espejado (E).<\/p>\n<\/li>\n<li>\n<p class=\"\" data-start=\"1399\" data-end=\"1907\"><strong data-start=\"1820\" data-end=\"1837\">Aplicaciones:<\/strong> Miner\u00eda, construcci\u00f3n, automotriz, qu\u00edmica, log\u00edstica, entre otras.<\/p>\n<\/li>\n<\/ul>\n<p>Necesitas m\u00e1s productos encu\u00e9ntralos en nuestra <a href=\"https:\/\/valesafety.com.pe\/tienda\">tienda\u00a0<\/a><\/p>\n<p>Para m\u00e1s informaci\u00f3n sobre este y otros productos, no dudes en contactarnos por\u00a0<a href=\"http:\/\/wa.me\/51923151009\" target=\"_blank\" rel=\"noopener\">WhatsApp<\/a>.<\/p>\n","protected":false},"excerpt":{"rendered":"<p class=\"\" data-start=\"499\" data-end=\"757\">El <strong data-start=\"502\" data-end=\"535\">Anteojo de Seguridad ECOLINE<\/strong> ha sido dise\u00f1ado para brindar una protecci\u00f3n eficaz contra impactos, polvo, chispas y part\u00edculas en suspensi\u00f3n. Su estructura ultraliviana y su dise\u00f1o ergon\u00f3mico garantizan comodidad y uso prolongado sin generar fatiga.<\/p>\n<p class=\"\" data-start=\"759\" data-end=\"1141\">Fabricado con <strong data-start=\"773\" data-end=\"820\">lentes de policarbonato de alta resistencia<\/strong> , este modelo ofrece una visi\u00f3n panor\u00e1mica sin distorsiones y cuenta con un filtro <strong data-start=\"903\" data-end=\"919\">UV del 99.9%<\/strong> para proteger los ojos de la radiaci\u00f3n ultravioleta. Adem\u00e1s, est\u00e1 disponible en diversas opciones de tratamiento, como <strong data-start=\"1039\" data-end=\"1093\">antirrayadura (HC), antiempa\u00f1o (AF) y espejado (E)<\/strong> , adapt\u00e1ndose a diferentes entornos laborales.<\/p>\n","protected":false},"featured_media":4316,"comment_status":"closed","ping_status":"closed","template":"","meta":{"_acf_changed":false},"product_brand":[31],"product_cat":[103,65],"product_tag":[256],"class_list":{"0":"post-4237","1":"product","2":"type-product","3":"status-publish","4":"has-post-thumbnail","6":"product_brand-libus","7":"product_cat-anteojos-de-seguridad","8":"product_cat-proteccion-visual","9":"product_tag-lente-libus","11":"first","12":"instock","13":"shipping-taxable","14":"purchasable","15":"product-type-simple"},"acf":[],"_links":{"self":[{"href":"https:\/\/valesafety.com.pe\/index.php?rest_route=\/wp\/v2\/product\/4237","targetHints":{"allow":["GET"]}}],"collection":[{"href":"https:\/\/valesafety.com.pe\/index.php?rest_route=\/wp\/v2\/product"}],"about":[{"href":"https:\/\/valesafety.com.pe\/index.php?rest_route=\/wp\/v2\/types\/product"}],"replies":[{"embeddable":true,"href":"https:\/\/valesafety.com.pe\/index.php?rest_route=%2Fwp%2Fv2%2Fcomments&post=4237"}],"wp:featuredmedia":[{"embeddable":true,"href":"https:\/\/valesafety.com.pe\/index.php?rest_route=\/wp\/v2\/media\/4316"}],"wp:attachment":[{"href":"https:\/\/valesafety.com.pe\/index.php?rest_route=%2Fwp%2Fv2%2Fmedia&parent=4237"}],"wp:term":[{"taxonomy":"product_brand","embeddable":true,"href":"https:\/\/valesafety.com.pe\/index.php?rest_route=%2Fwp%2Fv2%2Fproduct_brand&post=4237"},{"taxonomy":"product_cat","embeddable":true,"href":"https:\/\/valesafety.com.pe\/index.php?rest_route=%2Fwp%2Fv2%2Fproduct_cat&post=4237"},{"taxonomy":"product_tag","embeddable":true,"href":"https:\/\/valesafety.com.pe\/index.php?rest_route=%2Fwp%2Fv2%2Fproduct_tag&post=4237"}],"curies":[{"name":"wp","href":"https:\/\/api.w.org\/{rel}","templated":true}]}}