{"id":4236,"date":"2026-04-23T22:24:13","date_gmt":"2026-04-23T20:24:13","guid":{"rendered":"http:\/\/localhost\/borrador\/?post_type=product&#038;p=4236"},"modified":"2026-05-06T10:26:56","modified_gmt":"2026-05-06T15:26:56","slug":"anteojo-argon-transparente-af","status":"publish","type":"product","link":"https:\/\/valesafety.com.pe\/?product=anteojo-argon-transparente-af","title":{"rendered":"Anteojo ARGON Transparente AF"},"content":{"rendered":"<h3 class=\"\" data-start=\"60\" data-end=\"99\"><strong data-start=\"64\" data-end=\"97\">Anteojo ARGON Transparente AF<\/strong><\/h3>\n<ul>\n<li class=\"\" data-start=\"871\" data-end=\"933\">\n<p class=\"\" data-start=\"873\" data-end=\"933\"><strong data-start=\"873\" data-end=\"905\">Protecci\u00f3n frontal y lateral<\/strong> contra golpes e impactos.<\/p>\n<\/li>\n<li class=\"\" data-start=\"871\" data-end=\"933\">\n<p class=\"\" data-start=\"873\" data-end=\"933\"><strong data-start=\"936\" data-end=\"975\">Lente de policarbonato transparente<\/strong> con <strong data-start=\"980\" data-end=\"993\">filtro UV<\/strong> para bloquear hasta el <strong data-start=\"1017\" data-end=\"1055\">99,9% de la radiaci\u00f3n ultravioleta<\/strong> .<\/p>\n<\/li>\n<li class=\"\" data-start=\"1059\" data-end=\"1154\">\n<p class=\"\" data-start=\"1061\" data-end=\"1154\"><strong data-start=\"1061\" data-end=\"1113\">Patillas telesc\u00f3picas ajustables en 4 posiciones<\/strong> , garantizando un ajuste personalizado.<\/p>\n<\/li>\n<li class=\"\" data-start=\"1155\" data-end=\"1240\">\n<p class=\"\" data-start=\"1157\" data-end=\"1240\"><strong data-start=\"1157\" data-end=\"1196\">Marco y patillas flexibles de nailon<\/strong> para mayor comodidad en usos prolongados.<\/p>\n<\/li>\n<li class=\"\" data-start=\"1241\" data-end=\"1331\">\n<p class=\"\" data-start=\"1243\" data-end=\"1331\"><strong data-start=\"1243\" data-end=\"1275\">Tornillo de acero inoxidable<\/strong> , asegurando durabilidad y resistencia a la corrosi\u00f3n.<\/p>\n<\/li>\n<li class=\"\" data-start=\"1332\" data-end=\"1407\">\n<p class=\"\" data-start=\"1334\" data-end=\"1407\"><strong data-start=\"1334\" data-end=\"1352\">Dise\u00f1o cl\u00e1sico<\/strong> que permite una visi\u00f3n perif\u00e9rica sin obstrucciones.<\/p>\n<\/li>\n<li class=\"\" data-start=\"1408\" data-end=\"1474\">\n<p class=\"\" data-start=\"1410\" data-end=\"1474\"><strong data-start=\"1410\" data-end=\"1451\">Cumple con las normativas internacionales<\/strong> de seguridad ocular.<\/p>\n<\/li>\n<\/ul>\n<h3 class=\"\" data-start=\"1476\" data-end=\"1511\"><strong data-start=\"1480\" data-end=\"1509\">Aplicaciones recomendadas<\/strong><\/h3>\n<p class=\"\" data-start=\"1512\" data-end=\"1622\">El <strong data-start=\"1515\" data-end=\"1548\">Anteojo ARGON Transparente AF<\/strong> es ideal para sectores que requieren <strong data-start=\"1586\" data-end=\"1619\">protecci\u00f3n ocular certificada<\/strong> :<\/p>\n<ul data-start=\"1623\" data-end=\"1880\">\n<li class=\"\" data-start=\"1623\" data-end=\"1653\">\n<p class=\"\" data-start=\"1625\" data-end=\"1653\">Construcci\u00f3n y miner\u00eda<\/p>\n<\/li>\n<li class=\"\" data-start=\"1654\" data-end=\"1692\">\n<p class=\"\" data-start=\"1656\" data-end=\"1692\">Industria qu\u00edmica y metalurgia<\/p>\n<\/li>\n<li class=\"\" data-start=\"1693\" data-end=\"1736\">\n<p class=\"\" data-start=\"1695\" data-end=\"1736\">Siderurgia y fabricaci\u00f3n industrial<\/p>\n<\/li>\n<li class=\"\" data-start=\"1737\" data-end=\"1767\">\n<p class=\"\" data-start=\"1739\" data-end=\"1767\">Automotriz y log\u00edstica<\/p>\n<\/li>\n<li class=\"\" data-start=\"1768\" data-end=\"1802\">\n<p class=\"\" data-start=\"1770\" data-end=\"1802\">Laboratorios y electr\u00f3nica<\/p>\n<\/li>\n<li class=\"\" data-start=\"1803\" data-end=\"1843\">\n<p class=\"\" data-start=\"1805\" data-end=\"1843\">Centrales el\u00e9ctricas y nucleares<\/p>\n<\/li>\n<li class=\"\" data-start=\"1844\" data-end=\"1880\">\n<p class=\"\" data-start=\"1846\" data-end=\"1880\">Agroindustria y frigor\u00edficos<\/p>\n<\/li>\n<\/ul>\n<h3 class=\"\" data-start=\"1882\" data-end=\"1936\"><strong data-start=\"1886\" data-end=\"1934\">Opciones de Color y Tratamientos Disponibles<\/strong><\/h3>\n<ul data-start=\"1937\" data-end=\"2201\">\n<li class=\"\" data-start=\"1937\" data-end=\"1971\">\n<p class=\"\" data-start=\"1939\" data-end=\"1971\">Transparente (Uso general)<\/p>\n<\/li>\n<li class=\"\" data-start=\"1972\" data-end=\"2018\">\n<p class=\"\" data-start=\"1974\" data-end=\"2018\">Amarillo (Mayor contraste en baja luz)<\/p>\n<\/li>\n<li class=\"\" data-start=\"2019\" data-end=\"2079\">\n<p class=\"\" data-start=\"2021\" data-end=\"2079\">Gris Fum\u00e9 (Reducci\u00f3n de fatiga visual en exteriores)<\/p>\n<\/li>\n<li class=\"\" data-start=\"2080\" data-end=\"2141\">\n<p class=\"\" data-start=\"2082\" data-end=\"2141\">Verde Oscuro W3 y W5 (Protecci\u00f3n contra radiaci\u00f3n UV)<\/p>\n<\/li>\n<li class=\"\" data-start=\"2142\" data-end=\"2201\">\n<p class=\"\" data-start=\"2144\" data-end=\"2201\">Naranja BL (Especial para laboratorios y curado UV)<\/p>\n<\/li>\n<\/ul>\n<h3 class=\"\" data-start=\"2203\" data-end=\"2241\"><strong data-start=\"2207\" data-end=\"2239\">Certificaciones y Normativas<\/strong><\/h3>\n<ul data-start=\"2242\" data-end=\"2399\">\n<li class=\"\" data-start=\"2242\" data-end=\"2302\">\n<p class=\"\" data-start=\"2244\" data-end=\"2302\"><strong data-start=\"2244\" data-end=\"2258\">IRAM EN166<\/strong> \u2013 Seguridad ocular en entornos laborales.<\/p>\n<\/li>\n<li class=\"\" data-start=\"2303\" data-end=\"2399\">\n<p class=\"\" data-start=\"2305\" data-end=\"2399\"><strong data-start=\"2305\" data-end=\"2326\">ANSI Z87.1 (Z87+)<\/strong> \u2013 Protecci\u00f3n contra impactos de alta velocidad y part\u00edculas vol\u00e1tiles.<\/p>\n<\/li>\n<\/ul>\n<p>Necesitas m\u00e1s productos encu\u00e9ntralos en nuestra <a href=\"https:\/\/valesafety.com.pe\/tienda\">tienda\u00a0<\/a><\/p>\n<p>Para m\u00e1s informaci\u00f3n sobre este y otros productos, no dudes en contactarnos por\u00a0<a href=\"http:\/\/wa.me\/51923151009\" target=\"_blank\" rel=\"noopener\">WhatsApp<\/a>.<\/p>\n","protected":false},"excerpt":{"rendered":"<div class=\"flex-1 overflow-hidden\">\n<div class=\"react-scroll-to-bottom--css-vqvqz-79elbk h-full\">\n<div class=\"react-scroll-to-bottom--css-vqvqz-1n7m0yu\">\n<div class=\"flex flex-col text-sm pb-9\">\n<div class=\"w-full text-token-text-primary\" dir=\"auto\" data-testid=\"conversation-turn-127\" data-scroll-anchor=\"true\">\n<div class=\"py-2 juice:py-[18px] px-3 text-base md:px-4 m-auto md:px-5 lg:px-1 xl:px-5\">\n<div class=\"mx-auto flex flex-1 gap-3 text-base juice:gap-4 juice:md:gap-6 md:max-w-3xl lg:max-w-[40rem] xl:max-w-[48rem]\">\n<div class=\"group\/conversation-turn relative flex w-full min-w-0 flex-col agent-turn\">\n<div class=\"flex-col gap-1 md:gap-3\">\n<div class=\"flex flex-grow flex-col max-w-full\">\n<div class=\"min-h-[20px] text-message flex flex-col items-start whitespace-pre-wrap break-words [.text-message+&amp;]:mt-5 juice:w-full juice:items-end overflow-x-auto gap-2\" dir=\"auto\" data-message-author-role=\"assistant\" data-message-id=\"3152f36e-9656-4aad-9599-b507fda9a08d\">\n<div class=\"flex w-full flex-col gap-1 juice:empty:hidden juice:first:pt-[3px]\">\n<div class=\"markdown prose w-full break-words dark:prose-invert dark\">\n<p>El <strong data-start=\"359\" data-end=\"392\">Anteojo ARGON Transparente AF<\/strong> es un equipo de <strong data-start=\"409\" data-end=\"450\">protecci\u00f3n ocular de alta resistencia<\/strong> , dise\u00f1ado para ofrecer seguridad frente a <strong data-start=\"493\" data-end=\"534\">impactos, part\u00edculas, polvo y chispas<\/strong> en entornos industriales. Su dise\u00f1o <strong data-start=\"571\" data-end=\"595\">liviano y ergon\u00f3mico<\/strong> proporciona comodidad y una visi\u00f3n perif\u00e9rica sin restricciones. Equipado con <strong data-start=\"674\" data-end=\"733\">lentes de policarbonato con tratamiento antiempa\u00f1o (AF)<\/strong> , este modelo garantiza <strong data-start=\"757\" data-end=\"778\">una visibilidad clara<\/strong> en condiciones de humedad o cambios de temperatura.<\/p>\n<\/div>\n<\/div>\n<\/div>\n<\/div>\n<\/div>\n<\/div>\n<\/div>\n<\/div>\n<\/div>\n<\/div>\n<\/div>\n<\/div>\n<\/div>\n","protected":false},"featured_media":4307,"comment_status":"closed","ping_status":"closed","template":"","meta":{"_acf_changed":false},"product_brand":[31],"product_cat":[103,55,65],"product_tag":[240,239],"class_list":{"0":"post-4236","1":"product","2":"type-product","3":"status-publish","4":"has-post-thumbnail","6":"product_brand-libus","7":"product_cat-anteojos-de-seguridad","8":"product_cat-ofertas","9":"product_cat-proteccion-visual","10":"product_tag-anteojos-de-seguridad","11":"product_tag-lentes-de-seguridad","13":"first","14":"instock","15":"shipping-taxable","16":"purchasable","17":"product-type-simple"},"acf":[],"_links":{"self":[{"href":"https:\/\/valesafety.com.pe\/index.php?rest_route=\/wp\/v2\/product\/4236","targetHints":{"allow":["GET"]}}],"collection":[{"href":"https:\/\/valesafety.com.pe\/index.php?rest_route=\/wp\/v2\/product"}],"about":[{"href":"https:\/\/valesafety.com.pe\/index.php?rest_route=\/wp\/v2\/types\/product"}],"replies":[{"embeddable":true,"href":"https:\/\/valesafety.com.pe\/index.php?rest_route=%2Fwp%2Fv2%2Fcomments&post=4236"}],"wp:featuredmedia":[{"embeddable":true,"href":"https:\/\/valesafety.com.pe\/index.php?rest_route=\/wp\/v2\/media\/4307"}],"wp:attachment":[{"href":"https:\/\/valesafety.com.pe\/index.php?rest_route=%2Fwp%2Fv2%2Fmedia&parent=4236"}],"wp:term":[{"taxonomy":"product_brand","embeddable":true,"href":"https:\/\/valesafety.com.pe\/index.php?rest_route=%2Fwp%2Fv2%2Fproduct_brand&post=4236"},{"taxonomy":"product_cat","embeddable":true,"href":"https:\/\/valesafety.com.pe\/index.php?rest_route=%2Fwp%2Fv2%2Fproduct_cat&post=4236"},{"taxonomy":"product_tag","embeddable":true,"href":"https:\/\/valesafety.com.pe\/index.php?rest_route=%2Fwp%2Fv2%2Fproduct_tag&post=4236"}],"curies":[{"name":"wp","href":"https:\/\/api.w.org\/{rel}","templated":true}]}}