{"id":4233,"date":"2026-04-23T22:24:12","date_gmt":"2026-04-23T20:24:12","guid":{"rendered":"http:\/\/localhost\/borrador\/?post_type=product&#038;p=4233"},"modified":"2026-05-06T17:28:49","modified_gmt":"2026-05-06T22:28:49","slug":"lente-virtua-11329","status":"publish","type":"product","link":"https:\/\/valesafety.com.pe\/?product=lente-virtua-11329","title":{"rendered":"Lente Virtua 11329"},"content":{"rendered":"<h2><span class=\"OYPEnA font-feature-liga-off font-feature-clig-off font-feature-calt-off text-decoration-none text-strikethrough-none\">Lente Virtua 11329<\/span><\/h2>\n<ul>\n<li class=\"\" data-start=\"505\" data-end=\"620\">\n<p class=\"\" data-start=\"507\" data-end=\"620\"><strong data-start=\"507\" data-end=\"526\">Dise\u00f1o liviano:<\/strong><span class=\"_fadeIn_4f9by_7\"> Con<\/span>Con un peso de solo 28,3 g, estas lentes ofrecen comodidad durante toda la jornada laboral.<\/p>\n<\/li>\n<li class=\"\" data-start=\"621\" data-end=\"733\">\n<p class=\"\" data-start=\"623\" data-end=\"733\"><strong data-start=\"623\" data-end=\"647\">Cobertura adicional:<\/strong><span class=\"_fadeIn_4f9by_7\"> Su <\/span><span class=\"_fadeIn_4f9by_7\">estructura <\/span><span class=\"_fadeIn_4f9by_7\">envolvente <\/span><span class=\"_fadeIn_4f9by_7\">brinda <\/span><span class=\"_fadeIn_4f9by_7\">una <\/span><span class=\"_fadeIn_4f9by_7\">protecci\u00f3n <\/span><span class=\"_fadeIn_4f9by_7\">\u00f3ptima <\/span><span class=\"_fadeIn_4f9by_7\">contra<\/span>Su estructura envolvente brinda una protecci\u00f3n \u00f3ptima contra impactos y part\u00edculas.<\/p>\n<\/li>\n<li class=\"\" data-start=\"734\" data-end=\"869\">\n<p class=\"\" data-start=\"736\" data-end=\"869\"><strong data-start=\"736\" data-end=\"763\">Protecci\u00f3n UV avanzada:<\/strong><span class=\"_fadeIn_4f9by_7\"> Fabricados <\/span><span class=\"_fadeIn_4f9by_7\">con <\/span><span class=\"_fadeIn_4f9by_7\">lentes <\/span><span class=\"_fadeIn_4f9by_7\">de <\/span><span class=\"_fadeIn_4f9by_7\">policarbonato <\/span><span class=\"_fadeIn_4f9by_7\">U6 <\/span><span class=\"_fadeIn_4f9by_7\">, <\/span><span class=\"_fadeIn_4f9by_7\">bloquean <\/span><span class=\"_fadeIn_4f9by_7\">el <\/span><span class=\"_fadeIn_4f9by_7\">99,9 <\/span><span class=\"_fadeIn_4f9by_7\">% <\/span><span class=\"_fadeIn_4f9by_7\">de <\/span><span class=\"_fadeIn_4f9by_7\">los <\/span><span class=\"_fadeIn_4f9by_7\">rayos <\/span><span class=\"_fadeIn_4f9by_7\">UVA <\/span><span class=\"_fadeIn_4f9by_7\">, <\/span><span class=\"_fadeIn_4f9by_7\">UVB <\/span><span class=\"_fadeIn_4f9by_7\">y <\/span><span class=\"_fadeIn_4f9by_7\">UVC <\/span><span class=\"_fadeIn_4f9by_7\">( <\/span><span class=\"_fadeIn_4f9by_7\">200 <\/span><span class=\"_fadeIn_4f9by_7\">&#8211; <\/span><span class=\"_fadeIn_4f9by_7\">380 <\/span><span class=\"_fadeIn_4f9by_7\">nm<\/span>Fabricados con lentes de policarbonato U6, bloquean el 99,9 % de los rayos UVA, UVB y UVC (200-380 nm).<\/p>\n<\/li>\n<li class=\"\" data-start=\"870\" data-end=\"1015\">\n<p class=\"\" data-start=\"872\" data-end=\"1015\"><strong data-start=\"872\" data-end=\"905\">Certificaciones de seguridad:<\/strong><span class=\"_fadeIn_4f9by_7\"> Cumplen <\/span><span class=\"_fadeIn_4f9by_7\">con <\/span><span class=\"_fadeIn_4f9by_7\">los <\/span><span class=\"_fadeIn_4f9by_7\">est\u00e1ndares <\/span><span class=\"_fadeIn_4f9by_7\">CSA <\/span><span class=\"_fadeIn_4f9by_7\">Z94.3 <\/span><span class=\"_fadeIn_4f9by_7\">y <\/span><span class=\"_fadeIn_4f9by_7\">ANSI <\/span><span class=\"_fadeIn_4f9by_7\">Z87.1 <\/span><span class=\"_fadeIn_4f9by_7\">, <\/span><span class=\"_fadeIn_4f9by_7\">garantizando <\/span><span class=\"_fadeIn_4f9by_7\">calidad <\/span><span class=\"_fadeIn_4f9by_7\">y <\/span><span class=\"_fadeIn_4f9by_7\">fi<\/span>Cumplen con los est\u00e1ndares CSA Z94.3 y ANSI Z87.1, garantizando calidad y confiabilidad en entornos laborales.<\/p>\n<\/li>\n<li class=\"\" data-start=\"1016\" data-end=\"1149\">\n<p class=\"\" data-start=\"1018\" data-end=\"1149\"><strong data-start=\"1018\" data-end=\"1051\">Versatilidad en aplicaciones:<\/strong> Ideales para industrias como construcci\u00f3n, fabricaci\u00f3n, mantenimiento y trabajos al aire libre.<\/p>\n<\/li>\n<\/ul>\n<p>Necesitas m\u00e1s productos encu\u00e9ntralos en nuestra <a href=\"https:\/\/valesafety.com.pe\/tienda\">tienda\u00a0<\/a><\/p>\n<p>Para m\u00e1s informaci\u00f3n sobre este y otros productos, no dudes en contactarnos por\u00a0<a href=\"http:\/\/wa.me\/51923151009\" target=\"_blank\" rel=\"noopener\">WhatsApp<\/a>.<\/p>\n","protected":false},"excerpt":{"rendered":"<div class=\"flex-1 overflow-hidden\">\n<div class=\"react-scroll-to-bottom--css-vqvqz-79elbk h-full\">\n<div class=\"react-scroll-to-bottom--css-vqvqz-1n7m0yu\">\n<div class=\"flex flex-col text-sm pb-9\">\n<div class=\"w-full text-token-text-primary\" dir=\"auto\" data-testid=\"conversation-turn-123\" data-scroll-anchor=\"true\">\n<div class=\"py-2 juice:py-[18px] px-3 text-base md:px-4 m-auto md:px-5 lg:px-1 xl:px-5\">\n<div class=\"mx-auto flex flex-1 gap-3 text-base juice:gap-4 juice:md:gap-6 md:max-w-3xl lg:max-w-[40rem] xl:max-w-[48rem]\">\n<div class=\"group\/conversation-turn relative flex w-full min-w-0 flex-col agent-turn\">\n<div class=\"flex-col gap-1 md:gap-3\">\n<div class=\"flex flex-grow flex-col max-w-full\">\n<div class=\"min-h-[20px] text-message flex flex-col items-start whitespace-pre-wrap break-words [.text-message+&amp;]:mt-5 juice:w-full juice:items-end overflow-x-auto gap-2\" dir=\"auto\" data-message-author-role=\"assistant\" data-message-id=\"b17232d4-67a1-48b4-bb49-305ab28d102c\">\n<div class=\"flex w-full flex-col gap-1 juice:empty:hidden juice:first:pt-[3px]\">\n<div class=\"markdown prose w-full break-words dark:prose-invert dark\">\n<p><span class=\"_fadeIn_4f9by_7\"><span class=\"OYPEnA font-feature-liga-off font-feature-clig-off font-feature-calt-off text-decoration-none text-strikethrough-none\">Lente Virtua 11329 <\/span>ofrecen <\/span><span class=\"_fadeIn_4f9by_7\">una <\/span><span class=\"_fadeIn_4f9by_7\">soluci\u00f3n <\/span><span class=\"_fadeIn_4f9by_7\">econ\u00f3mica <\/span><span class=\"_fadeIn_4f9by_7\">y <\/span><span class=\"_fadeIn_4f9by_7\">eficiente <\/span><span class=\"_fadeIn_4f9by_7\">para <\/span><span class=\"_fadeIn_4f9by_7\">la <\/span><span class=\"_fadeIn_4f9by_7\">protecci\u00f3n <\/span><span class=\"_fadeIn_4f9by_7\">ocular <\/span><span class=\"_fadeIn_4f9by_7\">en <\/span><span class=\"_fadeIn_4f9by_7\">entornos <\/span><span class=\"_fadeIn_4f9by_7\">de <\/span><span class=\"_fadeIn_4f9by_7\">trabajo <\/span><span class=\"_fadeIn_4f9by_7\">exigentes <\/span><span class=\"_fadeIn_4f9by_7\">. <\/span><span class=\"_fadeIn_4f9by_7\">Su <\/span><span class=\"_fadeIn_4f9by_7\">dise\u00f1o <\/span><span class=\"_fadeIn_4f9by_7\">envolvente <\/span><span class=\"_fadeIn_4f9by_7\">y <\/span><span class=\"_fadeIn_4f9by_7\">ligero <\/span><span class=\"_fadeIn_4f9by_7\">proporciona <\/span><span class=\"_fadeIn_4f9by_7\">un <\/span><span class=\"_fadeIn_4f9by_7\">ajuste <\/span><span class=\"_fadeIn_4f9by_7\">seguro.<\/span>ofrecen una soluci\u00f3n econ\u00f3mica y eficiente para la protecci\u00f3n ocular en entornos de trabajo exigentes. Su dise\u00f1o envolvente y ligero proporciona un ajuste seguro y cobertura adicional, garantizando la seguridad del usuario sin sacrificar comodidad.<\/p>\n<\/div>\n<\/div>\n<\/div>\n<\/div>\n<\/div>\n<\/div>\n<\/div>\n<\/div>\n<\/div>\n<\/div>\n<\/div>\n<\/div>\n<\/div>\n","protected":false},"featured_media":4303,"comment_status":"closed","ping_status":"closed","template":"","meta":{"_acf_changed":false},"product_brand":[38],"product_cat":[103,65],"product_tag":[226,194,249,250,251],"class_list":{"0":"post-4233","1":"product","2":"type-product","3":"status-publish","4":"has-post-thumbnail","6":"product_brand-3m","7":"product_cat-anteojos-de-seguridad","8":"product_cat-proteccion-visual","9":"product_tag-3m","10":"product_tag-epps","11":"product_tag-gafas-de-seguridad","12":"product_tag-lente-de-seguridad","13":"product_tag-lentes-3m","15":"first","16":"instock","17":"shipping-taxable","18":"purchasable","19":"product-type-simple"},"acf":[],"_links":{"self":[{"href":"https:\/\/valesafety.com.pe\/index.php?rest_route=\/wp\/v2\/product\/4233","targetHints":{"allow":["GET"]}}],"collection":[{"href":"https:\/\/valesafety.com.pe\/index.php?rest_route=\/wp\/v2\/product"}],"about":[{"href":"https:\/\/valesafety.com.pe\/index.php?rest_route=\/wp\/v2\/types\/product"}],"replies":[{"embeddable":true,"href":"https:\/\/valesafety.com.pe\/index.php?rest_route=%2Fwp%2Fv2%2Fcomments&post=4233"}],"wp:featuredmedia":[{"embeddable":true,"href":"https:\/\/valesafety.com.pe\/index.php?rest_route=\/wp\/v2\/media\/4303"}],"wp:attachment":[{"href":"https:\/\/valesafety.com.pe\/index.php?rest_route=%2Fwp%2Fv2%2Fmedia&parent=4233"}],"wp:term":[{"taxonomy":"product_brand","embeddable":true,"href":"https:\/\/valesafety.com.pe\/index.php?rest_route=%2Fwp%2Fv2%2Fproduct_brand&post=4233"},{"taxonomy":"product_cat","embeddable":true,"href":"https:\/\/valesafety.com.pe\/index.php?rest_route=%2Fwp%2Fv2%2Fproduct_cat&post=4233"},{"taxonomy":"product_tag","embeddable":true,"href":"https:\/\/valesafety.com.pe\/index.php?rest_route=%2Fwp%2Fv2%2Fproduct_tag&post=4233"}],"curies":[{"name":"wp","href":"https:\/\/api.w.org\/{rel}","templated":true}]}}