{"id":4220,"date":"2026-04-23T22:23:46","date_gmt":"2026-04-23T20:23:46","guid":{"rendered":"http:\/\/localhost\/borrador\/?post_type=product&#038;p=4220"},"modified":"2026-05-06T17:40:41","modified_gmt":"2026-05-06T22:40:41","slug":"lentes-de-seguridad-revo-spro-deportivo","status":"publish","type":"product","link":"https:\/\/valesafety.com.pe\/?product=lentes-de-seguridad-revo-spro-deportivo","title":{"rendered":"Lentes de Seguridad Revo Spro Deportivo"},"content":{"rendered":"<h2>Lentes de Seguridad Revo Spro Deportivo<\/h2>\n<ul>\n<li class=\"\" data-start=\"653\" data-end=\"738\">\n<p class=\"\" data-start=\"655\" data-end=\"738\"><strong data-start=\"655\" data-end=\"688\">Dise\u00f1o deportivo y envolvente<\/strong> : Ajuste c\u00f3modo y seguro para un uso prolongado.<\/p>\n<\/li>\n<li class=\"\" data-start=\"739\" data-end=\"809\">\n<p class=\"\" data-start=\"741\" data-end=\"809\"><strong data-start=\"741\" data-end=\"763\">Luna espejada roja<\/strong> : Aporta estilo y reduce el deslumbramiento.<\/p>\n<\/li>\n<li class=\"\" data-start=\"810\" data-end=\"896\">\n<p class=\"\" data-start=\"812\" data-end=\"896\"><strong data-start=\"812\" data-end=\"855\">Tecnolog\u00eda antiempa\u00f1ante y antiara\u00f1azos<\/strong> : Visi\u00f3n n\u00edtida en cualquier condici\u00f3n.<\/p>\n<\/li>\n<li class=\"\" data-start=\"897\" data-end=\"982\">\n<p class=\"\" data-start=\"899\" data-end=\"982\"><strong data-start=\"899\" data-end=\"927\">Certificaci\u00f3n ANSI Z87.1<\/strong> : Cumple con est\u00e1ndares internacionales de seguridad.<\/p>\n<\/li>\n<li class=\"\" data-start=\"983\" data-end=\"1076\">\n<p class=\"\" data-start=\"985\" data-end=\"1076\"><strong data-start=\"985\" data-end=\"1013\">Protecci\u00f3n UV del 99.99%<\/strong> : Bloquea los rayos ultravioleta para mayor seguridad ocular.<\/p>\n<\/li>\n<li class=\"\" data-start=\"1077\" data-end=\"1171\">\n<p class=\"\" data-start=\"1079\" data-end=\"1171\"><strong data-start=\"1079\" data-end=\"1111\">Protecci\u00f3n lateral integrada<\/strong> : Previene impactos y part\u00edculas desde diferentes \u00e1ngulos.<\/p>\n<\/li>\n<li class=\"\" data-start=\"1172\" data-end=\"1280\">\n<p class=\"\" data-start=\"1174\" data-end=\"1280\"><strong data-start=\"1174\" data-end=\"1212\">Acolchado interno de doble funci\u00f3n<\/strong> : Amortigua impactos y repele el sudor, brindando mayor comodidad.<\/p>\n<\/li>\n<\/ul>\n<h4 class=\"\" data-start=\"1282\" data-end=\"1308\"><strong data-start=\"1287\" data-end=\"1306\">Sectores de uso<\/strong><\/h4>\n<ul data-start=\"1309\" data-end=\"1428\">\n<li class=\"\" data-start=\"1309\" data-end=\"1337\">\n<p class=\"\" data-start=\"1311\" data-end=\"1337\">Industria y construcci\u00f3n<\/p>\n<\/li>\n<li class=\"\" data-start=\"1338\" data-end=\"1377\">\n<p class=\"\" data-start=\"1340\" data-end=\"1377\">Trabajos al aire libre y deportivos.<\/p>\n<\/li>\n<li class=\"\" data-start=\"1378\" data-end=\"1403\">\n<p class=\"\" data-start=\"1380\" data-end=\"1403\">Automotriz y mec\u00e1nica<\/p>\n<\/li>\n<li class=\"\" data-start=\"1404\" data-end=\"1428\">\n<p class=\"\" data-start=\"1406\" data-end=\"1428\">Seguridad industrial<\/p>\n<\/li>\n<\/ul>\n<p>Necesitas m\u00e1s productos encu\u00e9ntralos en nuestra <a href=\"https:\/\/valesafety.com.pe\/tienda\">tienda\u00a0<\/a><\/p>\n<p>Para m\u00e1s informaci\u00f3n sobre este y otros productos, no dudes en contactarnos por\u00a0<a href=\"http:\/\/wa.me\/51923151009\" target=\"_blank\" rel=\"noopener\">WhatsApp<\/a>.<\/p>\n","protected":false},"excerpt":{"rendered":"<p>Los <strong data-start=\"286\" data-end=\"329\">Lentes de Seguridad Revo Spro Deportivo<\/strong> combinan dise\u00f1o moderno, comodidad y protecci\u00f3n avanzada para quienes buscan un equipo de seguridad con un estilo din\u00e1mico. Su <strong data-start=\"457\" data-end=\"479\">luna espejada roja<\/strong> y su estructura ergon\u00f3mica garantizan una apariencia vanguardista sin comprometer la seguridad en entornos laborales y deportivos.<\/p>\n","protected":false},"featured_media":4299,"comment_status":"closed","ping_status":"closed","template":"","meta":{"_acf_changed":false},"product_brand":[631],"product_cat":[103,65],"product_tag":[240,241,242],"class_list":{"0":"post-4220","1":"product","2":"type-product","3":"status-publish","4":"has-post-thumbnail","6":"product_brand-spro","7":"product_cat-anteojos-de-seguridad","8":"product_cat-proteccion-visual","9":"product_tag-anteojos-de-seguridad","10":"product_tag-lentes","11":"product_tag-spro","13":"first","14":"instock","15":"shipping-taxable","16":"purchasable","17":"product-type-simple"},"acf":[],"_links":{"self":[{"href":"https:\/\/valesafety.com.pe\/index.php?rest_route=\/wp\/v2\/product\/4220","targetHints":{"allow":["GET"]}}],"collection":[{"href":"https:\/\/valesafety.com.pe\/index.php?rest_route=\/wp\/v2\/product"}],"about":[{"href":"https:\/\/valesafety.com.pe\/index.php?rest_route=\/wp\/v2\/types\/product"}],"replies":[{"embeddable":true,"href":"https:\/\/valesafety.com.pe\/index.php?rest_route=%2Fwp%2Fv2%2Fcomments&post=4220"}],"wp:featuredmedia":[{"embeddable":true,"href":"https:\/\/valesafety.com.pe\/index.php?rest_route=\/wp\/v2\/media\/4299"}],"wp:attachment":[{"href":"https:\/\/valesafety.com.pe\/index.php?rest_route=%2Fwp%2Fv2%2Fmedia&parent=4220"}],"wp:term":[{"taxonomy":"product_brand","embeddable":true,"href":"https:\/\/valesafety.com.pe\/index.php?rest_route=%2Fwp%2Fv2%2Fproduct_brand&post=4220"},{"taxonomy":"product_cat","embeddable":true,"href":"https:\/\/valesafety.com.pe\/index.php?rest_route=%2Fwp%2Fv2%2Fproduct_cat&post=4220"},{"taxonomy":"product_tag","embeddable":true,"href":"https:\/\/valesafety.com.pe\/index.php?rest_route=%2Fwp%2Fv2%2Fproduct_tag&post=4220"}],"curies":[{"name":"wp","href":"https:\/\/api.w.org\/{rel}","templated":true}]}}