{"id":4219,"date":"2026-04-23T22:23:46","date_gmt":"2026-04-23T20:23:46","guid":{"rendered":"http:\/\/localhost\/borrador\/?post_type=product&#038;p=4219"},"modified":"2026-05-06T17:24:54","modified_gmt":"2026-05-06T22:24:54","slug":"lente-galera-clear","status":"publish","type":"product","link":"https:\/\/valesafety.com.pe\/?product=lente-galera-clear","title":{"rendered":"Lente Galera Clear"},"content":{"rendered":"<h2>Lente Galera Clear<\/h2>\n<ul>\n<li class=\"\" data-start=\"685\" data-end=\"778\">\n<p class=\"\" data-start=\"687\" data-end=\"778\"><strong data-start=\"687\" data-end=\"724\">Lente de policarbonato monobloque<\/strong> : Alta resistencia a impactos y protecci\u00f3n integral.<\/p>\n<\/li>\n<li class=\"\" data-start=\"779\" data-end=\"880\">\n<p class=\"\" data-start=\"781\" data-end=\"880\"><strong data-start=\"781\" data-end=\"820\">Tratamiento antivaho y antiara\u00f1azos<\/strong> : Mayor durabilidad y visibilidad en condiciones adversas.<\/p>\n<\/li>\n<li class=\"\" data-start=\"881\" data-end=\"956\">\n<p class=\"\" data-start=\"883\" data-end=\"956\"><strong data-start=\"883\" data-end=\"907\">Curvatura de base 10<\/strong> : Amplio campo de visi\u00f3n sin distorsi\u00f3n.<\/p>\n<\/li>\n<li class=\"\" data-start=\"957\" data-end=\"1055\">\n<p class=\"\" data-start=\"959\" data-end=\"1055\"><strong data-start=\"959\" data-end=\"994\">Montura el\u00e1stica de nailon y PVC<\/strong> : Ajuste c\u00f3modo y adaptable a diferentes tama\u00f1os de rostro.<\/p>\n<\/li>\n<li class=\"\" data-start=\"1056\" data-end=\"1181\">\n<p class=\"\" data-start=\"1058\" data-end=\"1181\"><strong data-start=\"1058\" data-end=\"1099\">Compatible con m\u00e1scaras respiratorias<\/strong> : Ideal para trabajos que requieren protecci\u00f3n respiratoria y ocular simult\u00e1nea.<\/p>\n<\/li>\n<li class=\"\" data-start=\"1182\" data-end=\"1251\">\n<p class=\"\" data-start=\"1184\" data-end=\"1251\"><strong data-start=\"1184\" data-end=\"1202\">Clase 1<\/strong> : Asegura una visi\u00f3n clara y sin fatiga visual.<\/p>\n<\/li>\n<li class=\"\" data-start=\"1252\" data-end=\"1317\">\n<p class=\"\" data-start=\"1254\" data-end=\"1317\"><strong data-start=\"1254\" data-end=\"1277\">Peso ligero (104 g)<\/strong> : Mayor comodidad para uso prolongado.<\/p>\n<\/li>\n<\/ul>\n<h4 class=\"\" data-start=\"1319\" data-end=\"1345\"><strong data-start=\"1324\" data-end=\"1343\">Sectores de uso<\/strong><\/h4>\n<ul data-start=\"1346\" data-end=\"1532\">\n<li class=\"\" data-start=\"1346\" data-end=\"1379\">\n<p class=\"\" data-start=\"1348\" data-end=\"1379\">Construcci\u00f3n y obras p\u00fablicas<\/p>\n<\/li>\n<li class=\"\" data-start=\"1380\" data-end=\"1415\">\n<p class=\"\" data-start=\"1382\" data-end=\"1415\">industria minera y petroquimica<\/p>\n<\/li>\n<li class=\"\" data-start=\"1416\" data-end=\"1444\">\n<p class=\"\" data-start=\"1418\" data-end=\"1444\">Mantenimiento y reformas<\/p>\n<\/li>\n<li class=\"\" data-start=\"1445\" data-end=\"1471\">\n<p class=\"\" data-start=\"1447\" data-end=\"1471\">Restauraci\u00f3n y bebidas<\/p>\n<\/li>\n<li class=\"\" data-start=\"1472\" data-end=\"1499\">\n<p class=\"\" data-start=\"1474\" data-end=\"1499\">Automotriz y transporte<\/p>\n<\/li>\n<li class=\"\" data-start=\"1500\" data-end=\"1532\">\n<p class=\"\" data-start=\"1502\" data-end=\"1532\">Extracci\u00f3n de petr\u00f3leo y gas<\/p>\n<\/li>\n<\/ul>\n<p>Necesitas m\u00e1s productos encu\u00e9ntralos en nuestra <a href=\"https:\/\/valesafety.com.pe\/tienda\">tienda\u00a0<\/a><\/p>\n<p>Para m\u00e1s informaci\u00f3n sobre este y otros productos, no dudes en contactarnos por\u00a0<a href=\"http:\/\/wa.me\/51923151009\" target=\"_blank\" rel=\"noopener\">WhatsApp<\/a>.<\/p>\n","protected":false},"excerpt":{"rendered":"<ul>\n<li class=\"\" data-start=\"685\" data-end=\"778\">\n<p class=\"\" data-start=\"687\" data-end=\"778\"><strong data-start=\"687\" data-end=\"724\">Lente de policarbonato monobloque<\/strong> : Alta resistencia a impactos y protecci\u00f3n integral.<\/p>\n<\/li>\n<li class=\"\" data-start=\"779\" data-end=\"880\">\n<p class=\"\" data-start=\"781\" data-end=\"880\"><strong data-start=\"781\" data-end=\"820\">Tratamiento antivaho y antiara\u00f1azos<\/strong> : Mayor durabilidad y visibilidad en condiciones adversas.<\/p>\n<\/li>\n<li class=\"\" data-start=\"881\" data-end=\"956\">\n<p class=\"\" data-start=\"883\" data-end=\"956\"><strong data-start=\"883\" data-end=\"907\">Curvatura de base 10<\/strong> : Amplio campo de visi\u00f3n sin distorsi\u00f3n.<\/p>\n<\/li>\n<li class=\"\" data-start=\"957\" data-end=\"1055\">\n<p class=\"\" data-start=\"959\" data-end=\"1055\"><strong data-start=\"959\" data-end=\"994\">Montura el\u00e1stica de nailon y PVC<\/strong> : Ajuste c\u00f3modo y adaptable a diferentes tama\u00f1os de rostro.<\/p>\n<\/li>\n<li class=\"\" data-start=\"1056\" data-end=\"1181\">\n<p class=\"\" data-start=\"1058\" data-end=\"1181\"><strong data-start=\"1058\" data-end=\"1099\">Compatible con m\u00e1scaras respiratorias<\/strong> : Ideal para trabajos que requieren protecci\u00f3n respiratoria y ocular simult\u00e1nea.<\/p>\n<\/li>\n<li class=\"\" data-start=\"1182\" data-end=\"1251\">\n<p class=\"\" data-start=\"1184\" data-end=\"1251\"><strong data-start=\"1184\" data-end=\"1202\">Clase 1<\/strong> : Asegura una visi\u00f3n clara y sin fatiga visual.<\/p>\n<\/li>\n<li class=\"\" data-start=\"1252\" data-end=\"1317\">\n<p class=\"\" data-start=\"1254\" data-end=\"1317\"><strong data-start=\"1254\" data-end=\"1277\">Peso ligero (104 g)<\/strong> : Mayor comodidad para uso prolongado.<\/p>\n<\/li>\n<\/ul>\n<p><strong data-start=\"246\" data-end=\"268\">Lente Galera Clear<\/strong> es un equipo de protecci\u00f3n ocular dise\u00f1ado para brindar <strong data-start=\"325\" data-end=\"355\">m\u00e1xima seguridad y confort<\/strong> en entornos laborales exigentes. Su dise\u00f1o panor\u00e1mico y su ajuste el\u00e1stico permiten un campo de visi\u00f3n amplio y una protecci\u00f3n eficaz contra part\u00edculas, polvo y salpicaduras. Adem\u00e1s, su compatibilidad con m\u00e1scaras respiratorias lo convierte en una opci\u00f3n ideal para diversas industrias.<\/p>\n","protected":false},"featured_media":4298,"comment_status":"closed","ping_status":"closed","template":"","meta":{"_acf_changed":false},"product_brand":[27],"product_cat":[104,65],"product_tag":[238,231,239],"class_list":{"0":"post-4219","1":"product","2":"type-product","3":"status-publish","4":"has-post-thumbnail","6":"product_brand-deltaplus","7":"product_cat-antiparras","8":"product_cat-proteccion-visual","9":"product_tag-antiparras","10":"product_tag-deltaplus","11":"product_tag-lentes-de-seguridad","13":"first","14":"instock","15":"shipping-taxable","16":"purchasable","17":"product-type-simple"},"acf":[],"_links":{"self":[{"href":"https:\/\/valesafety.com.pe\/index.php?rest_route=\/wp\/v2\/product\/4219","targetHints":{"allow":["GET"]}}],"collection":[{"href":"https:\/\/valesafety.com.pe\/index.php?rest_route=\/wp\/v2\/product"}],"about":[{"href":"https:\/\/valesafety.com.pe\/index.php?rest_route=\/wp\/v2\/types\/product"}],"replies":[{"embeddable":true,"href":"https:\/\/valesafety.com.pe\/index.php?rest_route=%2Fwp%2Fv2%2Fcomments&post=4219"}],"wp:featuredmedia":[{"embeddable":true,"href":"https:\/\/valesafety.com.pe\/index.php?rest_route=\/wp\/v2\/media\/4298"}],"wp:attachment":[{"href":"https:\/\/valesafety.com.pe\/index.php?rest_route=%2Fwp%2Fv2%2Fmedia&parent=4219"}],"wp:term":[{"taxonomy":"product_brand","embeddable":true,"href":"https:\/\/valesafety.com.pe\/index.php?rest_route=%2Fwp%2Fv2%2Fproduct_brand&post=4219"},{"taxonomy":"product_cat","embeddable":true,"href":"https:\/\/valesafety.com.pe\/index.php?rest_route=%2Fwp%2Fv2%2Fproduct_cat&post=4219"},{"taxonomy":"product_tag","embeddable":true,"href":"https:\/\/valesafety.com.pe\/index.php?rest_route=%2Fwp%2Fv2%2Fproduct_tag&post=4219"}],"curies":[{"name":"wp","href":"https:\/\/api.w.org\/{rel}","templated":true}]}}