{"id":4218,"date":"2026-04-23T22:23:45","date_gmt":"2026-04-23T20:23:45","guid":{"rendered":"http:\/\/localhost\/borrador\/?post_type=product&#038;p=4218"},"modified":"2026-05-07T09:31:03","modified_gmt":"2026-05-07T14:31:03","slug":"mascarilla-m1200","status":"publish","type":"product","link":"https:\/\/valesafety.com.pe\/?product=mascarilla-m1200","title":{"rendered":"Mascarilla M1200"},"content":{"rendered":"<h2>Mascarilla M1200<\/h2>\n<ul>\n<li class=\"\" data-start=\"624\" data-end=\"715\">\n<p class=\"\" data-start=\"626\" data-end=\"715\"><strong data-start=\"626\" data-end=\"643\">Protecci\u00f3n P2<\/strong> : Filtraci\u00f3n eficaz contra part\u00edculas s\u00f3lidas y l\u00edquidas no vol\u00e1tiles.<\/p>\n<\/li>\n<li class=\"\" data-start=\"716\" data-end=\"804\">\n<p class=\"\" data-start=\"718\" data-end=\"804\"><strong data-start=\"718\" data-end=\"737\">Dise\u00f1o moldeado<\/strong> : Mantiene la forma y proporciona un ajuste ergon\u00f3mico al rostro.<\/p>\n<\/li>\n<li class=\"\" data-start=\"805\" data-end=\"881\">\n<p class=\"\" data-start=\"807\" data-end=\"881\"><strong data-start=\"807\" data-end=\"839\">Material sint\u00e9tico sin tejido<\/strong> : Resistente, ligero y libre de grafeno.<\/p>\n<\/li>\n<li class=\"\" data-start=\"882\" data-end=\"963\">\n<p class=\"\" data-start=\"884\" data-end=\"963\"><strong data-start=\"884\" data-end=\"909\">Puente nasal de acero<\/strong> : Ajustable para un mejor sellado y mayor comodidad.<\/p>\n<\/li>\n<li class=\"\" data-start=\"964\" data-end=\"1040\">\n<p class=\"\" data-start=\"966\" data-end=\"1040\"><strong data-start=\"966\" data-end=\"998\">Sistema de ajuste con novias<\/strong> : Permite una sujeci\u00f3n segura y estable.<\/p>\n<\/li>\n<li class=\"\" data-start=\"1041\" data-end=\"1133\">\n<p class=\"\" data-start=\"1043\" data-end=\"1133\"><strong data-start=\"1043\" data-end=\"1070\">Aprobaci\u00f3n Dolomita (D)<\/strong> : Garantiza mayor durabilidad y resistencia a la obstrucci\u00f3n.<\/p>\n<\/li>\n<li class=\"\" data-start=\"1134\" data-end=\"1215\">\n<p class=\"\" data-start=\"1136\" data-end=\"1215\"><strong data-start=\"1136\" data-end=\"1165\">Vida \u00fatil de hasta 5 a\u00f1os<\/strong> : Almacenamiento prolongado sin perder eficacia.<\/p>\n<\/li>\n<li class=\"\" data-start=\"1216\" data-end=\"1304\">\n<p class=\"\" data-start=\"1218\" data-end=\"1304\"><strong data-start=\"1218\" data-end=\"1257\">Presentaci\u00f3n en caja de 20 unidades<\/strong> : Ideal para el uso industrial y profesional.<\/p>\n<\/li>\n<\/ul>\n<h4 class=\"\" data-start=\"1306\" data-end=\"1332\"><strong data-start=\"1311\" data-end=\"1330\">Sectores de uso<\/strong><\/h4>\n<ul data-start=\"1333\" data-end=\"1506\">\n<li class=\"\" data-start=\"1333\" data-end=\"1360\">\n<p class=\"\" data-start=\"1335\" data-end=\"1360\">Construcci\u00f3n y reformas<\/p>\n<\/li>\n<li class=\"\" data-start=\"1361\" data-end=\"1397\">\n<p class=\"\" data-start=\"1363\" data-end=\"1397\">Industria quimica y petroquimica<\/p>\n<\/li>\n<li class=\"\" data-start=\"1398\" data-end=\"1439\">\n<p class=\"\" data-start=\"1400\" data-end=\"1439\">Mantenimiento y producci\u00f3n industrial.<\/p>\n<\/li>\n<li class=\"\" data-start=\"1440\" data-end=\"1471\">\n<p class=\"\" data-start=\"1442\" data-end=\"1471\">Transporte y obras p\u00fablicas<\/p>\n<\/li>\n<li class=\"\" data-start=\"1472\" data-end=\"1506\">\n<p class=\"\" data-start=\"1474\" data-end=\"1506\">Industria ligera y manufactura<\/p>\n<\/li>\n<\/ul>\n<p>Necesitas m\u00e1s productos encu\u00e9ntralos en nuestra <a href=\"https:\/\/valesafety.com.pe\/tienda\">tienda\u00a0<\/a><\/p>\n<p>Para m\u00e1s informaci\u00f3n sobre este y otros productos, no dudes en contactarnos por\u00a0<a href=\"http:\/\/wa.me\/51923151009\" target=\"_blank\" rel=\"noopener\">WhatsApp<\/a>.<\/p>\n","protected":false},"excerpt":{"rendered":"<p>La <strong data-start=\"248\" data-end=\"268\">Mascarilla M1200<\/strong> es un equipo de protecci\u00f3n respiratoria desechable <strong data-start=\"320\" data-end=\"335\">sin v\u00e1lvula<\/strong> , dise\u00f1ado para <strong data-start=\"351\" data-end=\"386\">filtrar part\u00edculas y polvo fino<\/strong> en diversos entornos industriales. Su estructura moldeada y su ajuste mediante <strong data-start=\"466\" data-end=\"500\">bridas y puente nasal de acero<\/strong> garantizan un sellado seguro y c\u00f3modo, reduciendo la exposici\u00f3n a contaminantes.<\/p>\n","protected":false},"featured_media":4297,"comment_status":"closed","ping_status":"closed","template":"","meta":{"_acf_changed":false},"product_brand":[27],"product_cat":[99],"product_tag":[234,235,236,237],"class_list":{"0":"post-4218","1":"product","2":"type-product","3":"status-publish","4":"has-post-thumbnail","6":"product_brand-deltaplus","7":"product_cat-mascarillas","8":"product_tag-cubrebocas","9":"product_tag-deltaplus-mascarilla","10":"product_tag-m1200","11":"product_tag-mascarilla","13":"first","14":"instock","15":"shipping-taxable","16":"purchasable","17":"product-type-simple"},"acf":[],"_links":{"self":[{"href":"https:\/\/valesafety.com.pe\/index.php?rest_route=\/wp\/v2\/product\/4218","targetHints":{"allow":["GET"]}}],"collection":[{"href":"https:\/\/valesafety.com.pe\/index.php?rest_route=\/wp\/v2\/product"}],"about":[{"href":"https:\/\/valesafety.com.pe\/index.php?rest_route=\/wp\/v2\/types\/product"}],"replies":[{"embeddable":true,"href":"https:\/\/valesafety.com.pe\/index.php?rest_route=%2Fwp%2Fv2%2Fcomments&post=4218"}],"wp:featuredmedia":[{"embeddable":true,"href":"https:\/\/valesafety.com.pe\/index.php?rest_route=\/wp\/v2\/media\/4297"}],"wp:attachment":[{"href":"https:\/\/valesafety.com.pe\/index.php?rest_route=%2Fwp%2Fv2%2Fmedia&parent=4218"}],"wp:term":[{"taxonomy":"product_brand","embeddable":true,"href":"https:\/\/valesafety.com.pe\/index.php?rest_route=%2Fwp%2Fv2%2Fproduct_brand&post=4218"},{"taxonomy":"product_cat","embeddable":true,"href":"https:\/\/valesafety.com.pe\/index.php?rest_route=%2Fwp%2Fv2%2Fproduct_cat&post=4218"},{"taxonomy":"product_tag","embeddable":true,"href":"https:\/\/valesafety.com.pe\/index.php?rest_route=%2Fwp%2Fv2%2Fproduct_tag&post=4218"}],"curies":[{"name":"wp","href":"https:\/\/api.w.org\/{rel}","templated":true}]}}