{"id":4215,"date":"2026-04-23T22:23:45","date_gmt":"2026-04-23T20:23:45","guid":{"rendered":"http:\/\/localhost\/borrador\/?post_type=product&#038;p=4215"},"modified":"2026-05-06T15:25:59","modified_gmt":"2026-05-06T20:25:59","slug":"chaleco-m6gil","status":"publish","type":"product","link":"https:\/\/valesafety.com.pe\/?product=chaleco-m6gil","title":{"rendered":"Chaleco M6GIL"},"content":{"rendered":"<h2>Chaleco M6GIL<\/h2>\n<ul>\n<li class=\"\" data-start=\"557\" data-end=\"655\">\n<p class=\"\" data-start=\"559\" data-end=\"655\"><strong data-start=\"559\" data-end=\"579\">Marca reconocida<\/strong> : Producto de <strong data-start=\"593\" data-end=\"607\">Delta Plus<\/strong> , referente en seguridad y vestimenta laboral.<\/p>\n<\/li>\n<li class=\"\" data-start=\"656\" data-end=\"739\">\n<p class=\"\" data-start=\"658\" data-end=\"739\"><strong data-start=\"658\" data-end=\"681\">Material resistente<\/strong> : Tejido de <strong data-start=\"693\" data-end=\"705\">235 g\/m\u00b2<\/strong> , ideal para trabajos exigentes.<\/p>\n<\/li>\n<li class=\"\" data-start=\"740\" data-end=\"841\">\n<p class=\"\" data-start=\"742\" data-end=\"841\"><strong data-start=\"742\" data-end=\"763\">Dise\u00f1o ergon\u00f3mico<\/strong> : <strong data-start=\"765\" data-end=\"780\">Cuello en V<\/strong> y <strong data-start=\"783\" data-end=\"808\">cierre con cremallera<\/strong> para mayor ajuste y comodidad.<\/p>\n<\/li>\n<li class=\"\" data-start=\"842\" data-end=\"964\">\n<p class=\"\" data-start=\"844\" data-end=\"964\"><strong data-start=\"844\" data-end=\"867\">M\u00faltiples bolsillos<\/strong> : <strong data-start=\"869\" data-end=\"895\">6 bolsillos exteriores<\/strong> , incluyendo <strong data-start=\"908\" data-end=\"961\">2 con cremallera, 1 para tel\u00e9fono y 3 adicionales<\/strong> .<\/p>\n<\/li>\n<li class=\"\" data-start=\"965\" data-end=\"1053\">\n<p class=\"\" data-start=\"967\" data-end=\"1053\"><strong data-start=\"967\" data-end=\"986\">Personalizaci\u00f3n<\/strong> : Compatible con <strong data-start=\"1003\" data-end=\"1050\">bordado, serigraf\u00eda y transferencia t\u00e9rmica<\/strong> .<\/p>\n<\/li>\n<li class=\"\" data-start=\"1054\" data-end=\"1128\">\n<p class=\"\" data-start=\"1056\" data-end=\"1128\"><strong data-start=\"1056\" data-end=\"1074\">Compatibilidad<\/strong> : Combinable con todas las prendas de la misma gama.<\/p>\n<\/li>\n<li class=\"\" data-start=\"1129\" data-end=\"1212\">\n<p class=\"\" data-start=\"1131\" data-end=\"1212\"><strong data-start=\"1131\" data-end=\"1161\">Certificaci\u00f3n EN ISO 13688<\/strong> : Cumple con normativas de seguridad y ergonom\u00eda.<\/p>\n<\/li>\n<li class=\"\" data-start=\"1213\" data-end=\"1290\">\n<p class=\"\" data-start=\"1215\" data-end=\"1290\"><strong data-start=\"1215\" data-end=\"1241\">Rango de tallas amplio<\/strong> : Disponible en <strong data-start=\"1257\" data-end=\"1287\">XS, S, M, L, XL, XXL y 3XL<\/strong> .<\/p>\n<\/li>\n<\/ul>\n<h4 class=\"\" data-start=\"1292\" data-end=\"1318\"><strong data-start=\"1297\" data-end=\"1316\">Sectores de uso<\/strong><\/h4>\n<ul data-start=\"1319\" data-end=\"1435\">\n<li class=\"\" data-start=\"1319\" data-end=\"1349\">\n<p class=\"\" data-start=\"1321\" data-end=\"1349\">Agricultura y silvicultura<\/p>\n<\/li>\n<li class=\"\" data-start=\"1350\" data-end=\"1377\">\n<p class=\"\" data-start=\"1352\" data-end=\"1377\">Construcci\u00f3n y reformas<\/p>\n<\/li>\n<li class=\"\" data-start=\"1378\" data-end=\"1404\">\n<p class=\"\" data-start=\"1380\" data-end=\"1404\">Transporte y log\u00edstica<\/p>\n<\/li>\n<li class=\"\" data-start=\"1405\" data-end=\"1435\">\n<p class=\"\" data-start=\"1407\" data-end=\"1435\">Almacenamiento e industria<\/p>\n<\/li>\n<\/ul>\n<p>Necesitas m\u00e1s productos encu\u00e9ntralos en nuestra <a href=\"https:\/\/valesafety.com.pe\/tienda\">tienda\u00a0<\/a><\/p>\n<p>Para m\u00e1s informaci\u00f3n sobre este y otros productos, no dudes en contactarnos por\u00a0<a href=\"http:\/\/wa.me\/51923151009\" target=\"_blank\" rel=\"noopener\">WhatsApp<\/a>.<\/p>\n","protected":false},"excerpt":{"rendered":"<p>El <strong data-start=\"257\" data-end=\"285\">Chaleco M6GIL Delta Plus<\/strong> es una prenda de trabajo dise\u00f1ada para ofrecer comodidad, resistencia y versatilidad en entornos industriales y profesionales exigentes. Su confecci\u00f3n en <strong data-start=\"440\" data-end=\"471\">65% poli\u00e9ster y 35%<\/strong> garantiza durabilidad y flexibilidad del algod\u00f3n, mientras que su dise\u00f1o ergon\u00f3mico permite un ajuste c\u00f3modo y seguro.<\/p>\n","protected":false},"featured_media":4281,"comment_status":"closed","ping_status":"closed","template":"","meta":{"_acf_changed":false},"product_brand":[27],"product_cat":[107,67],"product_tag":[230],"class_list":{"0":"post-4215","1":"product","2":"type-product","3":"status-publish","4":"has-post-thumbnail","6":"product_brand-deltaplus","7":"product_cat-chalecos","8":"product_cat-ropa-de-trabajo","9":"product_tag-chalecos","11":"first","12":"instock","13":"shipping-taxable","14":"purchasable","15":"product-type-simple"},"acf":[],"_links":{"self":[{"href":"https:\/\/valesafety.com.pe\/index.php?rest_route=\/wp\/v2\/product\/4215","targetHints":{"allow":["GET"]}}],"collection":[{"href":"https:\/\/valesafety.com.pe\/index.php?rest_route=\/wp\/v2\/product"}],"about":[{"href":"https:\/\/valesafety.com.pe\/index.php?rest_route=\/wp\/v2\/types\/product"}],"replies":[{"embeddable":true,"href":"https:\/\/valesafety.com.pe\/index.php?rest_route=%2Fwp%2Fv2%2Fcomments&post=4215"}],"wp:featuredmedia":[{"embeddable":true,"href":"https:\/\/valesafety.com.pe\/index.php?rest_route=\/wp\/v2\/media\/4281"}],"wp:attachment":[{"href":"https:\/\/valesafety.com.pe\/index.php?rest_route=%2Fwp%2Fv2%2Fmedia&parent=4215"}],"wp:term":[{"taxonomy":"product_brand","embeddable":true,"href":"https:\/\/valesafety.com.pe\/index.php?rest_route=%2Fwp%2Fv2%2Fproduct_brand&post=4215"},{"taxonomy":"product_cat","embeddable":true,"href":"https:\/\/valesafety.com.pe\/index.php?rest_route=%2Fwp%2Fv2%2Fproduct_cat&post=4215"},{"taxonomy":"product_tag","embeddable":true,"href":"https:\/\/valesafety.com.pe\/index.php?rest_route=%2Fwp%2Fv2%2Fproduct_tag&post=4215"}],"curies":[{"name":"wp","href":"https:\/\/api.w.org\/{rel}","templated":true}]}}