{"id":4213,"date":"2026-04-23T22:23:44","date_gmt":"2026-04-23T20:23:44","guid":{"rendered":"http:\/\/localhost\/borrador\/?post_type=product&#038;p=4213"},"modified":"2026-05-07T10:34:43","modified_gmt":"2026-05-07T15:34:43","slug":"retenedor-de-filtro-3m-501","status":"publish","type":"product","link":"https:\/\/valesafety.com.pe\/?product=retenedor-de-filtro-3m-501","title":{"rendered":"Retenedor de filtro 3M 501"},"content":{"rendered":"<h2 data-start=\"1932\" data-end=\"1960\">Retenedor de filtro 3M 501<\/h2>\n<ul>\n<li class=\"\" data-start=\"522\" data-end=\"668\">\n<p class=\"\" data-start=\"524\" data-end=\"668\"><strong data-start=\"524\" data-end=\"548\">Compatibilidad total<\/strong> : Se utiliza con los <strong data-start=\"569\" data-end=\"599\">respiradores 3M Serie 6000<\/strong> , <strong data-start=\"601\" data-end=\"628\">cartuchos 3M Serie 6000<\/strong> y el <strong data-start=\"634\" data-end=\"665\">adaptador de filtro 3M\u2122 603<\/strong> .<\/p>\n<\/li>\n<li class=\"\" data-start=\"669\" data-end=\"781\">\n<p class=\"\" data-start=\"671\" data-end=\"781\"><strong data-start=\"671\" data-end=\"699\">Material de alta calidad<\/strong> : Fabricado en color <strong data-start=\"720\" data-end=\"742\">blanco transl\u00facido<\/strong> para facilitar la inspecci\u00f3n visual.<\/p>\n<\/li>\n<li class=\"\" data-start=\"782\" data-end=\"926\">\n<p class=\"\" data-start=\"784\" data-end=\"926\"><strong data-start=\"784\" data-end=\"807\">Dimensiones \u00f3ptimas<\/strong> : Mide <strong data-start=\"814\" data-end=\"860\">4\u201d de alto x 8.5\u201d de largo x 4.5\u201d de ancho<\/strong> , asegurando un ajuste adecuado en los respiradores compatibles.<\/p>\n<\/li>\n<li class=\"\" data-start=\"927\" data-end=\"1055\">\n<p class=\"\" data-start=\"929\" data-end=\"1055\"><strong data-start=\"929\" data-end=\"948\">Aprobado por 3M<\/strong> : Componente oficial del <strong data-start=\"973\" data-end=\"1014\">sistema de protecci\u00f3n respiratoria 3M<\/strong> , garantizando seguridad y rendimiento.<\/p>\n<\/li>\n<li class=\"\" data-start=\"1056\" data-end=\"1164\">\n<p class=\"\" data-start=\"1058\" data-end=\"1164\"><strong data-start=\"1058\" data-end=\"1082\">Instalaci\u00f3n sencilla<\/strong> : F\u00e1cil de colocar y retirar, permitiendo el reemplazo r\u00e1pido de los prefiltros.<\/p>\n<\/li>\n<\/ul>\n<h3 data-start=\"1166\" data-end=\"1202\"><strong data-start=\"1171\" data-end=\"1200\">Aplicaciones recomendadas<\/strong><\/h3>\n<p class=\"\" data-start=\"1203\" data-end=\"1321\">El retenedor 3M 501 es ideal para diversas aplicaciones industriales donde se requiere protecci\u00f3n contra part\u00edculas:<\/p>\n<ul data-start=\"1322\" data-end=\"1501\">\n<li class=\"\" data-start=\"1322\" data-end=\"1362\">\n<p class=\"\" data-start=\"1324\" data-end=\"1362\"><strong data-start=\"1324\" data-end=\"1360\">Industria quimica y petroquimica<\/strong><\/p>\n<\/li>\n<li class=\"\" data-start=\"1363\" data-end=\"1403\">\n<p class=\"\" data-start=\"1365\" data-end=\"1403\"><strong data-start=\"1365\" data-end=\"1401\">Pintura con aerosol y barnizados.<\/strong><\/p>\n<\/li>\n<li class=\"\" data-start=\"1404\" data-end=\"1445\">\n<p class=\"\" data-start=\"1406\" data-end=\"1445\"><strong data-start=\"1406\" data-end=\"1443\">Manejo de pesticidas y fumigaci\u00f3n.<\/strong><\/p>\n<\/li>\n<li class=\"\" data-start=\"1446\" data-end=\"1501\">\n<p class=\"\" data-start=\"1448\" data-end=\"1501\"><strong data-start=\"1448\" data-end=\"1499\">Procesos de fabricaci\u00f3n con polvo en suspensi\u00f3n<\/strong><\/p>\n<\/li>\n<\/ul>\n<h4 data-start=\"1503\" data-end=\"1543\"><strong data-start=\"1508\" data-end=\"1541\">Compatibilidad y uso correcto<\/strong><\/h4>\n<p class=\"\" data-start=\"1544\" data-end=\"1639\">Para un rendimiento \u00f3ptimo, el <strong data-start=\"1575\" data-end=\"1606\">Retenedor de Filtro 3M\u2122 501<\/strong> se utiliza en combinaci\u00f3n con:<\/p>\n<ul data-start=\"1640\" data-end=\"1819\">\n<li class=\"\" data-start=\"1640\" data-end=\"1698\">\n<p class=\"\" data-start=\"1642\" data-end=\"1698\"><strong data-start=\"1642\" data-end=\"1671\">Prefiltros 3M 5N11 y 5P71<\/strong> (se venden por separado)<\/p>\n<\/li>\n<li class=\"\" data-start=\"1699\" data-end=\"1742\">\n<p class=\"\" data-start=\"1701\" data-end=\"1742\"><strong data-start=\"1701\" data-end=\"1740\">Respiradores de la Serie 6000 de 3M<\/strong><\/p>\n<\/li>\n<li class=\"\" data-start=\"1743\" data-end=\"1783\">\n<p class=\"\" data-start=\"1745\" data-end=\"1783\"><strong data-start=\"1745\" data-end=\"1781\">Cartuchos de la Serie 6000 de 3M<\/strong><\/p>\n<\/li>\n<li class=\"\" data-start=\"1784\" data-end=\"1819\">\n<p class=\"\" data-start=\"1786\" data-end=\"1819\"><strong data-start=\"1786\" data-end=\"1817\">Adaptador de filtro 3M\u2122 603<\/strong><\/p>\n<\/li>\n<\/ul>\n<p>Necesitas m\u00e1s productos encu\u00e9ntralos en nuestra <a href=\"https:\/\/valesafety.com.pe\/tienda\">tienda\u00a0<\/a><\/p>\n<p>Para m\u00e1s informaci\u00f3n sobre este y otros productos, no dudes en contactarnos por\u00a0<a href=\"http:\/\/wa.me\/51923151009\" target=\"_blank\" rel=\"noopener\">WhatsApp<\/a>.<\/p>\n","protected":false},"excerpt":{"rendered":"<p>El Retenedor de filtro 3M 501\u00a0es un componente esencial del sistema de protecci\u00f3n respiratoria de 3M, dise\u00f1ado para sujetar los <strong data-start=\"254\" data-end=\"283\">prefiltros 3M 5N11 y 5P71<\/strong> sobre respiradores y cartuchos de la Serie 6000. Su dise\u00f1o resistente y seguro garantiza un ajuste firme, permitiendo una protecci\u00f3n efectiva contra part\u00edculas en entornos industriales exigentes.<\/p>\n","protected":false},"featured_media":4279,"comment_status":"closed","ping_status":"closed","template":"","meta":{"_acf_changed":false},"product_brand":[38],"product_cat":[98,62],"product_tag":[],"class_list":{"0":"post-4213","1":"product","2":"type-product","3":"status-publish","4":"has-post-thumbnail","6":"product_brand-3m","7":"product_cat-filtros","8":"product_cat-proteccion-respiratoria","10":"first","11":"instock","12":"shipping-taxable","13":"purchasable","14":"product-type-simple"},"acf":[],"_links":{"self":[{"href":"https:\/\/valesafety.com.pe\/index.php?rest_route=\/wp\/v2\/product\/4213","targetHints":{"allow":["GET"]}}],"collection":[{"href":"https:\/\/valesafety.com.pe\/index.php?rest_route=\/wp\/v2\/product"}],"about":[{"href":"https:\/\/valesafety.com.pe\/index.php?rest_route=\/wp\/v2\/types\/product"}],"replies":[{"embeddable":true,"href":"https:\/\/valesafety.com.pe\/index.php?rest_route=%2Fwp%2Fv2%2Fcomments&post=4213"}],"wp:featuredmedia":[{"embeddable":true,"href":"https:\/\/valesafety.com.pe\/index.php?rest_route=\/wp\/v2\/media\/4279"}],"wp:attachment":[{"href":"https:\/\/valesafety.com.pe\/index.php?rest_route=%2Fwp%2Fv2%2Fmedia&parent=4213"}],"wp:term":[{"taxonomy":"product_brand","embeddable":true,"href":"https:\/\/valesafety.com.pe\/index.php?rest_route=%2Fwp%2Fv2%2Fproduct_brand&post=4213"},{"taxonomy":"product_cat","embeddable":true,"href":"https:\/\/valesafety.com.pe\/index.php?rest_route=%2Fwp%2Fv2%2Fproduct_cat&post=4213"},{"taxonomy":"product_tag","embeddable":true,"href":"https:\/\/valesafety.com.pe\/index.php?rest_route=%2Fwp%2Fv2%2Fproduct_tag&post=4213"}],"curies":[{"name":"wp","href":"https:\/\/api.w.org\/{rel}","templated":true}]}}