{"id":4204,"date":"2026-04-23T22:23:16","date_gmt":"2026-04-23T20:23:16","guid":{"rendered":"http:\/\/localhost\/borrador\/?post_type=product&#038;p=4204"},"modified":"2026-05-07T10:22:18","modified_gmt":"2026-05-07T15:22:18","slug":"prefiltro-3m-5n11","status":"publish","type":"product","link":"https:\/\/valesafety.com.pe\/?product=prefiltro-3m-5n11","title":{"rendered":"Prefiltro 3M 5N11"},"content":{"rendered":"<h2>Prefiltro 3M 5N11<\/h2>\n<ul class=\"sps2-pdp_details--highlights_list\">\n<li class=\"sps2-pdp_details--highlights_item mds-font_paragraph\">Este filtro se puede usar para part\u00edculas s\u00f3lidas que no contengan aceites, incluyendo pinturas en aerosol (con cartuchos adecuados).<\/li>\n<li class=\"sps2-pdp_details--highlights_item mds-font_paragraph\">No debe usarse para aerosoles que contengan aceites, asbestos, plomo, cadmio, ars\u00e9nico o polvo.<\/li>\n<li class=\"sps2-pdp_details--highlights_item mds-font_paragraph\">El prefiltro 3M 5N11 ha mejorado la fabricaci\u00f3n del filtro para reducir la obstrucci\u00f3n r\u00e1pida.<\/li>\n<li class=\"sps2-pdp_details--highlights_item mds-font_paragraph\">Las aplicaciones incluyen pintura con aerosol, fabricaci\u00f3n qu\u00edmica, petroqu\u00edmica y pesticidas en aerosol.<\/li>\n<li class=\"sps2-pdp_details--highlights_item mds-font_paragraph\">Debe usarse con las M\u00e1scaras de Gas de la Serie 5000 de 3M y los Cartuchos de la Serie 6000 de 3M con el Ret\u00e9n para Filtro 501.<\/li>\n<\/ul>\n<h4 class=\"\" data-start=\"1999\" data-end=\"2039\"><strong data-start=\"2004\" data-end=\"2037\">Compatibilidad y uso correcto<\/strong><\/h4>\n<p class=\"\" data-start=\"2040\" data-end=\"2384\">Para un rendimiento \u00f3ptimo, el prefiltro 3M 5N11 debe utilizarse con cartuchos adecuados en concentraciones de hasta <strong data-start=\"2157\" data-end=\"2210\">10 veces el l\u00edmite de exposici\u00f3n permisible (PEL)<\/strong> con medias m\u00e1scaras o <strong data-start=\"2233\" data-end=\"2252\">50 veces el PEL<\/strong> con m\u00e1scaras de rostro completo. Las m\u00e1scaras completas deben someterse a pruebas cuantitativas para asegurar un ajuste adecuado.<\/p>\n<p class=\"\" data-start=\"2386\" data-end=\"2415\"><strong data-start=\"2388\" data-end=\"2413\">Restricciones de uso:<\/strong><\/p>\n<ul data-start=\"2416\" data-end=\"2606\">\n<li class=\"\" data-start=\"2416\" data-end=\"2516\">\n<p class=\"\" data-start=\"2418\" data-end=\"2516\">No utilizar en presencia de aceites, asbesto, plomo, cadmio, ars\u00e9nico o polvo altamente t\u00f3xico.<\/p>\n<\/li>\n<li class=\"\" data-start=\"2517\" data-end=\"2606\">\n<p class=\"\" data-start=\"2519\" data-end=\"2606\"><span class=\"_fadeIn_4f9by_7\">estafa de <\/span><span class=\"_fadeIn_4f9by_7\">entornos<\/span>No recomendado para entornos con <strong data-start=\"2552\" data-end=\"2603\">riesgo inmediato para la vida o la salud (IDLH)<\/strong> .<\/p>\n<\/li>\n<\/ul>\n<p>Necesitas m\u00e1s productos encu\u00e9ntralos en nuestra <a href=\"https:\/\/valesafety.com.pe\/tienda\">tienda\u00a0<\/a><\/p>\n<p>Para m\u00e1s informaci\u00f3n sobre este y otros productos, no dudes en contactarnos por\u00a0<a href=\"http:\/\/wa.me\/51923151009\" target=\"_blank\" rel=\"noopener\">WhatsApp<\/a>.<\/p>\n","protected":false},"excerpt":{"rendered":"<div class=\"flex-1 overflow-hidden\">\n<div class=\"react-scroll-to-bottom--css-qpowz-79elbk h-full\">\n<div class=\"react-scroll-to-bottom--css-qpowz-1n7m0yu\">\n<div class=\"flex flex-col text-sm pb-9\">\n<div class=\"w-full text-token-text-primary\" dir=\"auto\" data-testid=\"conversation-turn-99\" data-scroll-anchor=\"true\">\n<div class=\"py-2 juice:py-[18px] px-3 text-base md:px-4 m-auto md:px-5 lg:px-1 xl:px-5\">\n<div class=\"mx-auto flex flex-1 gap-3 text-base juice:gap-4 juice:md:gap-6 md:max-w-3xl lg:max-w-[40rem] xl:max-w-[48rem]\">\n<div class=\"relative flex w-full min-w-0 flex-col agent-turn\">\n<div class=\"flex-col gap-1 md:gap-3\">\n<div class=\"flex flex-grow flex-col max-w-full\">\n<div class=\"min-h-[20px] text-message flex flex-col items-start whitespace-pre-wrap break-words [.text-message+&amp;]:mt-5 juice:w-full juice:items-end overflow-x-auto gap-2\" dir=\"auto\" data-message-author-role=\"assistant\" data-message-id=\"2a2276de-dd2a-4620-8e4f-c8088a577a16\">\n<div class=\"flex w-full flex-col gap-1 juice:empty:hidden juice:first:pt-[3px]\">\n<div class=\"markdown prose w-full break-words dark:prose-invert dark\">\n<p class=\"\" data-start=\"127\" data-end=\"428\">El <strong data-start=\"130\" data-end=\"151\">prefiltro 3M 5N11<\/strong><span class=\"_fadeIn_4f9by_7\"> est\u00e1 <\/span><span class=\"_fadeIn_4f9by_7\">dise\u00f1ado <\/span><span class=\"_fadeIn_4f9by_7\">para <\/span><span class=\"_fadeIn_4f9by_7\">brindar <\/span><span class=\"_fadeIn_4f9by_7\">protecci\u00f3n <\/span><span class=\"_fadeIn_4f9by_7\">contra <\/span><span class=\"_fadeIn_4f9by_7\">part\u00edculas <\/span><span class=\"_fadeIn_4f9by_7\">s\u00f3lidas <\/span><span class=\"_fadeIn_4f9by_7\">que <\/span><span class=\"_fadeIn_4f9by_7\">no<\/span>est\u00e1 dise\u00f1ado para brindar protecci\u00f3n contra part\u00edculas s\u00f3lidas que no contienen aceites, siendo ideal para aplicaciones industriales exigentes. Su fabricaci\u00f3n avanzada minimiza la obstrucci\u00f3n, prolongando la vida \u00fatil del filtro y mejorando la eficiencia de la respiraci\u00f3n.<\/p>\n<p class=\"\" data-start=\"430\" data-end=\"767\">Este filtro es compatible con las <strong data-start=\"464\" data-end=\"497\">M\u00e1scaras de Gas 3M Serie 5000<\/strong><span class=\"_fadeIn_4f9by_7\"> y <\/span><span class=\"_fadeIn_4f9by_7\">los <\/span><strong data-start=\"504\" data-end=\"531\"><span class=\"_fadeIn_4f9by_7\">Cartuchos <\/span><\/strong><strong data-start=\"504\" data-end=\"531\"><span class=\"_fadeIn_4f9by_7\">3M <\/span><\/strong><strong data-start=\"504\" data-end=\"531\"><span class=\"_fadeIn_4f9by_7\">Serie <\/span><\/strong><strong data-start=\"504\" data-end=\"531\"><span class=\"_fadeIn_4f9by_7\">6000<\/span><\/strong><span class=\"_fadeIn_4f9by_7\"> , <\/span><span class=\"_fadeIn_4f9by_7\">siempre<\/span>y los <strong data-start=\"504\" data-end=\"531\">Cartuchos 3M Serie 6000<\/strong> , siempre utilizando el <strong data-start=\"555\" data-end=\"583\">Ret\u00e9n para Filtro 3M 501<\/strong><span class=\"_fadeIn_4f9by_7\"> para <\/span><span class=\"_fadeIn_4f9by_7\">una <\/span><span class=\"_fadeIn_4f9by_7\">sujeci\u00f3n <\/span><span class=\"_fadeIn_4f9by_7\">segura <\/span><span class=\"_fadeIn_4f9by_7\">. <\/span><span class=\"_fadeIn_4f9by_7\">Aprobado <\/span><span class=\"_fadeIn_4f9by_7\">por <\/span><strong data-start=\"623\" data-end=\"632\"><span class=\"_fadeIn_4f9by_7\">NIOSH<\/span><\/strong><span class=\"_fadeIn_4f9by_7\"> , <\/span><span class=\"_fadeIn_4f9by_7\">el <\/span><span class=\"_fadeIn_4f9by_7\">prefiltro <\/span><span class=\"_fadeIn_4f9by_7\">3M <\/span><span class=\"_fadeIn_4f9by_7\">5N<\/span>para una sujeci\u00f3n segura. Aprobado por <strong data-start=\"623\" data-end=\"632\">NIOSH<\/strong> , el prefiltro 3M 5N11 es una opci\u00f3n confiable para industrias como la pintura con aerosol, la fabricaci\u00f3n qu\u00edmica y la petroqu\u00edmica.<\/p>\n<\/div>\n<\/div>\n<\/div>\n<\/div>\n<\/div>\n<\/div>\n<\/div>\n<\/div>\n<\/div>\n<\/div>\n<\/div>\n<\/div>\n<\/div>\n","protected":false},"featured_media":4278,"comment_status":"closed","ping_status":"closed","template":"","meta":{"_acf_changed":false},"product_brand":[38],"product_cat":[98,62],"product_tag":[225],"class_list":{"0":"post-4204","1":"product","2":"type-product","3":"status-publish","4":"has-post-thumbnail","6":"product_brand-3m","7":"product_cat-filtros","8":"product_cat-proteccion-respiratoria","9":"product_tag-prefiltro","11":"first","12":"instock","13":"shipping-taxable","14":"purchasable","15":"product-type-simple"},"acf":[],"_links":{"self":[{"href":"https:\/\/valesafety.com.pe\/index.php?rest_route=\/wp\/v2\/product\/4204","targetHints":{"allow":["GET"]}}],"collection":[{"href":"https:\/\/valesafety.com.pe\/index.php?rest_route=\/wp\/v2\/product"}],"about":[{"href":"https:\/\/valesafety.com.pe\/index.php?rest_route=\/wp\/v2\/types\/product"}],"replies":[{"embeddable":true,"href":"https:\/\/valesafety.com.pe\/index.php?rest_route=%2Fwp%2Fv2%2Fcomments&post=4204"}],"wp:featuredmedia":[{"embeddable":true,"href":"https:\/\/valesafety.com.pe\/index.php?rest_route=\/wp\/v2\/media\/4278"}],"wp:attachment":[{"href":"https:\/\/valesafety.com.pe\/index.php?rest_route=%2Fwp%2Fv2%2Fmedia&parent=4204"}],"wp:term":[{"taxonomy":"product_brand","embeddable":true,"href":"https:\/\/valesafety.com.pe\/index.php?rest_route=%2Fwp%2Fv2%2Fproduct_brand&post=4204"},{"taxonomy":"product_cat","embeddable":true,"href":"https:\/\/valesafety.com.pe\/index.php?rest_route=%2Fwp%2Fv2%2Fproduct_cat&post=4204"},{"taxonomy":"product_tag","embeddable":true,"href":"https:\/\/valesafety.com.pe\/index.php?rest_route=%2Fwp%2Fv2%2Fproduct_tag&post=4204"}],"curies":[{"name":"wp","href":"https:\/\/api.w.org\/{rel}","templated":true}]}}