{"id":4203,"date":"2026-04-23T22:23:16","date_gmt":"2026-04-23T20:23:16","guid":{"rendered":"http:\/\/localhost\/borrador\/?post_type=product&#038;p=4203"},"modified":"2026-05-07T11:01:34","modified_gmt":"2026-05-07T16:01:34","slug":"visor-v-gard-msa","status":"publish","type":"product","link":"https:\/\/valesafety.com.pe\/?product=visor-v-gard-msa","title":{"rendered":"Visor V-GARD MSA"},"content":{"rendered":"<h2>Visor V-GARD MSA<\/h2>\n<ul>\n<li class=\"\" data-start=\"553\" data-end=\"642\">\n<p class=\"\" data-start=\"555\" data-end=\"642\"><strong data-start=\"555\" data-end=\"585\">Protecci\u00f3n contra impactos<\/strong> : Dise\u00f1ado para resistir golpes y part\u00edculas voladoras.<\/p>\n<\/li>\n<li class=\"\" data-start=\"553\" data-end=\"642\">\n<p class=\"\" data-start=\"555\" data-end=\"642\"><strong data-start=\"645\" data-end=\"685\">Defensa contra salpicaduras qu\u00edmicas<\/strong> : Mayor resistencia a solventes y sustancias peligrosas.<\/p>\n<\/li>\n<li class=\"\" data-start=\"553\" data-end=\"642\">\n<p class=\"\" data-start=\"555\" data-end=\"642\"><strong data-start=\"746\" data-end=\"787\">Moldeado para calidad \u00f3ptica superior<\/strong> : Reduce la distorsi\u00f3n y mejora la visibilidad.<\/p>\n<\/li>\n<li class=\"\" data-start=\"837\" data-end=\"933\">\n<p class=\"\" data-start=\"839\" data-end=\"933\"><strong data-start=\"839\" data-end=\"877\">Compatible con cascos de seguridad<\/strong> : Se adapta a la mayor\u00eda de los modelos de cascos MSA.<\/p>\n<\/li>\n<li class=\"\" data-start=\"934\" data-end=\"1040\">\n<p class=\"\" data-start=\"936\" data-end=\"1040\"><strong data-start=\"936\" data-end=\"976\">Dise\u00f1ado para usar con V-GARD Frames<\/strong> : Ajuste seguro y estable con los soportes de la l\u00ednea V-GARD.<\/p>\n<\/li>\n<\/ul>\n<h4 class=\"\" data-start=\"1042\" data-end=\"1076\"><strong data-start=\"1047\" data-end=\"1074\">Aplicaciones y Mercados<\/strong><\/h4>\n<p class=\"\" data-start=\"1077\" data-end=\"1154\">El <strong data-start=\"1080\" data-end=\"1100\">Visor V-GARD MSA<\/strong><span class=\"_fadeIn_4f9by_7\"> es <\/span><span class=\"_fadeIn_4f9by_7\">ideal <\/span><span class=\"_fadeIn_4f9by_7\">para <\/span><span class=\"_fadeIn_4f9by_7\">diversos <\/span><span class=\"_fadeIn_4f9by_7\">sectores <\/span><span class=\"_fadeIn_4f9by_7\">industriales <\/span><span class=\"_fadeIn_4f9by_7\">, <\/span><span class=\"_fadeIn_4f9by_7\">como <\/span><span class=\"_fadeIn_4f9by_7\">:<\/span>es ideal para diversos sectores industriales, como:<\/p>\n<ul data-start=\"1155\" data-end=\"1529\">\n<li class=\"\" data-start=\"1155\" data-end=\"1222\">\n<p class=\"\" data-start=\"1157\" data-end=\"1222\"><strong data-start=\"1157\" data-end=\"1173\">Construcci\u00f3n<\/strong> : Protecci\u00f3n facial en entornos de alto riesgo.<\/p>\n<\/li>\n<li class=\"\" data-start=\"1223\" data-end=\"1288\">\n<p class=\"\" data-start=\"1225\" data-end=\"1288\"><strong data-start=\"1225\" data-end=\"1246\">Industria general<\/strong> : Seguridad en fabricaci\u00f3n y ensamblaje.<\/p>\n<\/li>\n<li class=\"\" data-start=\"1289\" data-end=\"1354\">\n<p class=\"\" data-start=\"1291\" data-end=\"1354\"><strong data-start=\"1291\" data-end=\"1302\">Miner\u00eda<\/strong> : Defensa contra part\u00edculas y sustancias qu\u00edmicas.<\/p>\n<\/li>\n<li class=\"\" data-start=\"1355\" data-end=\"1440\">\n<p class=\"\" data-start=\"1357\" data-end=\"1440\"><strong data-start=\"1357\" data-end=\"1377\">Sector petrolero<\/strong> : Protecci\u00f3n en ambientes con exposici\u00f3n a qu\u00edmicos y golpes.<\/p>\n<\/li>\n<li class=\"\" data-start=\"1441\" data-end=\"1529\">\n<p class=\"\" data-start=\"1443\" data-end=\"1529\"><strong data-start=\"1443\" data-end=\"1465\">Servicios p\u00fablicos<\/strong> : Seguridad en mantenimiento y operaciones de infraestructura.<\/p>\n<\/li>\n<\/ul>\n<p>Necesitas m\u00e1s productos encu\u00e9ntralos en nuestra <a href=\"https:\/\/valesafety.com.pe\/tienda\">tienda\u00a0<\/a><\/p>\n<p>Para m\u00e1s informaci\u00f3n sobre este y otros productos, no dudes en contactarnos por\u00a0<a href=\"http:\/\/wa.me\/51923151009\" target=\"_blank\" rel=\"noopener\">WhatsApp<\/a>.<\/p>\n","protected":false},"excerpt":{"rendered":"<p>El <strong data-start=\"129\" data-end=\"149\">Visor V-GARD MSA<\/strong><span class=\"_fadeIn_4f9by_7\"> est\u00e1 <\/span><span class=\"_fadeIn_4f9by_7\">dise\u00f1ado <\/span><span class=\"_fadeIn_4f9by_7\">para <\/span><span class=\"_fadeIn_4f9by_7\">ofrecer <\/span><strong data-start=\"177\" data-end=\"241\"><span class=\"_fadeIn_4f9by_7\">protecci\u00f3n <\/span><\/strong><strong data-start=\"177\" data-end=\"241\"><span class=\"_fadeIn_4f9by_7\">confiable <\/span><\/strong><strong data-start=\"177\" data-end=\"241\"><span class=\"_fadeIn_4f9by_7\">contra<\/span><\/strong>Est\u00e1 dise\u00f1ado para ofrecer <strong data-start=\"177\" data-end=\"241\">protecci\u00f3n confiable contra impactos y salpicaduras qu\u00edmicas<\/strong> , proporcionando mayor seguridad en entornos industriales exigentes. Fabricada con propionato, esta visera brinda una resistencia superior a los impactos y una calidad \u00f3ptica mejorada en comparaci\u00f3n con viseras de acetato, permitiendo una visi\u00f3n clara y sin distorsiones.<\/p>\n","protected":false},"featured_media":4268,"comment_status":"closed","ping_status":"closed","template":"","meta":{"_acf_changed":false},"product_brand":[33],"product_cat":[51,83],"product_tag":[222,223,224],"class_list":{"0":"post-4203","1":"product","2":"type-product","3":"status-publish","4":"has-post-thumbnail","6":"product_brand-msa","7":"product_cat-facial-de-seguridad","8":"product_cat-visores","9":"product_tag-facial","10":"product_tag-facial-de-seguridad","11":"product_tag-visor","13":"first","14":"instock","15":"shipping-taxable","16":"purchasable","17":"product-type-simple"},"acf":[],"_links":{"self":[{"href":"https:\/\/valesafety.com.pe\/index.php?rest_route=\/wp\/v2\/product\/4203","targetHints":{"allow":["GET"]}}],"collection":[{"href":"https:\/\/valesafety.com.pe\/index.php?rest_route=\/wp\/v2\/product"}],"about":[{"href":"https:\/\/valesafety.com.pe\/index.php?rest_route=\/wp\/v2\/types\/product"}],"replies":[{"embeddable":true,"href":"https:\/\/valesafety.com.pe\/index.php?rest_route=%2Fwp%2Fv2%2Fcomments&post=4203"}],"wp:featuredmedia":[{"embeddable":true,"href":"https:\/\/valesafety.com.pe\/index.php?rest_route=\/wp\/v2\/media\/4268"}],"wp:attachment":[{"href":"https:\/\/valesafety.com.pe\/index.php?rest_route=%2Fwp%2Fv2%2Fmedia&parent=4203"}],"wp:term":[{"taxonomy":"product_brand","embeddable":true,"href":"https:\/\/valesafety.com.pe\/index.php?rest_route=%2Fwp%2Fv2%2Fproduct_brand&post=4203"},{"taxonomy":"product_cat","embeddable":true,"href":"https:\/\/valesafety.com.pe\/index.php?rest_route=%2Fwp%2Fv2%2Fproduct_cat&post=4203"},{"taxonomy":"product_tag","embeddable":true,"href":"https:\/\/valesafety.com.pe\/index.php?rest_route=%2Fwp%2Fv2%2Fproduct_tag&post=4203"}],"curies":[{"name":"wp","href":"https:\/\/api.w.org\/{rel}","templated":true}]}}