{"id":4202,"date":"2026-04-23T22:23:16","date_gmt":"2026-04-23T20:23:16","guid":{"rendered":"http:\/\/localhost\/borrador\/?post_type=product&#038;p=4202"},"modified":"2026-05-06T14:38:52","modified_gmt":"2026-05-06T19:38:52","slug":"cartucho-3m-6007","status":"publish","type":"product","link":"https:\/\/valesafety.com.pe\/?product=cartucho-3m-6007","title":{"rendered":"Cartucho 3M 6007"},"content":{"rendered":"<h1 data-start=\"2890\" data-end=\"2908\">Cartucho 3M 6007<\/h1>\n<ul>\n<li><strong data-start=\"852\" data-end=\"888\">Protecci\u00f3n certificada por NIOSH<\/strong> : Filtra vapores de mercurio, cloro, di\u00f3xido de azufre, vapores org\u00e1nicos y azufre de hidr\u00f3geno.<\/li>\n<li data-start=\"990\" data-end=\"1085\"><strong data-start=\"990\" data-end=\"1028\">Compatibilidad con respiradores 3M<\/strong> : Se puede usar con las series <strong data-start=\"1059\" data-end=\"1082\">6000, 7000 y FF-400<\/strong> .<\/li>\n<li data-start=\"1088\" data-end=\"1184\"><strong data-start=\"1088\" data-end=\"1121\">Dise\u00f1o ergon\u00f3mico trapezoidal.<\/strong><strong data-start=\"1088\" data-end=\"1121\"><span class=\"_fadeIn_4f9by_7\">ergon\u00f3mico<\/span><\/strong>: Distribuye el peso de manera uniforme para mayor comodidad.<\/li>\n<li data-start=\"1187\" data-end=\"1278\"><strong data-start=\"1187\" data-end=\"1236\">Suspensi\u00f3n de nailon con almohadilla acolchada<\/strong> : absorbe la humedad y mejora el ajuste.<\/li>\n<li data-start=\"1281\" data-end=\"1383\"><strong data-start=\"1281\" data-end=\"1313\">Material de alta resistencia<\/strong> : Fabricado con polietileno de alta densidad para mayor durabilidad.<\/li>\n<li data-start=\"1386\" data-end=\"1475\"><strong data-start=\"1386\" data-end=\"1424\">Carb\u00f3n activado de alta eficiencia<\/strong> : Asegura una filtraci\u00f3n \u00f3ptima de contaminantes.<\/li>\n<\/ul>\n<h4 class=\"\" data-start=\"1477\" data-end=\"1505\"><strong data-start=\"1482\" data-end=\"1503\">Industrias de Uso<\/strong><\/h4>\n<p class=\"\" data-start=\"1506\" data-end=\"1635\">El cartucho 3M 6007 es ideal para aplicaciones industriales que requieren <strong data-start=\"1580\" data-end=\"1620\">protecci\u00f3n contra vapores peligrosos<\/strong> , tales como:<\/p>\n<ul data-start=\"1636\" data-end=\"2094\">\n<li class=\"\" data-start=\"1636\" data-end=\"1715\">\n<p class=\"\" data-start=\"1638\" data-end=\"1715\"><strong data-start=\"1638\" data-end=\"1659\">Industria qu\u00edmica<\/strong> : Protecci\u00f3n en la manipulaci\u00f3n de sustancias t\u00f3xicas.<\/p>\n<\/li>\n<li class=\"\" data-start=\"1716\" data-end=\"1812\">\n<p class=\"\" data-start=\"1718\" data-end=\"1812\"><strong data-start=\"1718\" data-end=\"1746\">Pintura y recubrimientos<\/strong> : Seguridad ante la exposici\u00f3n a solventes y vapores de pintura.<\/p>\n<\/li>\n<li class=\"\" data-start=\"1813\" data-end=\"1884\">\n<p class=\"\" data-start=\"1815\" data-end=\"1884\"><strong data-start=\"1815\" data-end=\"1826\">Miner\u00eda<\/strong> : Filtraci\u00f3n de gases peligrosos en operaciones mineras.<\/p>\n<\/li>\n<li class=\"\" data-start=\"1885\" data-end=\"1983\">\n<p class=\"\" data-start=\"1887\" data-end=\"1983\"><strong data-start=\"1887\" data-end=\"1910\">Sector petroqu\u00edmico<\/strong> : Protecci\u00f3n en procesos de refinaci\u00f3n y manipulaci\u00f3n de hidrocarburos.<\/p>\n<\/li>\n<li class=\"\" data-start=\"1984\" data-end=\"2094\">\n<p class=\"\" data-start=\"1986\" data-end=\"2094\"><strong data-start=\"1986\" data-end=\"2014\">Manipulaci\u00f3n de mercurio<\/strong> : Aplicaciones especializadas que requieren filtraci\u00f3n de vapores de mercurio.<\/p>\n<\/li>\n<\/ul>\n<h4 class=\"\" data-start=\"2096\" data-end=\"2132\"><strong data-start=\"2101\" data-end=\"2130\">Cuidados y almacenamiento<\/strong><\/h4>\n<p class=\"\" data-start=\"2133\" data-end=\"2556\">Para garantizar su eficacia, el cartucho 3M 6007 debe almacenarse en un <strong data-start=\"2208\" data-end=\"2234\">ambiente limpio y seco<\/strong> , lejos de contaminantes y temperaturas extremas. Su tiempo m\u00e1ximo de almacenamiento es de <strong data-start=\"2322\" data-end=\"2362\">5 a\u00f1os desde la fecha de fabricaci\u00f3n<\/strong> . Se recomienda reemplazar el cartucho seg\u00fan un <strong data-start=\"2410\" data-end=\"2474\">programa de uso basado en la detecci\u00f3n de olores o deterioro<\/strong> , o bien, <strong data-start=\"2484\" data-end=\"2553\">despu\u00e9s de 50 horas de uso acumulativo contra vapores de mercurio<\/strong> .<\/p>\n<h4 class=\"\" data-start=\"2558\" data-end=\"2594\"><strong data-start=\"2563\" data-end=\"2592\">Normativa y Certificaci\u00f3n<\/strong><\/h4>\n<p class=\"\" data-start=\"2595\" data-end=\"2856\">Este cartucho est\u00e1 <strong data-start=\"2614\" data-end=\"2717\">aprobado por el Instituto Nacional de Seguridad y Salud Ocupacional (NIOSH) de los Estados Unidos<\/strong> , bajo la normativa <strong data-start=\"2737\" data-end=\"2748\">42CFR84<\/strong> . La certificaci\u00f3n se aplica al sistema completo de pieza facial y medios filtrantes del mismo fabricante.<\/p>\n<p>Necesitas m\u00e1s productos encu\u00e9ntralos en nuestra <a href=\"https:\/\/valesafety.com.pe\/tienda\">tienda\u00a0<\/a><\/p>\n<p>Para m\u00e1s informaci\u00f3n sobre este y otros productos, no dudes en contactarnos por\u00a0<a href=\"http:\/\/wa.me\/51923151009\" target=\"_blank\" rel=\"noopener\">WhatsApp<\/a>.<\/p>\n","protected":false},"excerpt":{"rendered":"<p class=\"\" data-start=\"112\" data-end=\"528\">El <strong data-start=\"115\" data-end=\"135\">cartucho 3M 6007<\/strong> est\u00e1 dise\u00f1ado para brindar una <strong data-start=\"167\" data-end=\"230\">protecci\u00f3n eficaz contra una variedad de vapores peligrosos<\/strong> , incluidos <strong data-start=\"243\" data-end=\"342\">vapores de mercurio, cloro, di\u00f3xido de azufre, ciertos vapores org\u00e1nicos y azufre de hidr\u00f3geno<\/strong> . Compatible con los <strong data-start=\"363\" data-end=\"427\">respiradores elast\u00f3meros de las series 6000, 7000 y FF-400<\/strong> , este cartucho es ideal para entornos industriales donde la seguridad respiratoria es prioritaria.<\/p>\n<p class=\"\" data-start=\"530\" data-end=\"810\">Gracias a su <strong data-start=\"543\" data-end=\"565\">dise\u00f1o trapezoidal<\/strong> , optimiza la distribuci\u00f3n del peso en la pieza facial, proporcionando un ajuste m\u00e1s c\u00f3modo y ergon\u00f3mico. Su estructura interna incorpora <strong data-start=\"703\" data-end=\"722\">carb\u00f3n activado<\/strong> , permitiendo una distribuci\u00f3n uniforme del aire y una filtraci\u00f3n altamente eficiente.<\/p>\n","protected":false},"featured_media":4267,"comment_status":"closed","ping_status":"closed","template":"","meta":{"_acf_changed":false},"product_brand":[38],"product_cat":[98,62],"product_tag":[],"class_list":{"0":"post-4202","1":"product","2":"type-product","3":"status-publish","4":"has-post-thumbnail","6":"product_brand-3m","7":"product_cat-filtros","8":"product_cat-proteccion-respiratoria","10":"first","11":"instock","12":"shipping-taxable","13":"purchasable","14":"product-type-simple"},"acf":[],"_links":{"self":[{"href":"https:\/\/valesafety.com.pe\/index.php?rest_route=\/wp\/v2\/product\/4202","targetHints":{"allow":["GET"]}}],"collection":[{"href":"https:\/\/valesafety.com.pe\/index.php?rest_route=\/wp\/v2\/product"}],"about":[{"href":"https:\/\/valesafety.com.pe\/index.php?rest_route=\/wp\/v2\/types\/product"}],"replies":[{"embeddable":true,"href":"https:\/\/valesafety.com.pe\/index.php?rest_route=%2Fwp%2Fv2%2Fcomments&post=4202"}],"wp:featuredmedia":[{"embeddable":true,"href":"https:\/\/valesafety.com.pe\/index.php?rest_route=\/wp\/v2\/media\/4267"}],"wp:attachment":[{"href":"https:\/\/valesafety.com.pe\/index.php?rest_route=%2Fwp%2Fv2%2Fmedia&parent=4202"}],"wp:term":[{"taxonomy":"product_brand","embeddable":true,"href":"https:\/\/valesafety.com.pe\/index.php?rest_route=%2Fwp%2Fv2%2Fproduct_brand&post=4202"},{"taxonomy":"product_cat","embeddable":true,"href":"https:\/\/valesafety.com.pe\/index.php?rest_route=%2Fwp%2Fv2%2Fproduct_cat&post=4202"},{"taxonomy":"product_tag","embeddable":true,"href":"https:\/\/valesafety.com.pe\/index.php?rest_route=%2Fwp%2Fv2%2Fproduct_tag&post=4202"}],"curies":[{"name":"wp","href":"https:\/\/api.w.org\/{rel}","templated":true}]}}