{"id":4200,"date":"2026-04-23T22:23:16","date_gmt":"2026-04-23T20:23:16","guid":{"rendered":"http:\/\/localhost\/borrador\/?post_type=product&#038;p=4200"},"modified":"2026-05-06T14:41:50","modified_gmt":"2026-05-06T19:41:50","slug":"cartucho-6005-3m","status":"publish","type":"product","link":"https:\/\/valesafety.com.pe\/?product=cartucho-6005-3m","title":{"rendered":"Cartucho 6005 3M"},"content":{"rendered":"<h2>Cartucho 6005<\/h2>\n<ul data-start=\"750\" data-end=\"1450\">\n<li class=\"\" data-start=\"750\" data-end=\"841\">\n<p class=\"\" data-start=\"752\" data-end=\"841\"><strong data-start=\"752\" data-end=\"774\">Aprobado por NIOSH<\/strong> : Protecci\u00f3n certificada contra formaldeh\u00eddo y vapores org\u00e1nicos.<\/p>\n<\/li>\n<li class=\"\" data-start=\"842\" data-end=\"945\">\n<p class=\"\" data-start=\"844\" data-end=\"945\"><strong data-start=\"844\" data-end=\"882\">Compatibilidad con respiradores 3M<\/strong> : Se puede usar con las series <strong data-start=\"913\" data-end=\"936\">6000, 7000 y FF-400<\/strong> de 3M.<\/p>\n<\/li>\n<li class=\"\" data-start=\"946\" data-end=\"1018\">\n<p class=\"\" data-start=\"948\" data-end=\"1018\"><strong data-start=\"948\" data-end=\"973\">Dise\u00f1o de bajo perfil<\/strong> : Mejora la comodidad y el campo de visi\u00f3n.<\/p>\n<\/li>\n<li class=\"\" data-start=\"1019\" data-end=\"1116\">\n<p class=\"\" data-start=\"1021\" data-end=\"1116\"><strong data-start=\"1021\" data-end=\"1060\">Resistencia m\u00ednima a la respiraci\u00f3n<\/strong> : Facilita jornadas de trabajo prolongadas sin fatiga.<\/p>\n<\/li>\n<li class=\"\" data-start=\"1117\" data-end=\"1210\">\n<p class=\"\" data-start=\"1119\" data-end=\"1210\"><strong data-start=\"1119\" data-end=\"1156\">Sistema de conexi\u00f3n tipo bayoneta<\/strong> : Instalaci\u00f3n r\u00e1pida con ajuste de cuarto de vuelta.<\/p>\n<\/li>\n<li class=\"\" data-start=\"1211\" data-end=\"1293\">\n<p class=\"\" data-start=\"1213\" data-end=\"1293\"><strong data-start=\"1213\" data-end=\"1249\">Construcci\u00f3n ligera y resistente.<\/strong><span class=\"_fadeIn_4f9by_7\">requisitos <\/span>: Mayor durabilidad en entornos exigentes.<\/p>\n<\/li>\n<li class=\"\" data-start=\"1294\" data-end=\"1450\">\n<p class=\"\" data-start=\"1296\" data-end=\"1450\"><strong data-start=\"1296\" data-end=\"1334\">Cumple con normativas de seguridad<\/strong> : OSHA requiere el uso de lentes a prueba de gas con respiradores de media cara cuando se usa contra formaldeh\u00eddo.<\/p>\n<\/li>\n<\/ul>\n<h3 data-start=\"1452\" data-end=\"1488\"><strong data-start=\"1457\" data-end=\"1486\">Aplicaciones recomendadas<\/strong><\/h3>\n<p class=\"\" data-start=\"1489\" data-end=\"1609\">El cartucho 3M es ideal para trabajos en industrias con <strong data-start=\"1545\" data-end=\"1594\">exposici\u00f3n a formaldeh\u00eddo y vapores org\u00e1nicos<\/strong> , tales como:<\/p>\n<ul data-start=\"1610\" data-end=\"2020\">\n<li class=\"\" data-start=\"1610\" data-end=\"1704\">\n<p class=\"\" data-start=\"1612\" data-end=\"1704\"><strong data-start=\"1612\" data-end=\"1628\">Laboratorios<\/strong> : Seguridad en la manipulaci\u00f3n de productos qu\u00edmicos y sustancias t\u00f3xicas.<\/p>\n<\/li>\n<li class=\"\" data-start=\"1705\" data-end=\"1800\">\n<p class=\"\" data-start=\"1707\" data-end=\"1800\"><strong data-start=\"1707\" data-end=\"1734\">Procesamiento de madera<\/strong> : Protecci\u00f3n en la exposici\u00f3n a adhesivos y compuestos qu\u00edmicos.<\/p>\n<\/li>\n<li class=\"\" data-start=\"1801\" data-end=\"1909\">\n<p class=\"\" data-start=\"1803\" data-end=\"1909\"><strong data-start=\"1803\" data-end=\"1831\">Fabricaci\u00f3n de alfombras<\/strong> : Prevenci\u00f3n de inhalaci\u00f3n de vapores qu\u00edmicos en el proceso de fabricaci\u00f3n.<\/p>\n<\/li>\n<li class=\"\" data-start=\"1910\" data-end=\"2020\">\n<p class=\"\" data-start=\"1912\" data-end=\"2020\"><strong data-start=\"1912\" data-end=\"1948\">Fabricaci\u00f3n de metales primarios<\/strong> : Reducci\u00f3n de exposici\u00f3n a contaminantes en la producci\u00f3n de metales.<\/p>\n<\/li>\n<\/ul>\n<p>Necesitas m\u00e1s productos encu\u00e9ntralos en nuestra <a href=\"https:\/\/valesafety.com.pe\/tienda\">tienda\u00a0<\/a><\/p>\n<p>Para m\u00e1s informaci\u00f3n sobre este y otros productos, no dudes en contactarnos por\u00a0<a href=\"http:\/\/wa.me\/51923151009\" target=\"_blank\" rel=\"noopener\">WhatsApp<\/a>.<\/p>\n","protected":false},"excerpt":{"rendered":"<p class=\"\" data-start=\"129\" data-end=\"434\">El cartucho 6005 3M est\u00e1 dise\u00f1ado para brindar <strong data-start=\"171\" data-end=\"256\">protecci\u00f3n respiratoria confiable contra formaldeh\u00eddo y ciertos vapores org\u00e1nicos.<\/strong><span class=\"_fadeIn_4f9by_7\"> en <\/span><span class=\"_fadeIn_4f9by_7\">entornos <\/span><span class=\"_fadeIn_4f9by_7\">de <\/span><span class=\"_fadeIn_4f9by_7\">trabajo<\/span>en entornos de trabajo industriales. <strong data-start=\"294\" data-end=\"316\">Aprobado por NIOSH<\/strong> , este cartucho ofrece una <strong data-start=\"343\" data-end=\"380\">baja resistencia a la respiraci\u00f3n<\/strong> , asegurando comodidad sin comprometer la seguridad.<\/p>\n<p class=\"\" data-start=\"436\" data-end=\"710\">Su <strong data-start=\"439\" data-end=\"476\">dise\u00f1o de bajo perfil e inclinado.<\/strong><span class=\"_fadeIn_4f9by_7\"> mejora <\/span><span class=\"_fadeIn_4f9by_7\">el campo mejora<\/span>\u00a0el campo de visi\u00f3n y el equilibrio, permitiendo una mayor eficiencia en el desempe\u00f1o laboral. Adem\u00e1s, cuenta con un <strong data-start=\"600\" data-end=\"637\">sistema de conexi\u00f3n tipo bayoneta<\/strong> para una instalaci\u00f3n r\u00e1pida y segura en respiradores reutilizables 3M.<\/p>\n","protected":false},"featured_media":4265,"comment_status":"closed","ping_status":"closed","template":"","meta":{"_acf_changed":false},"product_brand":[38],"product_cat":[98,62],"product_tag":[],"class_list":{"0":"post-4200","1":"product","2":"type-product","3":"status-publish","4":"has-post-thumbnail","6":"product_brand-3m","7":"product_cat-filtros","8":"product_cat-proteccion-respiratoria","10":"first","11":"instock","12":"shipping-taxable","13":"purchasable","14":"product-type-simple"},"acf":[],"_links":{"self":[{"href":"https:\/\/valesafety.com.pe\/index.php?rest_route=\/wp\/v2\/product\/4200","targetHints":{"allow":["GET"]}}],"collection":[{"href":"https:\/\/valesafety.com.pe\/index.php?rest_route=\/wp\/v2\/product"}],"about":[{"href":"https:\/\/valesafety.com.pe\/index.php?rest_route=\/wp\/v2\/types\/product"}],"replies":[{"embeddable":true,"href":"https:\/\/valesafety.com.pe\/index.php?rest_route=%2Fwp%2Fv2%2Fcomments&post=4200"}],"wp:featuredmedia":[{"embeddable":true,"href":"https:\/\/valesafety.com.pe\/index.php?rest_route=\/wp\/v2\/media\/4265"}],"wp:attachment":[{"href":"https:\/\/valesafety.com.pe\/index.php?rest_route=%2Fwp%2Fv2%2Fmedia&parent=4200"}],"wp:term":[{"taxonomy":"product_brand","embeddable":true,"href":"https:\/\/valesafety.com.pe\/index.php?rest_route=%2Fwp%2Fv2%2Fproduct_brand&post=4200"},{"taxonomy":"product_cat","embeddable":true,"href":"https:\/\/valesafety.com.pe\/index.php?rest_route=%2Fwp%2Fv2%2Fproduct_cat&post=4200"},{"taxonomy":"product_tag","embeddable":true,"href":"https:\/\/valesafety.com.pe\/index.php?rest_route=%2Fwp%2Fv2%2Fproduct_tag&post=4200"}],"curies":[{"name":"wp","href":"https:\/\/api.w.org\/{rel}","templated":true}]}}