{"id":4199,"date":"2026-04-23T22:23:16","date_gmt":"2026-04-23T20:23:16","guid":{"rendered":"http:\/\/localhost\/borrador\/?post_type=product&#038;p=4199"},"modified":"2026-05-06T14:37:14","modified_gmt":"2026-05-06T19:37:14","slug":"cartucho-3m-6004","status":"publish","type":"product","link":"https:\/\/valesafety.com.pe\/?product=cartucho-3m-6004","title":{"rendered":"Cartucho 3M 6004"},"content":{"rendered":"<h2 data-start=\"2179\" data-end=\"2197\">Cartucho 3M 6004<\/h2>\n<ul>\n<li class=\"\" data-start=\"735\" data-end=\"811\">\n<p class=\"\" data-start=\"737\" data-end=\"811\">Protecci\u00f3n certificada por NIOSH: Aprobado contra amon\u00edaco y metilamina.<\/p>\n<\/li>\n<li class=\"\" data-start=\"812\" data-end=\"970\">\n<p class=\"\" data-start=\"814\" data-end=\"970\">Compatibilidad con respiradores 3M: Se puede usar con respiradores reutilizables de media m\u00e1scara y rostro completo de las series <strong data-start=\"944\" data-end=\"967\">6000, 7000 y FF-400<\/strong> .<\/p>\n<\/li>\n<li class=\"\" data-start=\"971\" data-end=\"1076\">\n<p class=\"\" data-start=\"973\" data-end=\"1076\">Dise\u00f1o ergon\u00f3mico de bajo perfil: Mayor comodidad y mejor campo de visi\u00f3n para trabajos de precisi\u00f3n.<\/p>\n<\/li>\n<li class=\"\" data-start=\"1077\" data-end=\"1160\">\n<p class=\"\" data-start=\"1079\" data-end=\"1160\">Resistencia m\u00ednima a la respiraci\u00f3n: Permite largas jornadas de uso sin fatiga.<\/p>\n<\/li>\n<li class=\"\" data-start=\"1161\" data-end=\"1259\">\n<p class=\"\" data-start=\"1163\" data-end=\"1259\">Sistema de conexi\u00f3n tipo bayoneta: Instalaci\u00f3n r\u00e1pida y segura con ajuste de cuarto de vuelta.<\/p>\n<\/li>\n<li class=\"\" data-start=\"1260\" data-end=\"1362\">\n<p class=\"\" data-start=\"1262\" data-end=\"1362\">Construcci\u00f3n robusta: Materiales de alta calidad para una mayor durabilidad en entornos exigentes.<\/p>\n<\/li>\n<li class=\"\" data-start=\"1363\" data-end=\"1495\">\n<p class=\"\" data-start=\"1365\" data-end=\"1495\">Compatible con otros equipos de protecci\u00f3n personal (EPP): Se puede usar con cascos, gafas de seguridad y protectores auditivos.<\/p>\n<\/li>\n<\/ul>\n<h3>Aplicaciones recomendadas<\/h3>\n<p class=\"\" data-start=\"1365\" data-end=\"1495\">El cartucho 3M 6004 es ideal para industrias donde hay exposici\u00f3n a <strong data-start=\"1602\" data-end=\"1627\">amon\u00edaco y metilamina<\/strong> , como:<\/p>\n<ul data-start=\"1637\" data-end=\"2145\">\n<li class=\"\" data-start=\"1637\" data-end=\"1735\">\n<p class=\"\" data-start=\"1639\" data-end=\"1735\"><strong data-start=\"1639\" data-end=\"1676\">Procesos qu\u00edmicos y petroqu\u00edmicos<\/strong> : Protecci\u00f3n en la manipulaci\u00f3n de sustancias peligrosas.<\/p>\n<\/li>\n<li class=\"\" data-start=\"1736\" data-end=\"1835\">\n<p class=\"\" data-start=\"1738\" data-end=\"1835\"><strong data-start=\"1738\" data-end=\"1770\">Laboratorios y farmac\u00e9uticas<\/strong> : Seguridad en la manipulaci\u00f3n de productos qu\u00edmicos vol\u00e1tiles.<\/p>\n<\/li>\n<li class=\"\" data-start=\"1836\" data-end=\"1949\">\n<p class=\"\" data-start=\"1838\" data-end=\"1949\"><strong data-start=\"1838\" data-end=\"1882\">Agroindustria y aplicaci\u00f3n de pesticidas<\/strong> : Protecci\u00f3n frente a vapores nocivos en invernaderos y cultivos.<\/p>\n<\/li>\n<li class=\"\" data-start=\"1950\" data-end=\"2045\">\n<p class=\"\" data-start=\"1952\" data-end=\"2045\"><strong data-start=\"1952\" data-end=\"1987\">Tratamiento de aguas residuales<\/strong> : Filtraci\u00f3n de gases nocivos en plantas de tratamiento.<\/p>\n<\/li>\n<li class=\"\" data-start=\"2046\" data-end=\"2145\">\n<p class=\"\" data-start=\"2048\" data-end=\"2145\"><strong data-start=\"2048\" data-end=\"2101\">Manipulaci\u00f3n y eliminaci\u00f3n de residuos peligrosos<\/strong> : Seguridad en tareas de descontaminaci\u00f3n.<\/p>\n<\/li>\n<\/ul>\n<p>Necesitas m\u00e1s productos encu\u00e9ntralos en nuestra <a href=\"https:\/\/valesafety.com.pe\/tienda\">tienda\u00a0<\/a><\/p>\n<p>Para m\u00e1s informaci\u00f3n sobre este y otros productos, no dudes en contactarnos por\u00a0<a href=\"http:\/\/wa.me\/51923151009\" target=\"_blank\" rel=\"noopener\">WhatsApp<\/a>.<\/p>\n","protected":false},"excerpt":{"rendered":"<p class=\"\" data-start=\"147\" data-end=\"449\">El cartucho 3M 6004 est\u00e1 dise\u00f1ado para brindar una protecci\u00f3n respiratoria eficaz contra <strong data-start=\"236\" data-end=\"261\">amon\u00edaco y metilamina<\/strong> en entornos industriales de alto riesgo. <strong data-start=\"303\" data-end=\"325\">Aprobado por NIOSH<\/strong> , este cartucho ofrece una resistencia m\u00ednima a la respiraci\u00f3n, garantizando mayor comodidad sin comprometer la seguridad.<\/p>\n<p class=\"\" data-start=\"451\" data-end=\"695\">Su <strong data-start=\"454\" data-end=\"479\">dise\u00f1o de bajo perfil<\/strong> mejora el campo de visi\u00f3n y el equilibrio, permitiendo su uso con otros equipos de seguridad. Adem\u00e1s, su sistema de conexi\u00f3n tipo bayoneta facilita una instalaci\u00f3n r\u00e1pida y segura en respiradores reutilizables 3M.<\/p>\n","protected":false},"featured_media":4264,"comment_status":"closed","ping_status":"closed","template":"","meta":{"_acf_changed":false},"product_brand":[38],"product_cat":[98,62],"product_tag":[],"class_list":{"0":"post-4199","1":"product","2":"type-product","3":"status-publish","4":"has-post-thumbnail","6":"product_brand-3m","7":"product_cat-filtros","8":"product_cat-proteccion-respiratoria","10":"first","11":"instock","12":"shipping-taxable","13":"purchasable","14":"product-type-simple"},"acf":[],"_links":{"self":[{"href":"https:\/\/valesafety.com.pe\/index.php?rest_route=\/wp\/v2\/product\/4199","targetHints":{"allow":["GET"]}}],"collection":[{"href":"https:\/\/valesafety.com.pe\/index.php?rest_route=\/wp\/v2\/product"}],"about":[{"href":"https:\/\/valesafety.com.pe\/index.php?rest_route=\/wp\/v2\/types\/product"}],"replies":[{"embeddable":true,"href":"https:\/\/valesafety.com.pe\/index.php?rest_route=%2Fwp%2Fv2%2Fcomments&post=4199"}],"wp:featuredmedia":[{"embeddable":true,"href":"https:\/\/valesafety.com.pe\/index.php?rest_route=\/wp\/v2\/media\/4264"}],"wp:attachment":[{"href":"https:\/\/valesafety.com.pe\/index.php?rest_route=%2Fwp%2Fv2%2Fmedia&parent=4199"}],"wp:term":[{"taxonomy":"product_brand","embeddable":true,"href":"https:\/\/valesafety.com.pe\/index.php?rest_route=%2Fwp%2Fv2%2Fproduct_brand&post=4199"},{"taxonomy":"product_cat","embeddable":true,"href":"https:\/\/valesafety.com.pe\/index.php?rest_route=%2Fwp%2Fv2%2Fproduct_cat&post=4199"},{"taxonomy":"product_tag","embeddable":true,"href":"https:\/\/valesafety.com.pe\/index.php?rest_route=%2Fwp%2Fv2%2Fproduct_tag&post=4199"}],"curies":[{"name":"wp","href":"https:\/\/api.w.org\/{rel}","templated":true}]}}