{"id":4189,"date":"2026-04-23T22:22:47","date_gmt":"2026-04-23T20:22:47","guid":{"rendered":"http:\/\/localhost\/borrador\/?post_type=product&#038;p=4189"},"modified":"2026-05-06T14:48:40","modified_gmt":"2026-05-06T19:48:40","slug":"cartucho-3m-60923","status":"publish","type":"product","link":"https:\/\/valesafety.com.pe\/?product=cartucho-3m-60923","title":{"rendered":"Cartucho 3M 60923"},"content":{"rendered":"<h2 data-start=\"1861\" data-end=\"1884\"><strong data-start=\"1861\" data-end=\"1882\">Cartucho 3M 60923<\/strong><\/h2>\n<p class=\"\" data-start=\"721\" data-end=\"1226\">\u2714 <strong data-start=\"723\" data-end=\"751\">Protecci\u00f3n especializada<\/strong><span class=\"_fadeIn_4f9by_7\"> contra <\/span><span class=\"_fadeIn_4f9by_7\">amon\u00edaco <\/span><span class=\"_fadeIn_4f9by_7\">, <\/span><span class=\"_fadeIn_4f9by_7\">metilamina <\/span><span class=\"_fadeIn_4f9by_7\">, <\/span><span class=\"_fadeIn_4f9by_7\">vapores <\/span><span class=\"_fadeIn_4f9by_7\">org\u00e1nicos <\/span><span class=\"_fadeIn_4f9by_7\">, <\/span><span class=\"_fadeIn_4f9by_7\">gases <\/span><span class=\"_fadeIn_4f9by_7\">\u00e1cidos<\/span>contra amon\u00edaco, metilamina, vapores org\u00e1nicos, gases \u00e1cidos y part\u00edculas. <br data-start=\"826\" data-end=\"829\" \/>\u2714 <strong data-start=\"831\" data-end=\"864\">Dise\u00f1o de barrido hacia atr\u00e1s<\/strong> , optimizando el campo de visi\u00f3n y el equilibrio durante su uso. <br data-start=\"928\" data-end=\"931\" \/>\u2714 <strong data-start=\"933\" data-end=\"985\">Compatibilidad con respiradores reutilizables 3M<\/strong> de las series <strong data-start=\"1000\" data-end=\"1023\">6000, 7000 y FF-400<\/strong> con soportes para filtro de bayoneta. <br data-start=\"1061\" data-end=\"1064\" \/>\u2714 <strong data-start=\"1066\" data-end=\"1088\">Aprobado por NIOSH<\/strong> , asegurando el cumplimiento de est\u00e1ndares de seguridad. <br data-start=\"1144\" data-end=\"1147\" \/>\u2714 <strong data-start=\"1149\" data-end=\"1174\">Presentaci\u00f3n en pares<\/strong> , garantizando una protecci\u00f3n completa y uniforme.<\/p>\n<h3 data-start=\"1228\" data-end=\"1267\"><strong data-start=\"1233\" data-end=\"1265\">Aplicaciones recomendadas<\/strong><\/h3>\n<p class=\"\" data-start=\"1268\" data-end=\"1824\">El <strong data-start=\"1271\" data-end=\"1292\">cartucho 3M 60923<\/strong><span class=\"_fadeIn_4f9by_7\"> es <\/span><span class=\"_fadeIn_4f9by_7\">ideal <\/span><span class=\"_fadeIn_4f9by_7\">para <\/span><span class=\"_fadeIn_4f9by_7\">trabajos <\/span><span class=\"_fadeIn_4f9by_7\">en <\/span><span class=\"_fadeIn_4f9by_7\">entornos <\/span><span class=\"_fadeIn_4f9by_7\">industriales <\/span><span class=\"_fadeIn_4f9by_7\">donde <\/span><span class=\"_fadeIn_4f9by_7\">se <\/span><span class=\"_fadeIn_4f9by_7\">requiere <\/span><span class=\"_fadeIn_4f9by_7\">protecci\u00f3n <\/span><span class=\"_fadeIn_4f9by_7\">contra:<\/span><\/p>\n<ul>\n<li data-start=\"1268\" data-end=\"1824\"><strong data-start=\"1440\" data-end=\"1461\"><span class=\"_fadeIn_4f9by_7\">Industria qu\u00edmicas<\/span><\/strong>\u00a0ideal para trabajos en entornos industriales donde se requiere protecci\u00f3n contra gases y vapores peligrosos. Algunas aplicaciones incluyen: <br data-start=\"1435\" data-end=\"1438\" \/><b><\/b><\/li>\n<li data-start=\"1268\" data-end=\"1824\"><span data-start=\"1550\" data-end=\"1580\"><span class=\"_fadeIn_4f9by_7\"><b>Procesamiento<\/b><\/span><\/span>: Protecci\u00f3n contra amon\u00edaco y metilamina en procesos de fabricaci\u00f3n y manipulaci\u00f3n.<\/li>\n<li data-start=\"1268\" data-end=\"1824\"><strong data-start=\"1550\" data-end=\"1580\">Procesamiento de pl\u00e1sticos<\/strong> : Prevenci\u00f3n de la exposici\u00f3n a vapores t\u00f3xicos.<\/li>\n<li data-start=\"1268\" data-end=\"1824\"><strong data-start=\"1633\" data-end=\"1677\">Laboratorios y entornos de investigaci\u00f3n<\/strong> : Seguridad en el manejo de sustancias qu\u00edmicas.<\/li>\n<li data-start=\"1268\" data-end=\"1824\"><strong data-start=\"1730\" data-end=\"1757\">Procesos de fabricaci\u00f3n<\/strong> : Reducci\u00f3n de riesgos en operaciones con vapores y gases \u00e1cidos.<\/li>\n<\/ul>\n<p>Necesitas m\u00e1s productos encu\u00e9ntralos en nuestra <a href=\"https:\/\/valesafety.com.pe\/tienda\">tienda\u00a0<\/a><\/p>\n<p>Para m\u00e1s informaci\u00f3n sobre este y otros productos, no dudes en contactarnos por\u00a0<a href=\"http:\/\/wa.me\/51923151009\" target=\"_blank\" rel=\"noopener\">WhatsApp<\/a>.<\/p>\n","protected":false},"excerpt":{"rendered":"<p class=\"\" data-start=\"119\" data-end=\"504\">El <strong data-start=\"122\" data-end=\"143\">cartucho 3M 60923<\/strong><span class=\"_fadeIn_4f9by_7\"> es <\/span><span class=\"_fadeIn_4f9by_7\">un <\/span><span class=\"_fadeIn_4f9by_7\">cartucho <\/span><span class=\"_fadeIn_4f9by_7\">combinado <\/span><span class=\"_fadeIn_4f9by_7\">dise\u00f1ado <\/span><span class=\"_fadeIn_4f9by_7\">espec\u00edficamente <\/span><span class=\"_fadeIn_4f9by_7\">para<\/span>\u00a0un cartucho combinado dise\u00f1ado espec\u00edficamente para brindar <strong data-start=\"207\" data-end=\"250\">protecci\u00f3n contra amon\u00edaco y metilamina<\/strong> , adem\u00e1s de ciertos <strong data-start=\"270\" data-end=\"318\">vapores org\u00e1nicos, gases \u00e1cidos y part\u00edculas<\/strong> . Su dise\u00f1o innovador, con flujo de aire optimizado, mejora tanto el <strong data-start=\"387\" data-end=\"406\">campo de visi\u00f3n<\/strong> como el <strong data-start=\"415\" data-end=\"441\">equilibrio del usuario<\/strong> , proporcionando comodidad y seguridad en entornos exigentes.<\/p>\n<p class=\"\" data-start=\"506\" data-end=\"679\">Este cartucho es <strong data-start=\"523\" data-end=\"575\">compatible con los respiradores reutilizables 3M.<\/strong><span class=\"_fadeIn_4f9by_7\"> y <\/span><span class=\"_fadeIn_4f9by_7\">est\u00e1 <\/span><span class=\"_fadeIn_4f9by_7\">aprobado <\/span><span class=\"_fadeIn_4f9by_7\">por <\/span><strong data-start=\"596\" data-end=\"605\"><span class=\"_fadeIn_4f9by_7\">NIOSH<\/span><\/strong>y est\u00e1 aprobado por <strong data-start=\"596\" data-end=\"605\">NIOSH<\/strong> , garantizando un alto nivel de protecci\u00f3n en aplicaciones industriales.<\/p>\n","protected":false},"featured_media":4261,"comment_status":"closed","ping_status":"closed","template":"","meta":{"_acf_changed":false},"product_brand":[38],"product_cat":[98,62],"product_tag":[218,219,220],"class_list":{"0":"post-4189","1":"product","2":"type-product","3":"status-publish","4":"has-post-thumbnail","6":"product_brand-3m","7":"product_cat-filtros","8":"product_cat-proteccion-respiratoria","9":"product_tag-filtros-3m","10":"product_tag-filtros-para-particulas","11":"product_tag-particulas","13":"first","14":"instock","15":"shipping-taxable","16":"purchasable","17":"product-type-simple"},"acf":[],"_links":{"self":[{"href":"https:\/\/valesafety.com.pe\/index.php?rest_route=\/wp\/v2\/product\/4189","targetHints":{"allow":["GET"]}}],"collection":[{"href":"https:\/\/valesafety.com.pe\/index.php?rest_route=\/wp\/v2\/product"}],"about":[{"href":"https:\/\/valesafety.com.pe\/index.php?rest_route=\/wp\/v2\/types\/product"}],"replies":[{"embeddable":true,"href":"https:\/\/valesafety.com.pe\/index.php?rest_route=%2Fwp%2Fv2%2Fcomments&post=4189"}],"wp:featuredmedia":[{"embeddable":true,"href":"https:\/\/valesafety.com.pe\/index.php?rest_route=\/wp\/v2\/media\/4261"}],"wp:attachment":[{"href":"https:\/\/valesafety.com.pe\/index.php?rest_route=%2Fwp%2Fv2%2Fmedia&parent=4189"}],"wp:term":[{"taxonomy":"product_brand","embeddable":true,"href":"https:\/\/valesafety.com.pe\/index.php?rest_route=%2Fwp%2Fv2%2Fproduct_brand&post=4189"},{"taxonomy":"product_cat","embeddable":true,"href":"https:\/\/valesafety.com.pe\/index.php?rest_route=%2Fwp%2Fv2%2Fproduct_cat&post=4189"},{"taxonomy":"product_tag","embeddable":true,"href":"https:\/\/valesafety.com.pe\/index.php?rest_route=%2Fwp%2Fv2%2Fproduct_tag&post=4189"}],"curies":[{"name":"wp","href":"https:\/\/api.w.org\/{rel}","templated":true}]}}